{"id":2786,"date":"2025-10-06T07:30:01","date_gmt":"2025-10-06T04:30:01","guid":{"rendered":"https:\/\/rustempasakervansaray.com.tr\/?page_id=2786"},"modified":"2026-04-08T19:25:28","modified_gmt":"2026-04-08T16:25:28","slug":"han","status":"publish","type":"page","link":"https:\/\/rustempasakervansaray.com.tr\/en\/han\/","title":{"rendered":"Han"},"content":{"rendered":"<div data-elementor-type=\"wp-page\" data-elementor-id=\"2786\" class=\"elementor elementor-2786\" data-elementor-post-type=\"page\">\n\t\t\t\t<div class=\"elementor-element elementor-element-442e3df e-flex e-con-boxed e-con e-parent\" data-id=\"442e3df\" data-element_type=\"container\" data-settings=\"{&quot;background_background&quot;:&quot;classic&quot;}\">\n\t\t\t\t\t<div class=\"e-con-inner\">\n\t\t\t\t\t<\/div>\n\t\t\t\t<\/div>\n\t\t<div class=\"elementor-element elementor-element-92bd3f5 e-flex e-con-boxed e-con e-parent\" data-id=\"92bd3f5\" data-element_type=\"container\">\n\t\t\t\t\t<div class=\"e-con-inner\">\n\t\t\t\t<div class=\"elementor-element elementor-element-f11f703 elementor-widget__width-initial elementor-widget elementor-widget-heading\" data-id=\"f11f703\" data-element_type=\"widget\" data-widget_type=\"heading.default\">\n\t\t\t\t\t<p class=\"elementor-heading-title elementor-size-default\">Combining the splendor of the past with the elegance of today within the stone walls of R\u00fcstempa\u015fa Caravanserai, Han Bar offers a modern breath of fresh air in a historical atmosphere. Carefully prepared special cocktails, exclusive drinks and unique flavors meet with pleasant conversations accompanied by live music every evening. An unforgettable night experience awaits you in the heart of Edirne, in the warm texture of the caravanserai.<\/p>\t\t\t\t<\/div>\n\t\t\t\t<div class=\"elementor-element elementor-element-9ab557f elementor-widget elementor-widget-button\" data-id=\"9ab557f\" data-element_type=\"widget\" data-widget_type=\"button.default\">\n\t\t\t\t\t\t\t\t\t\t<a class=\"elementor-button elementor-button-link elementor-size-sm\" href=\"https:\/\/www.google.com\/maps?hl=tr&#038;gl=tr&#038;um=1&#038;ie=UTF-8&#038;fb=1&#038;sa=X&#038;geocode=KQlkl0BdL7MUMVvxk8lSGTca&#038;daddr=Sabuni,+22100+Edirne+Merkez\/Edirne\">\n\t\t\t\t\t\t<span class=\"elementor-button-content-wrapper\">\n\t\t\t\t\t\t\t\t\t<span class=\"elementor-button-text\">Get Directions<\/span>\n\t\t\t\t\t<\/span>\n\t\t\t\t\t<\/a>\n\t\t\t\t\t\t\t\t<\/div>\n\t\t\t\t\t<\/div>\n\t\t\t\t<\/div>\n\t\t<div class=\"elementor-element elementor-element-a509ee9 e-flex e-con-boxed e-con e-parent\" data-id=\"a509ee9\" data-element_type=\"container\" data-color=\"bgdefaultcolor\">\n\t\t\t\t\t<div class=\"e-con-inner\">\n\t\t<div class=\"elementor-element elementor-element-9762568 e-con-full e-flex e-con e-child\" data-id=\"9762568\" data-element_type=\"container\">\n\t\t\t\t<div class=\"elementor-element elementor-element-e23577a elementor-widget elementor-widget-heading\" data-id=\"e23577a\" data-element_type=\"widget\" data-widget_type=\"heading.default\">\n\t\t\t\t\t<p class=\"elementor-heading-title elementor-size-default\">A modern breath of fresh air in the historical texture<\/p>\t\t\t\t<\/div>\n\t\t\t\t<div class=\"elementor-element elementor-element-2c8852b elementor-widget__width-initial elementor-widget elementor-widget-heading\" data-id=\"2c8852b\" data-element_type=\"widget\" data-widget_type=\"heading.default\">\n\t\t\t\t\t<p class=\"elementor-heading-title elementor-size-default\">Original flavors blended with elegance<\/p>\t\t\t\t<\/div>\n\t\t<div class=\"elementor-element elementor-element-c6d1061 e-con-full e-flex e-con e-child\" data-id=\"c6d1061\" data-element_type=\"container\">\n\t\t\t\t<div class=\"elementor-element elementor-element-329263b elementor-widget elementor-widget-text-editor\" data-id=\"329263b\" data-element_type=\"widget\" data-widget_type=\"text-editor.default\">\n\t\t\t\t\t\t\t\t\t<p class=\"p1\">Combining the elegance of the past with today's modern touches between the stone walls of R\u00fcstempa\u015fa Caravanserai <span class=\"s1\">Han<\/span>is a special place that stands out with its historical atmosphere. Cocktails prepared by skillful hands, combined with local and exclusive drinks, offer a unique experience.<\/p><p class=\"p1\">In its warm ambiance inspired by the architecture of the caravanserai, every detail has been carefully considered. Han Bar is an exclusive meeting point that offers its guests aesthetics, taste and pleasure at the same time within the historical texture of Edirne.<\/p>\t\t\t\t\t\t\t\t<\/div>\n\t\t\t\t<\/div>\n\t\t\t\t<div class=\"elementor-element elementor-element-a904f6b elementor-widget elementor-widget-button\" data-id=\"a904f6b\" data-element_type=\"widget\" data-widget_type=\"button.default\">\n\t\t\t\t\t\t\t\t\t\t<a class=\"elementor-button elementor-button-link elementor-size-sm\" href=\"https:\/\/rustempasakervansarayotel.kantqr.com\/\">\n\t\t\t\t\t\t<span class=\"elementor-button-content-wrapper\">\n\t\t\t\t\t\t\t\t\t<span class=\"elementor-button-text\">View Menu<\/span>\n\t\t\t\t\t<\/span>\n\t\t\t\t\t<\/a>\n\t\t\t\t\t\t\t\t<\/div>\n\t\t\t\t<\/div>\n\t\t<div class=\"elementor-element elementor-element-5f38978 e-con-full e-flex e-con e-child\" data-id=\"5f38978\" data-element_type=\"container\">\n\t\t\t\t<div class=\"elementor-element elementor-element-fb6e601 animated-slow elementor-invisible elementor-widget elementor-widget-image\" data-id=\"fb6e601\" data-element_type=\"widget\" data-settings=\"{&quot;_animation&quot;:&quot;fadeIn&quot;}\" data-widget_type=\"image.default\">\n\t\t\t\t\t\t\t\t\t\t\t\t\t\t\t<img fetchpriority=\"high\" decoding=\"async\" width=\"640\" height=\"800\" src=\"https:\/\/rustempasakervansaray.com.tr\/wp-content\/uploads\/2025\/10\/559438874_17858165076516889_3859853429842332953_n.jpg\" class=\"attachment-full size-full wp-image-2790\" alt=\"\" srcset=\"https:\/\/rustempasakervansaray.com.tr\/wp-content\/uploads\/2025\/10\/559438874_17858165076516889_3859853429842332953_n.jpg 640w, https:\/\/rustempasakervansaray.com.tr\/wp-content\/uploads\/2025\/10\/559438874_17858165076516889_3859853429842332953_n-240x300.jpg 240w, https:\/\/rustempasakervansaray.com.tr\/wp-content\/uploads\/2025\/10\/559438874_17858165076516889_3859853429842332953_n-10x12.jpg 10w\" sizes=\"(max-width: 640px) 100vw, 640px\" \/>\t\t\t\t\t\t\t\t\t\t\t\t\t\t\t<\/div>\n\t\t\t\t<\/div>\n\t\t\t\t\t<\/div>\n\t\t\t\t<\/div>\n\t\t\t\t<\/div>","protected":false},"excerpt":{"rendered":"<p>R\u00fcstempa\u015fa Kervansaray\u0131\u2019n\u0131n ta\u015f duvarlar\u0131 aras\u0131nda ge\u00e7mi\u015fin ihti\u015fam\u0131n\u0131 bug\u00fcn\u00fcn zarafetiyle bulu\u015fturan Han Bar, tarih\u00ee atmosferin i\u00e7inde modern bir soluk sunuyor. \u00d6zenle haz\u0131rlanan \u00f6zel kokteyller, se\u00e7kin i\u00e7ecekler ve e\u015fsiz lezzetler, her ak\u015fam canl\u0131 m\u00fczik e\u015fli\u011finde keyifli sohbetlerle bulu\u015fuyor. Edirne\u2019nin kalbinde, kervansaray\u0131n s\u0131cak dokusunda unutulmaz bir gece deneyimi sizi bekliyor. Yol Tarifi Al\u0131n Tarihi dokunun i\u00e7inde modern bir [&hellip;]<\/p>","protected":false},"author":2,"featured_media":0,"parent":0,"menu_order":0,"comment_status":"closed","ping_status":"closed","template":"","meta":{"footnotes":""},"class_list":["post-2786","page","type-page","status-publish","hentry"],"_links":{"self":[{"href":"https:\/\/rustempasakervansaray.com.tr\/en\/wp-json\/wp\/v2\/pages\/2786","targetHints":{"allow":["GET"]}}],"collection":[{"href":"https:\/\/rustempasakervansaray.com.tr\/en\/wp-json\/wp\/v2\/pages"}],"about":[{"href":"https:\/\/rustempasakervansaray.com.tr\/en\/wp-json\/wp\/v2\/types\/page"}],"author":[{"embeddable":true,"href":"https:\/\/rustempasakervansaray.com.tr\/en\/wp-json\/wp\/v2\/users\/2"}],"replies":[{"embeddable":true,"href":"https:\/\/rustempasakervansaray.com.tr\/en\/wp-json\/wp\/v2\/comments?post=2786"}],"version-history":[{"count":7,"href":"https:\/\/rustempasakervansaray.com.tr\/en\/wp-json\/wp\/v2\/pages\/2786\/revisions"}],"predecessor-version":[{"id":2975,"href":"https:\/\/rustempasakervansaray.com.tr\/en\/wp-json\/wp\/v2\/pages\/2786\/revisions\/2975"}],"wp:attachment":[{"href":"https:\/\/rustempasakervansaray.com.tr\/en\/wp-json\/wp\/v2\/media?parent=2786"}],"curies":[{"name":"wp","href":"https:\/\/api.w.org\/{rel}","templated":true}]}}