{"id":2217,"date":"2025-09-03T15:28:26","date_gmt":"2025-09-03T12:28:26","guid":{"rendered":"https:\/\/rustempasakervansaray.com.tr\/?page_id=2217"},"modified":"2025-10-06T08:11:50","modified_gmt":"2025-10-06T05:11:50","slug":"surdurulebilirlik-politikalarimiz","status":"publish","type":"page","link":"https:\/\/rustempasakervansaray.com.tr\/en\/surdurulebilirlik-politikalarimiz\/","title":{"rendered":"Our Sustainability Policies"},"content":{"rendered":"<div data-elementor-type=\"wp-page\" data-elementor-id=\"2217\" class=\"elementor elementor-2217\" data-elementor-post-type=\"page\">\n\t\t\t\t<div class=\"elementor-element elementor-element-d5b95e6 e-flex e-con-boxed e-con e-parent\" data-id=\"d5b95e6\" data-element_type=\"container\" data-settings=\"{&quot;background_background&quot;:&quot;classic&quot;}\">\n\t\t\t\t\t<div class=\"e-con-inner\">\n\t\t\t\t\t<\/div>\n\t\t\t\t<\/div>\n\t\t<div class=\"elementor-element elementor-element-df93e51 e-flex e-con-boxed e-con e-parent\" data-id=\"df93e51\" data-element_type=\"container\">\n\t\t\t\t\t<div class=\"e-con-inner\">\n\t\t\t\t<div class=\"elementor-element elementor-element-20b009c elementor-widget elementor-widget-heading\" data-id=\"20b009c\" data-element_type=\"widget\" data-widget_type=\"heading.default\">\n\t\t\t\t\t<h2 class=\"elementor-heading-title elementor-size-default\">Our Sustainability Policy<\/h2>\t\t\t\t<\/div>\n\t\t\t\t<div class=\"elementor-element elementor-element-079c309 elementor-widget elementor-widget-text-editor\" data-id=\"079c309\" data-element_type=\"widget\" data-widget_type=\"text-editor.default\">\n\t\t\t\t\t\t\t\t\t<p>In our efforts to minimize the negative impacts of tourism on society and the environment and to contribute to its positive development, we carry out various activities in integration with the community on issues such as waste management, efficient use of natural resources, health and safety of our employees, child protection and recognition of equal rights. We are aware that the efficient and effective management of natural resources is of great importance for the sustainability of tourism. We aim to be an exemplary business in the hotel industry in our region with the practices we carry out in this direction.<\/p><p>Our aim is to benefit the communities we serve through high quality service, economic growth, environmental protection, social participation and employment by complying with all applicable sustainability legislation and regulations. We are committed to reducing the impact of our operations on the world by setting our sustainability goals and targets and continuously improving our performance. We strive to raise sustainability awareness among our employees, guests, suppliers and the community at large.<\/p><p>For our brochure <span style=\"color: #000000;\"><a style=\"color: #000000;\" href=\"https:\/\/rustempasakervansaray.com.tr\/surdurulebilirlik\/brosur.pdf\" target=\"_blank\" rel=\"noopener\">Click here.<\/a><\/span><\/p>\t\t\t\t\t\t\t\t<\/div>\n\t\t\t\t<div class=\"elementor-element elementor-element-4cadde0 elementor-widget elementor-widget-heading\" data-id=\"4cadde0\" data-element_type=\"widget\" data-widget_type=\"heading.default\">\n\t\t\t\t\t<h2 class=\"elementor-heading-title elementor-size-default\">Related Policies and Documents<\/h2>\t\t\t\t<\/div>\n\t\t\t\t<div class=\"elementor-element elementor-element-babf2c5 elementor-widget elementor-widget-text-editor\" data-id=\"babf2c5\" data-element_type=\"widget\" data-widget_type=\"text-editor.default\">\n\t\t\t\t\t\t\t\t\t<table class=\"table table-bordered align-middle\"><thead><tr><th scope=\"col\">Title<\/th><th scope=\"col\">Document No.<\/th><th scope=\"col\">Connection<\/th><\/tr><\/thead><tbody><tr><td>Our Environmental Sustainability Management System Policy<\/td><td>SYS.POL.01<\/td><td><span style=\"color: #000000;\"><a style=\"color: #000000;\" href=\"https:\/\/rustempasakervansaray.com.tr\/surdurulebilirlik\/pol-01-tr.pdf\" target=\"_blank\" rel=\"noopener\">Click here<\/a><\/span><\/td><\/tr><tr><td>Our Social Sustainability Management System Policy<\/td><td>SYS.POL.02<\/td><td><span style=\"color: #000000;\"><a style=\"color: #000000;\" href=\"https:\/\/rustempasakervansaray.com.tr\/surdurulebilirlik\/pol-02-tr.pdf\" target=\"_blank\" rel=\"noopener\" data-wplink-edit=\"true\">Click here<\/a><\/span><\/td><\/tr><tr><td>Cultural Sustainability Management System Policies<\/td><td>SYS.POL.03<\/td><td><span style=\"color: #000000;\"><a style=\"color: #000000;\" href=\"https:\/\/rustempasakervansaray.com.tr\/surdurulebilirlik\/pol-03-tr.pdf\" target=\"_blank\" rel=\"noopener\">Click here<\/a><\/span><\/td><\/tr><tr><td>Our Human Rights Sustainability Management System Policy<\/td><td>SYS.POL.04<\/td><td><span style=\"color: #000000;\"><a style=\"color: #000000;\" href=\"https:\/\/rustempasakervansaray.com.tr\/surdurulebilirlik\/pol-04-tr.pdf\" target=\"_blank\" rel=\"noopener\">Click here<\/a><\/span><\/td><\/tr><tr><td>Risk and Crisis Management Sustainable Management System Policy<\/td><td>SYS.POL.05<\/td><td><span style=\"color: #000000;\"><a style=\"color: #000000;\" href=\"https:\/\/rustempasakervansaray.com.tr\/surdurulebilirlik\/pol-04-tr.pdf\" target=\"_blank\" rel=\"noopener\">Click here<\/a><\/span><\/td><\/tr><tr><td>Safety Sustainable Management System Policy<\/td><td>SYS.POL.09<\/td><td><span style=\"color: #000000;\"><a style=\"color: #000000;\" href=\"https:\/\/rustempasakervansaray.com.tr\/surdurulebilirlik\/pol-09-tr.pdf\" target=\"_blank\" rel=\"noopener\">Click here<\/a><\/span><\/td><\/tr><tr><td>Sustainability<\/td><td>\u00a0<\/td><td><span style=\"color: #000000;\"><a style=\"color: #000000;\" href=\"https:\/\/rustempasakervansaray.com.tr\/surdurulebilirlik\/surdurulebilirlik.pdf\" target=\"_blank\" rel=\"noopener\">Click here<\/a><\/span><\/td><\/tr><tr><td>Communication with Stakeholders<\/td><td>\u00a0<\/td><td><span style=\"color: #000000;\"><a style=\"color: #000000;\" href=\"https:\/\/rustempasakervansaray.com.tr\/surdurulebilirlik\/tab-02-paydaslarla-iletisim.pdf\" target=\"_blank\" rel=\"noopener\">Click here<\/a><\/span><\/td><\/tr><\/tbody><\/table>\t\t\t\t\t\t\t\t<\/div>\n\t\t\t\t\t<\/div>\n\t\t\t\t<\/div>\n\t\t\t\t<\/div>","protected":false},"excerpt":{"rendered":"<p>S\u00fcrd\u00fcr\u00fclebilirlik Politikam\u0131z Turizmin toplum ve \u00e7evre \u00fczerindeki olumsuz etkilerini en aza indirmek ve olumlu geli\u015fimine katk\u0131 sa\u011flamak amac\u0131yla \u00e7\u0131kt\u0131\u011f\u0131m\u0131z bu yolda; at\u0131k y\u00f6netimi, do\u011fal kaynaklar\u0131n verimli kullan\u0131m\u0131, \u00e7al\u0131\u015fanlar\u0131m\u0131z\u0131n sa\u011fl\u0131\u011f\u0131 ve g\u00fcvenli\u011fi, \u00e7ocuk koruma ve e\u015fit haklar\u0131n tan\u0131nmas\u0131 gibi konularda toplulukla entegre olarak \u00e7e\u015fitli \u00e7al\u0131\u015fmalar y\u00fcr\u00fct\u00fcyoruz. Do\u011fal kaynaklar\u0131n tasarruflu ve etkin y\u00f6netiminin, turizmin s\u00fcrd\u00fcr\u00fclebilirli\u011fi a\u00e7\u0131s\u0131ndan b\u00fcy\u00fck [&hellip;]<\/p>","protected":false},"author":2,"featured_media":0,"parent":0,"menu_order":0,"comment_status":"closed","ping_status":"closed","template":"","meta":{"footnotes":""},"class_list":["post-2217","page","type-page","status-publish","hentry"],"_links":{"self":[{"href":"https:\/\/rustempasakervansaray.com.tr\/en\/wp-json\/wp\/v2\/pages\/2217","targetHints":{"allow":["GET"]}}],"collection":[{"href":"https:\/\/rustempasakervansaray.com.tr\/en\/wp-json\/wp\/v2\/pages"}],"about":[{"href":"https:\/\/rustempasakervansaray.com.tr\/en\/wp-json\/wp\/v2\/types\/page"}],"author":[{"embeddable":true,"href":"https:\/\/rustempasakervansaray.com.tr\/en\/wp-json\/wp\/v2\/users\/2"}],"replies":[{"embeddable":true,"href":"https:\/\/rustempasakervansaray.com.tr\/en\/wp-json\/wp\/v2\/comments?post=2217"}],"version-history":[{"count":38,"href":"https:\/\/rustempasakervansaray.com.tr\/en\/wp-json\/wp\/v2\/pages\/2217\/revisions"}],"predecessor-version":[{"id":2834,"href":"https:\/\/rustempasakervansaray.com.tr\/en\/wp-json\/wp\/v2\/pages\/2217\/revisions\/2834"}],"wp:attachment":[{"href":"https:\/\/rustempasakervansaray.com.tr\/en\/wp-json\/wp\/v2\/media?parent=2217"}],"curies":[{"name":"wp","href":"https:\/\/api.w.org\/{rel}","templated":true}]}}