{"id":2786,"date":"2025-10-06T07:30:01","date_gmt":"2025-10-06T04:30:01","guid":{"rendered":"https:\/\/rustempasakervansaray.com.tr\/?page_id=2786"},"modified":"2026-04-08T19:25:28","modified_gmt":"2026-04-08T16:25:28","slug":"han","status":"publish","type":"page","link":"https:\/\/rustempasakervansaray.com.tr\/el\/han\/","title":{"rendered":"Han"},"content":{"rendered":"<div data-elementor-type=\"wp-page\" data-elementor-id=\"2786\" class=\"elementor elementor-2786\" data-elementor-post-type=\"page\">\n\t\t\t\t<div class=\"elementor-element elementor-element-442e3df e-flex e-con-boxed e-con e-parent\" data-id=\"442e3df\" data-element_type=\"container\" data-settings=\"{&quot;background_background&quot;:&quot;classic&quot;}\">\n\t\t\t\t\t<div class=\"e-con-inner\">\n\t\t\t\t\t<\/div>\n\t\t\t\t<\/div>\n\t\t<div class=\"elementor-element elementor-element-92bd3f5 e-flex e-con-boxed e-con e-parent\" data-id=\"92bd3f5\" data-element_type=\"container\">\n\t\t\t\t\t<div class=\"e-con-inner\">\n\t\t\t\t<div class=\"elementor-element elementor-element-f11f703 elementor-widget__width-initial elementor-widget elementor-widget-heading\" data-id=\"f11f703\" data-element_type=\"widget\" data-widget_type=\"heading.default\">\n\t\t\t\t\t<p class=\"elementor-heading-title elementor-size-default\">\u03a3\u03c5\u03bd\u03b4\u03c5\u03ac\u03b6\u03bf\u03bd\u03c4\u03b1\u03c2 \u03c4\u03bf \u03bc\u03b5\u03b3\u03b1\u03bb\u03b5\u03af\u03bf \u03c4\u03bf\u03c5 \u03c0\u03b1\u03c1\u03b5\u03bb\u03b8\u03cc\u03bd\u03c4\u03bf\u03c2 \u03bc\u03b5 \u03c4\u03b7\u03bd \u03ba\u03bf\u03bc\u03c8\u03cc\u03c4\u03b7\u03c4\u03b1 \u03c4\u03bf\u03c5 \u03c0\u03b1\u03c1\u03cc\u03bd\u03c4\u03bf\u03c2 \u03b1\u03bd\u03ac\u03bc\u03b5\u03c3\u03b1 \u03c3\u03c4\u03bf\u03c5\u03c2 \u03c0\u03ad\u03c4\u03c1\u03b9\u03bd\u03bf\u03c5\u03c2 \u03c4\u03bf\u03af\u03c7\u03bf\u03c5\u03c2 \u03c4\u03bf\u03c5 R\u00fcstempa\u015fa Caravanserai, \u03c4\u03bf Han Bar \u03c0\u03c1\u03bf\u03c3\u03c6\u03ad\u03c1\u03b5\u03b9 \u03bc\u03b9\u03b1 \u03c3\u03cd\u03b3\u03c7\u03c1\u03bf\u03bd\u03b7 \u03b1\u03bd\u03ac\u03c3\u03b1 \u03c6\u03c1\u03ad\u03c3\u03ba\u03bf\u03c5 \u03b1\u03ad\u03c1\u03b1 \u03c3\u03b5 \u03bc\u03b9\u03b1 \u03b9\u03c3\u03c4\u03bf\u03c1\u03b9\u03ba\u03ae \u03b1\u03c4\u03bc\u03cc\u03c3\u03c6\u03b1\u03b9\u03c1\u03b1. \u03a4\u03b1 \u03c0\u03c1\u03bf\u03c3\u03b5\u03ba\u03c4\u03b9\u03ba\u03ac \u03c0\u03c1\u03bf\u03b5\u03c4\u03bf\u03b9\u03bc\u03b1\u03c3\u03bc\u03ad\u03bd\u03b1 \u03b5\u03b9\u03b4\u03b9\u03ba\u03ac \u03ba\u03bf\u03ba\u03c4\u03ad\u03b9\u03bb, \u03c4\u03b1 \u03b1\u03c0\u03bf\u03ba\u03bb\u03b5\u03b9\u03c3\u03c4\u03b9\u03ba\u03ac \u03c0\u03bf\u03c4\u03ac \u03ba\u03b1\u03b9 \u03bf\u03b9 \u03bc\u03bf\u03bd\u03b1\u03b4\u03b9\u03ba\u03ad\u03c2 \u03b3\u03b5\u03cd\u03c3\u03b5\u03b9\u03c2 \u03c3\u03c5\u03bd\u03b1\u03bd\u03c4\u03b9\u03bf\u03cd\u03bd\u03c4\u03b1\u03b9 \u03bc\u03b5 \u03b5\u03c5\u03c7\u03ac\u03c1\u03b9\u03c3\u03c4\u03b5\u03c2 \u03c3\u03c5\u03b6\u03b7\u03c4\u03ae\u03c3\u03b5\u03b9\u03c2 \u03c0\u03bf\u03c5 \u03c3\u03c5\u03bd\u03bf\u03b4\u03b5\u03cd\u03bf\u03bd\u03c4\u03b1\u03b9 \u03b1\u03c0\u03cc \u03b6\u03c9\u03bd\u03c4\u03b1\u03bd\u03ae \u03bc\u03bf\u03c5\u03c3\u03b9\u03ba\u03ae \u03ba\u03ac\u03b8\u03b5 \u03b2\u03c1\u03ac\u03b4\u03c5. \u039c\u03b9\u03b1 \u03b1\u03be\u03ad\u03c7\u03b1\u03c3\u03c4\u03b7 \u03bd\u03c5\u03c7\u03c4\u03b5\u03c1\u03b9\u03bd\u03ae \u03b5\u03bc\u03c0\u03b5\u03b9\u03c1\u03af\u03b1 \u03c3\u03b1\u03c2 \u03c0\u03b5\u03c1\u03b9\u03bc\u03ad\u03bd\u03b5\u03b9 \u03c3\u03c4\u03b7\u03bd \u03ba\u03b1\u03c1\u03b4\u03b9\u03ac \u03c4\u03b7\u03c2 Edirne, \u03c3\u03c4\u03b7 \u03b6\u03b5\u03c3\u03c4\u03ae \u03c5\u03c6\u03ae \u03c4\u03bf\u03c5 caravanserai.<\/p>\t\t\t\t<\/div>\n\t\t\t\t<div class=\"elementor-element elementor-element-9ab557f elementor-widget elementor-widget-button\" data-id=\"9ab557f\" data-element_type=\"widget\" data-widget_type=\"button.default\">\n\t\t\t\t\t\t\t\t\t\t<a class=\"elementor-button elementor-button-link elementor-size-sm\" href=\"https:\/\/www.google.com\/maps?hl=tr&#038;gl=tr&#038;um=1&#038;ie=UTF-8&#038;fb=1&#038;sa=X&#038;geocode=KQlkl0BdL7MUMVvxk8lSGTca&#038;daddr=Sabuni,+22100+Edirne+Merkez\/Edirne\">\n\t\t\t\t\t\t<span class=\"elementor-button-content-wrapper\">\n\t\t\t\t\t\t\t\t\t<span class=\"elementor-button-text\">\u03a0\u03ac\u03c1\u03c4\u03b5 \u03bf\u03b4\u03b7\u03b3\u03af\u03b5\u03c2<\/span>\n\t\t\t\t\t<\/span>\n\t\t\t\t\t<\/a>\n\t\t\t\t\t\t\t\t<\/div>\n\t\t\t\t\t<\/div>\n\t\t\t\t<\/div>\n\t\t<div class=\"elementor-element elementor-element-a509ee9 e-flex e-con-boxed e-con e-parent\" data-id=\"a509ee9\" data-element_type=\"container\" data-color=\"bgdefaultcolor\">\n\t\t\t\t\t<div class=\"e-con-inner\">\n\t\t<div class=\"elementor-element elementor-element-9762568 e-con-full e-flex e-con e-child\" data-id=\"9762568\" data-element_type=\"container\">\n\t\t\t\t<div class=\"elementor-element elementor-element-e23577a elementor-widget elementor-widget-heading\" data-id=\"e23577a\" data-element_type=\"widget\" data-widget_type=\"heading.default\">\n\t\t\t\t\t<p class=\"elementor-heading-title elementor-size-default\">\u039c\u03b9\u03b1 \u03c3\u03cd\u03b3\u03c7\u03c1\u03bf\u03bd\u03b7 \u03b1\u03bd\u03ac\u03c3\u03b1 \u03c3\u03c4\u03b7\u03bd \u03b9\u03c3\u03c4\u03bf\u03c1\u03b9\u03ba\u03ae \u03c5\u03c6\u03ae<\/p>\t\t\t\t<\/div>\n\t\t\t\t<div class=\"elementor-element elementor-element-2c8852b elementor-widget__width-initial elementor-widget elementor-widget-heading\" data-id=\"2c8852b\" data-element_type=\"widget\" data-widget_type=\"heading.default\">\n\t\t\t\t\t<p class=\"elementor-heading-title elementor-size-default\">\u03a0\u03c1\u03c9\u03c4\u03cc\u03c4\u03c5\u03c0\u03b5\u03c2 \u03b3\u03b5\u03cd\u03c3\u03b5\u03b9\u03c2 \u03b1\u03bd\u03b1\u03bc\u03b5\u03bc\u03b5\u03b9\u03b3\u03bc\u03ad\u03bd\u03b5\u03c2 \u03bc\u03b5 \u03ba\u03bf\u03bc\u03c8\u03cc\u03c4\u03b7\u03c4\u03b1<\/p>\t\t\t\t<\/div>\n\t\t<div class=\"elementor-element elementor-element-c6d1061 e-con-full e-flex e-con e-child\" data-id=\"c6d1061\" data-element_type=\"container\">\n\t\t\t\t<div class=\"elementor-element elementor-element-329263b elementor-widget elementor-widget-text-editor\" data-id=\"329263b\" data-element_type=\"widget\" data-widget_type=\"text-editor.default\">\n\t\t\t\t\t\t\t\t\t<p class=\"p1\">\u03a3\u03c5\u03bd\u03b4\u03c5\u03ac\u03b6\u03bf\u03bd\u03c4\u03b1\u03c2 \u03c4\u03b7\u03bd \u03ba\u03bf\u03bc\u03c8\u03cc\u03c4\u03b7\u03c4\u03b1 \u03c4\u03bf\u03c5 \u03c0\u03b1\u03c1\u03b5\u03bb\u03b8\u03cc\u03bd\u03c4\u03bf\u03c2 \u03bc\u03b5 \u03c4\u03b9\u03c2 \u03c3\u03cd\u03b3\u03c7\u03c1\u03bf\u03bd\u03b5\u03c2 \u03c0\u03b9\u03bd\u03b5\u03bb\u03b9\u03ad\u03c2 \u03c4\u03bf\u03c5 \u03c3\u03ae\u03bc\u03b5\u03c1\u03b1 \u03b1\u03bd\u03ac\u03bc\u03b5\u03c3\u03b1 \u03c3\u03c4\u03bf\u03c5\u03c2 \u03c0\u03ad\u03c4\u03c1\u03b9\u03bd\u03bf\u03c5\u03c2 \u03c4\u03bf\u03af\u03c7\u03bf\u03c5\u03c2 \u03c4\u03bf\u03c5 R\u00fcstempa\u015fa Caravanserai <span class=\"s1\">Han<\/span>\u03b5\u03af\u03bd\u03b1\u03b9 \u03ad\u03bd\u03b1 \u03b9\u03b4\u03b9\u03b1\u03af\u03c4\u03b5\u03c1\u03bf \u03bc\u03ad\u03c1\u03bf\u03c2 \u03c0\u03bf\u03c5 \u03be\u03b5\u03c7\u03c9\u03c1\u03af\u03b6\u03b5\u03b9 \u03bc\u03b5 \u03c4\u03b7\u03bd \u03b9\u03c3\u03c4\u03bf\u03c1\u03b9\u03ba\u03ae \u03c4\u03bf\u03c5 \u03b1\u03c4\u03bc\u03cc\u03c3\u03c6\u03b1\u03b9\u03c1\u03b1. \u03a4\u03b1 \u03ba\u03bf\u03ba\u03c4\u03ad\u03b9\u03bb \u03c0\u03bf\u03c5 \u03b5\u03c4\u03bf\u03b9\u03bc\u03ac\u03b6\u03bf\u03bd\u03c4\u03b1\u03b9 \u03b1\u03c0\u03cc \u03b5\u03c0\u03b9\u03b4\u03ad\u03be\u03b9\u03b1 \u03c7\u03ad\u03c1\u03b9\u03b1, \u03c3\u03b5 \u03c3\u03c5\u03bd\u03b4\u03c5\u03b1\u03c3\u03bc\u03cc \u03bc\u03b5 \u03c4\u03bf\u03c0\u03b9\u03ba\u03ac \u03ba\u03b1\u03b9 \u03b1\u03c0\u03bf\u03ba\u03bb\u03b5\u03b9\u03c3\u03c4\u03b9\u03ba\u03ac \u03c0\u03bf\u03c4\u03ac, \u03c0\u03c1\u03bf\u03c3\u03c6\u03ad\u03c1\u03bf\u03c5\u03bd \u03bc\u03b9\u03b1 \u03bc\u03bf\u03bd\u03b1\u03b4\u03b9\u03ba\u03ae \u03b5\u03bc\u03c0\u03b5\u03b9\u03c1\u03af\u03b1.<\/p><p class=\"p1\">\u03a3\u03c4\u03b7 \u03b6\u03b5\u03c3\u03c4\u03ae \u03b1\u03c4\u03bc\u03cc\u03c3\u03c6\u03b1\u03b9\u03c1\u03b1 \u03c0\u03bf\u03c5 \u03b5\u03af\u03bd\u03b1\u03b9 \u03b5\u03bc\u03c0\u03bd\u03b5\u03c5\u03c3\u03bc\u03ad\u03bd\u03b7 \u03b1\u03c0\u03cc \u03c4\u03b7\u03bd \u03b1\u03c1\u03c7\u03b9\u03c4\u03b5\u03ba\u03c4\u03bf\u03bd\u03b9\u03ba\u03ae \u03c4\u03bf\u03c5 caravanserai, \u03ba\u03ac\u03b8\u03b5 \u03bb\u03b5\u03c0\u03c4\u03bf\u03bc\u03ad\u03c1\u03b5\u03b9\u03b1 \u03ad\u03c7\u03b5\u03b9 \u03bc\u03b5\u03bb\u03b5\u03c4\u03b7\u03b8\u03b5\u03af \u03c0\u03c1\u03bf\u03c3\u03b5\u03ba\u03c4\u03b9\u03ba\u03ac. \u03a4\u03bf Han Bar \u03b5\u03af\u03bd\u03b1\u03b9 \u03ad\u03bd\u03b1 \u03b1\u03c0\u03bf\u03ba\u03bb\u03b5\u03b9\u03c3\u03c4\u03b9\u03ba\u03cc \u03c3\u03b7\u03bc\u03b5\u03af\u03bf \u03c3\u03c5\u03bd\u03ac\u03bd\u03c4\u03b7\u03c3\u03b7\u03c2 \u03c0\u03bf\u03c5 \u03c0\u03c1\u03bf\u03c3\u03c6\u03ad\u03c1\u03b5\u03b9 \u03c3\u03c4\u03bf\u03c5\u03c2 \u03b5\u03c0\u03b9\u03c3\u03ba\u03ad\u03c0\u03c4\u03b5\u03c2 \u03c4\u03bf\u03c5 \u03b1\u03b9\u03c3\u03b8\u03b7\u03c4\u03b9\u03ba\u03ae, \u03b3\u03b5\u03cd\u03c3\u03b7 \u03ba\u03b1\u03b9 \u03b1\u03c0\u03cc\u03bb\u03b1\u03c5\u03c3\u03b7 \u03c4\u03b1\u03c5\u03c4\u03cc\u03c7\u03c1\u03bf\u03bd\u03b1 \u03c3\u03c4\u03b7\u03bd \u03b9\u03c3\u03c4\u03bf\u03c1\u03b9\u03ba\u03ae \u03c5\u03c6\u03ae \u03c4\u03b7\u03c2 Edirne.<\/p>\t\t\t\t\t\t\t\t<\/div>\n\t\t\t\t<\/div>\n\t\t\t\t<div class=\"elementor-element elementor-element-a904f6b elementor-widget elementor-widget-button\" data-id=\"a904f6b\" data-element_type=\"widget\" data-widget_type=\"button.default\">\n\t\t\t\t\t\t\t\t\t\t<a class=\"elementor-button elementor-button-link elementor-size-sm\" href=\"https:\/\/rustempasakervansarayotel.kantqr.com\/\">\n\t\t\t\t\t\t<span class=\"elementor-button-content-wrapper\">\n\t\t\t\t\t\t\t\t\t<span class=\"elementor-button-text\">\u03a0\u03c1\u03bf\u03b2\u03bf\u03bb\u03ae \u03bc\u03b5\u03bd\u03bf\u03cd<\/span>\n\t\t\t\t\t<\/span>\n\t\t\t\t\t<\/a>\n\t\t\t\t\t\t\t\t<\/div>\n\t\t\t\t<\/div>\n\t\t<div class=\"elementor-element elementor-element-5f38978 e-con-full e-flex e-con e-child\" data-id=\"5f38978\" data-element_type=\"container\">\n\t\t\t\t<div class=\"elementor-element elementor-element-fb6e601 animated-slow elementor-invisible elementor-widget elementor-widget-image\" data-id=\"fb6e601\" data-element_type=\"widget\" data-settings=\"{&quot;_animation&quot;:&quot;fadeIn&quot;}\" data-widget_type=\"image.default\">\n\t\t\t\t\t\t\t\t\t\t\t\t\t\t\t<img fetchpriority=\"high\" decoding=\"async\" width=\"640\" height=\"800\" src=\"https:\/\/rustempasakervansaray.com.tr\/wp-content\/uploads\/2025\/10\/559438874_17858165076516889_3859853429842332953_n.jpg\" class=\"attachment-full size-full wp-image-2790\" alt=\"\" srcset=\"https:\/\/rustempasakervansaray.com.tr\/wp-content\/uploads\/2025\/10\/559438874_17858165076516889_3859853429842332953_n.jpg 640w, https:\/\/rustempasakervansaray.com.tr\/wp-content\/uploads\/2025\/10\/559438874_17858165076516889_3859853429842332953_n-240x300.jpg 240w, https:\/\/rustempasakervansaray.com.tr\/wp-content\/uploads\/2025\/10\/559438874_17858165076516889_3859853429842332953_n-10x12.jpg 10w\" sizes=\"(max-width: 640px) 100vw, 640px\" \/>\t\t\t\t\t\t\t\t\t\t\t\t\t\t\t<\/div>\n\t\t\t\t<\/div>\n\t\t\t\t\t<\/div>\n\t\t\t\t<\/div>\n\t\t\t\t<\/div>","protected":false},"excerpt":{"rendered":"<p>R\u00fcstempa\u015fa Kervansaray\u0131\u2019n\u0131n ta\u015f duvarlar\u0131 aras\u0131nda ge\u00e7mi\u015fin ihti\u015fam\u0131n\u0131 bug\u00fcn\u00fcn zarafetiyle bulu\u015fturan Han Bar, tarih\u00ee atmosferin i\u00e7inde modern bir soluk sunuyor. \u00d6zenle haz\u0131rlanan \u00f6zel kokteyller, se\u00e7kin i\u00e7ecekler ve e\u015fsiz lezzetler, her ak\u015fam canl\u0131 m\u00fczik e\u015fli\u011finde keyifli sohbetlerle bulu\u015fuyor. Edirne\u2019nin kalbinde, kervansaray\u0131n s\u0131cak dokusunda unutulmaz bir gece deneyimi sizi bekliyor. Yol Tarifi Al\u0131n Tarihi dokunun i\u00e7inde modern bir [&hellip;]<\/p>","protected":false},"author":2,"featured_media":0,"parent":0,"menu_order":0,"comment_status":"closed","ping_status":"closed","template":"","meta":{"footnotes":""},"class_list":["post-2786","page","type-page","status-publish","hentry"],"_links":{"self":[{"href":"https:\/\/rustempasakervansaray.com.tr\/el\/wp-json\/wp\/v2\/pages\/2786","targetHints":{"allow":["GET"]}}],"collection":[{"href":"https:\/\/rustempasakervansaray.com.tr\/el\/wp-json\/wp\/v2\/pages"}],"about":[{"href":"https:\/\/rustempasakervansaray.com.tr\/el\/wp-json\/wp\/v2\/types\/page"}],"author":[{"embeddable":true,"href":"https:\/\/rustempasakervansaray.com.tr\/el\/wp-json\/wp\/v2\/users\/2"}],"replies":[{"embeddable":true,"href":"https:\/\/rustempasakervansaray.com.tr\/el\/wp-json\/wp\/v2\/comments?post=2786"}],"version-history":[{"count":7,"href":"https:\/\/rustempasakervansaray.com.tr\/el\/wp-json\/wp\/v2\/pages\/2786\/revisions"}],"predecessor-version":[{"id":2975,"href":"https:\/\/rustempasakervansaray.com.tr\/el\/wp-json\/wp\/v2\/pages\/2786\/revisions\/2975"}],"wp:attachment":[{"href":"https:\/\/rustempasakervansaray.com.tr\/el\/wp-json\/wp\/v2\/media?parent=2786"}],"curies":[{"name":"wp","href":"https:\/\/api.w.org\/{rel}","templated":true}]}}