{"id":2692,"date":"2025-10-06T05:34:33","date_gmt":"2025-10-06T02:34:33","guid":{"rendered":"https:\/\/rustempasakervansaray.com.tr\/?page_id=2692"},"modified":"2025-10-06T07:08:17","modified_gmt":"2025-10-06T04:08:17","slug":"kullanim-kosullari","status":"publish","type":"page","link":"https:\/\/rustempasakervansaray.com.tr\/el\/kullanim-kosullari\/","title":{"rendered":"\u038c\u03c1\u03bf\u03b9 \u03c7\u03c1\u03ae\u03c3\u03b7\u03c2"},"content":{"rendered":"<div data-elementor-type=\"wp-page\" data-elementor-id=\"2692\" class=\"elementor elementor-2692\" data-elementor-post-type=\"page\">\n\t\t\t\t<div class=\"elementor-element elementor-element-bdaf3c1 e-flex e-con-boxed e-con e-parent\" data-id=\"bdaf3c1\" data-element_type=\"container\" data-settings=\"{&quot;background_background&quot;:&quot;classic&quot;}\">\n\t\t\t\t\t<div class=\"e-con-inner\">\n\t\t\t\t\t<\/div>\n\t\t\t\t<\/div>\n\t\t<div class=\"elementor-element elementor-element-1192de3 e-flex e-con-boxed e-con e-parent\" data-id=\"1192de3\" data-element_type=\"container\">\n\t\t\t\t\t<div class=\"e-con-inner\">\n\t\t\t\t<div class=\"elementor-element elementor-element-d550ef8 elementor-widget elementor-widget-text-editor\" data-id=\"d550ef8\" data-element_type=\"widget\" data-widget_type=\"text-editor.default\">\n\t\t\t\t\t\t\t\t\t<p>\u039f\u03b9 \u03c0\u03b1\u03c1\u03cc\u03bd\u03c4\u03b5\u03c2 \u038c\u03c1\u03bf\u03b9 \u03a7\u03c1\u03ae\u03c3\u03b7\u03c2 \u03c0\u03b5\u03c1\u03b9\u03ad\u03c7\u03bf\u03c5\u03bd \u03c4\u03bf\u03c5\u03c2 \u03ba\u03b1\u03bd\u03cc\u03bd\u03b5\u03c2 \u03c0\u03bf\u03c5 \u03c0\u03c1\u03ad\u03c0\u03b5\u03b9 \u03bd\u03b1 \u03b1\u03ba\u03bf\u03bb\u03bf\u03c5\u03b8\u03b5\u03af\u03c4\u03b5 \u03ba\u03b1\u03c4\u03ac \u03c4\u03b7 \u03c7\u03c1\u03ae\u03c3\u03b7 \u03c4\u03b7\u03c2 \u03b9\u03c3\u03c4\u03bf\u03c3\u03b5\u03bb\u03af\u03b4\u03b1\u03c2 https:\/\/rustempasakervansaray.com.tr\/. \u03a0\u03b1\u03c1\u03b1\u03ba\u03b1\u03bb\u03bf\u03cd\u03bc\u03b5 \u03b4\u03b9\u03b1\u03b2\u03ac\u03c3\u03c4\u03b5 \u03c0\u03c1\u03bf\u03c3\u03b5\u03ba\u03c4\u03b9\u03ba\u03ac \u03b1\u03c5\u03c4\u03bf\u03cd\u03c2 \u03c4\u03bf\u03c5\u03c2 \u03cc\u03c1\u03bf\u03c5\u03c2 \u03c0\u03c1\u03b9\u03bd \u03c3\u03c5\u03bd\u03b5\u03c7\u03af\u03c3\u03b5\u03c4\u03b5 \u03bd\u03b1 \u03c7\u03c1\u03b7\u03c3\u03b9\u03bc\u03bf\u03c0\u03bf\u03b9\u03b5\u03af\u03c4\u03b5 \u03c4\u03b7\u03bd \u03b9\u03c3\u03c4\u03bf\u03c3\u03b5\u03bb\u03af\u03b4\u03b1.<\/p><p>\u03a0\u03b5\u03b4\u03af\u03bf \u03b5\u03c6\u03b1\u03c1\u03bc\u03bf\u03b3\u03ae\u03c2 \u03ba\u03b1\u03b9 \u03b1\u03bb\u03bb\u03b1\u03b3\u03ad\u03c2<\/p><p>\u0397 \u03b9\u03c3\u03c4\u03bf\u03c3\u03b5\u03bb\u03af\u03b4\u03b1 https:\/\/rustempasakervansaray.com.tr\/ \u03bb\u03b5\u03b9\u03c4\u03bf\u03c5\u03c1\u03b3\u03b5\u03af \u03b1\u03c0\u03cc \u03c4\u03b7\u03bd DH GIDA RESTORAN OTELC\u0130L\u0130K L\u0130M\u0130TED \u015e\u0130RKET\u0130. \u039f\u03b9 \u03c0\u03b1\u03c1\u03cc\u03bd\u03c4\u03b5\u03c2 \u03cc\u03c1\u03bf\u03b9 \u03c7\u03c1\u03ae\u03c3\u03b7\u03c2 \u03ba\u03b1\u03b8\u03bf\u03c1\u03af\u03b6\u03bf\u03c5\u03bd \u03c4\u03bf\u03c5\u03c2 \u03ba\u03b1\u03bd\u03cc\u03bd\u03b5\u03c2 \u03c0\u03bf\u03c5 \u03c0\u03c1\u03ad\u03c0\u03b5\u03b9 \u03bd\u03b1 \u03b5\u03c6\u03b1\u03c1\u03bc\u03cc\u03b6\u03bf\u03bd\u03c4\u03b1\u03b9 \u03ba\u03b1\u03c4\u03ac \u03c4\u03b7 \u03c7\u03c1\u03ae\u03c3\u03b7 \u03c4\u03bf\u03c5 \u03b4\u03b9\u03ba\u03c4\u03c5\u03b1\u03ba\u03bf\u03cd \u03c4\u03cc\u03c0\u03bf\u03c5 \u03ba\u03b1\u03b9 \u03c4\u03b1 \u03b4\u03b9\u03ba\u03b1\u03b9\u03ce\u03bc\u03b1\u03c4\u03b1 \u03ba\u03b1\u03b9 \u03c4\u03b9\u03c2 \u03c5\u03c0\u03bf\u03c7\u03c1\u03b5\u03ce\u03c3\u03b5\u03b9\u03c2 \u03c4\u03c9\u03bd \u03bc\u03b5\u03c1\u03ce\u03bd. \u0395\u03ac\u03bd \u03c3\u03c5\u03bd\u03b5\u03c7\u03af\u03c3\u03b5\u03c4\u03b5 \u03bd\u03b1 \u03c7\u03c1\u03b7\u03c3\u03b9\u03bc\u03bf\u03c0\u03bf\u03b9\u03b5\u03af\u03c4\u03b5 \u03c4\u03bf\u03bd \u03b9\u03c3\u03c4\u03cc\u03c4\u03bf\u03c0\u03bf, \u03b8\u03b5\u03c9\u03c1\u03b5\u03af\u03c4\u03b1\u03b9 \u03cc\u03c4\u03b9 \u03b1\u03c0\u03bf\u03b4\u03ad\u03c7\u03b5\u03c3\u03c4\u03b5 \u03c4\u03bf\u03c5\u03c2 \u03c0\u03b1\u03c1\u03cc\u03bd\u03c4\u03b5\u03c2 \u03cc\u03c1\u03bf\u03c5\u03c2.<\/p><p>\u03a0\u03b5\u03c1\u03b9\u03b5\u03c7\u03cc\u03bc\u03b5\u03bd\u03bf \u03ba\u03b1\u03b9 \u03c7\u03c1\u03ae\u03c3\u03b7 \u03c4\u03b7\u03c2 \u03c5\u03c0\u03b7\u03c1\u03b5\u03c3\u03af\u03b1\u03c2<\/p><p>\u039f\u03b9 \u03c5\u03c0\u03b7\u03c1\u03b5\u03c3\u03af\u03b5\u03c2 \u03c0\u03bf\u03c5 \u03c0\u03c1\u03bf\u03c3\u03c6\u03ad\u03c1\u03bf\u03bd\u03c4\u03b1\u03b9 \u03b1\u03c0\u03cc \u03b1\u03c5\u03c4\u03cc\u03bd \u03c4\u03bf\u03bd \u03b9\u03c3\u03c4\u03cc\u03c4\u03bf\u03c0\u03bf \u03ad\u03c7\u03bf\u03c5\u03bd \u03c3\u03c7\u03b5\u03b4\u03b9\u03b1\u03c3\u03c4\u03b5\u03af \u03b3\u03b9\u03b1 \u03bd\u03b1 \u03c7\u03c1\u03b7\u03c3\u03b9\u03bc\u03bf\u03c0\u03bf\u03b9\u03bf\u03cd\u03bd\u03c4\u03b1\u03b9 \u03c3\u03cd\u03bc\u03c6\u03c9\u03bd\u03b1 \u03bc\u03b5 \u03c4\u03bf\u03c5\u03c2 \u03bd\u03bf\u03bc\u03b9\u03ba\u03bf\u03cd\u03c2 \u03ba\u03b1\u03bd\u03bf\u03bd\u03b9\u03c3\u03bc\u03bf\u03cd\u03c2. \u039f\u03b9 \u03c7\u03c1\u03ae\u03c3\u03c4\u03b5\u03c2 \u03c5\u03c0\u03bf\u03c7\u03c1\u03b5\u03bf\u03cd\u03bd\u03c4\u03b1\u03b9 \u03bd\u03b1 \u03c3\u03c5\u03bc\u03bc\u03bf\u03c1\u03c6\u03ce\u03bd\u03bf\u03bd\u03c4\u03b1\u03b9 \u03bc\u03b5 \u03cc\u03bb\u03bf\u03c5\u03c2 \u03c4\u03bf\u03c5\u03c2 \u03bd\u03cc\u03bc\u03bf\u03c5\u03c2, \u03c4\u03b1 \u03ba\u03b1\u03c4\u03b1\u03c3\u03c4\u03b1\u03c4\u03b9\u03ba\u03ac \u03ba\u03b1\u03b9 \u03c4\u03bf\u03c5\u03c2 \u03ba\u03b1\u03bd\u03bf\u03bd\u03b9\u03c3\u03bc\u03bf\u03cd\u03c2, \u03c4\u03b9\u03c2 \u03b4\u03b9\u03b5\u03b8\u03bd\u03b5\u03af\u03c2 \u03c3\u03c5\u03bc\u03b2\u03ac\u03c3\u03b5\u03b9\u03c2 \u03ba\u03b1\u03b9 \u03c4\u03b1 \u03ad\u03b8\u03b9\u03bc\u03b1 \u03ba\u03b1\u03c4\u03ac \u03c4\u03b7 \u03c7\u03c1\u03ae\u03c3\u03b7 \u03c4\u03bf\u03c5 \u03b4\u03b9\u03ba\u03c4\u03c5\u03b1\u03ba\u03bf\u03cd \u03c4\u03cc\u03c0\u03bf\u03c5. \u0397 DH GIDA RESTORAN OTELC\u0130L\u0130K L\u0130M\u0130TED \u015e\u0130RKET\u0130 \u03b4\u03b9\u03b1\u03c4\u03b7\u03c1\u03b5\u03af \u03c4\u03bf \u03b4\u03b9\u03ba\u03b1\u03af\u03c9\u03bc\u03b1 \u03bd\u03b1 \u03b1\u03bb\u03bb\u03ac\u03be\u03b5\u03b9, \u03bd\u03b1 \u03b1\u03bd\u03b1\u03c3\u03c4\u03b5\u03af\u03bb\u03b5\u03b9 \u03ae \u03bd\u03b1 \u03c4\u03b5\u03c1\u03bc\u03b1\u03c4\u03af\u03c3\u03b5\u03b9 \u03c4\u03b9\u03c2 \u03c5\u03c0\u03b7\u03c1\u03b5\u03c3\u03af\u03b5\u03c2 \u03c4\u03b7\u03c2 \u03b1\u03bd\u03ac \u03c0\u03ac\u03c3\u03b1 \u03c3\u03c4\u03b9\u03b3\u03bc\u03ae, \u03b3\u03b9\u03b1 \u03bf\u03c0\u03bf\u03b9\u03bf\u03bd\u03b4\u03ae\u03c0\u03bf\u03c4\u03b5 \u03bb\u03cc\u03b3\u03bf, \u03c7\u03c9\u03c1\u03af\u03c2 \u03c0\u03c1\u03bf\u03b7\u03b3\u03bf\u03cd\u03bc\u03b5\u03bd\u03b7 \u03b5\u03b9\u03b4\u03bf\u03c0\u03bf\u03af\u03b7\u03c3\u03b7.<\/p><p>\u03a5\u03c0\u03bf\u03c7\u03c1\u03b5\u03ce\u03c3\u03b5\u03b9\u03c2 \u03c7\u03c1\u03ae\u03c3\u03c4\u03b7<\/p><p>\u039f\u03b9 \u03c7\u03c1\u03ae\u03c3\u03c4\u03b5\u03c2 \u03b1\u03c5\u03c4\u03bf\u03cd \u03c4\u03bf\u03c5 \u03b4\u03b9\u03ba\u03c4\u03c5\u03b1\u03ba\u03bf\u03cd \u03c4\u03cc\u03c0\u03bf\u03c5 \u03c5\u03c0\u03bf\u03c7\u03c1\u03b5\u03bf\u03cd\u03bd\u03c4\u03b1\u03b9 \u03bd\u03b1 \u03c3\u03c5\u03bc\u03bc\u03bf\u03c1\u03c6\u03ce\u03bd\u03bf\u03bd\u03c4\u03b1\u03b9 \u03bc\u03b5 \u03c4\u03bf\u03c5\u03c2 \u03b1\u03ba\u03cc\u03bb\u03bf\u03c5\u03b8\u03bf\u03c5\u03c2 \u03ba\u03b1\u03bd\u03cc\u03bd\u03b5\u03c2:<\/p><p>\u039d\u03b1 \u03bc\u03b7\u03bd \u03ba\u03bf\u03b9\u03bd\u03bf\u03c0\u03bf\u03b9\u03b5\u03af\u03c4\u03b5 \u03b1\u03bd\u03b1\u03c1\u03c4\u03ae\u03c3\u03b5\u03b9\u03c2 \u03c0\u03bf\u03c5 \u03b5\u03af\u03bd\u03b1\u03b9 \u03c0\u03b1\u03c1\u03ac\u03bd\u03bf\u03bc\u03b5\u03c2 \u03ba\u03b1\u03b9 \u03c3\u03c5\u03bd\u03b9\u03c3\u03c4\u03bf\u03cd\u03bd \u03c0\u03bf\u03b9\u03bd\u03b9\u03ba\u03cc \u03b1\u03b4\u03af\u03ba\u03b7\u03bc\u03b1.<br \/>\u039d\u03b1 \u03bc\u03b7\u03bd \u03c0\u03c1\u03bf\u03b2\u03b1\u03af\u03bd\u03b5\u03b9 \u03c3\u03b5 \u03b5\u03bd\u03ad\u03c1\u03b3\u03b5\u03b9\u03b5\u03c2 \u03c0\u03bf\u03c5 \u03c0\u03b1\u03c1\u03b1\u03b2\u03b9\u03ac\u03b6\u03bf\u03c5\u03bd \u03c4\u03b1 \u03b4\u03b9\u03ba\u03b1\u03b9\u03ce\u03bc\u03b1\u03c4\u03b1 \u03c0\u03bd\u03b5\u03c5\u03bc\u03b1\u03c4\u03b9\u03ba\u03ae\u03c2 \u03b9\u03b4\u03b9\u03bf\u03ba\u03c4\u03b7\u03c3\u03af\u03b1\u03c2 \u03c4\u03c1\u03af\u03c4\u03c9\u03bd.<br \/>\u038c\u03c7\u03b9 \u03b3\u03b9\u03b1 \u03bd\u03b1 \u03b4\u03b9\u03b1\u03b4\u03ce\u03c3\u03b5\u03c4\u03b5 \u03ba\u03b1\u03ba\u03cc\u03b2\u03bf\u03c5\u03bb\u03bf \u03bb\u03bf\u03b3\u03b9\u03c3\u03bc\u03b9\u03ba\u03cc \u03ae \u03bd\u03b1 \u03b5\u03ba\u03bc\u03b5\u03c4\u03b1\u03bb\u03bb\u03b5\u03c5\u03c4\u03b5\u03af\u03c4\u03b5 \u03c4\u03c1\u03c9\u03c4\u03ac \u03c3\u03b7\u03bc\u03b5\u03af\u03b1 \u03b1\u03c3\u03c6\u03b1\u03bb\u03b5\u03af\u03b1\u03c2.<br \/>\u039d\u03b1 \u03bc\u03b7\u03bd \u03ba\u03ac\u03bd\u03b5\u03b9 \u03ba\u03b1\u03c4\u03ac\u03c7\u03c1\u03b7\u03c3\u03b7 \u03ae \u03ba\u03b1\u03ba\u03ae \u03c7\u03c1\u03ae\u03c3\u03b7 \u03c4\u03c9\u03bd \u03c0\u03b1\u03c1\u03b5\u03c7\u03cc\u03bc\u03b5\u03bd\u03c9\u03bd \u03c5\u03c0\u03b7\u03c1\u03b5\u03c3\u03b9\u03ce\u03bd.<br \/>\u039d\u03b1 \u03bc\u03b7\u03bd \u03b5\u03bc\u03c0\u03bb\u03ad\u03ba\u03b5\u03c4\u03b1\u03b9 \u03c3\u03b5 \u03c3\u03c5\u03bc\u03c0\u03b5\u03c1\u03b9\u03c6\u03bf\u03c1\u03ad\u03c2 \u03c0\u03bf\u03c5 \u03b5\u03bc\u03c0\u03bf\u03b4\u03af\u03b6\u03bf\u03c5\u03bd \u03ac\u03bb\u03bb\u03bf\u03c5\u03c2 \u03c7\u03c1\u03ae\u03c3\u03c4\u03b5\u03c2 \u03bd\u03b1 \u03b5\u03c0\u03c9\u03c6\u03b5\u03bb\u03b7\u03b8\u03bf\u03cd\u03bd \u03b1\u03c0\u03cc \u03c4\u03b9\u03c2 \u03c0\u03c1\u03bf\u03c3\u03c6\u03b5\u03c1\u03cc\u03bc\u03b5\u03bd\u03b5\u03c2 \u03c5\u03c0\u03b7\u03c1\u03b5\u03c3\u03af\u03b5\u03c2.<br \/>\u03a0\u03bf\u03bb\u03b9\u03c4\u03b9\u03ba\u03ae \u03b1\u03c0\u03bf\u03c1\u03c1\u03ae\u03c4\u03bf\u03c5<\/p><p>\u03a3\u03c5\u03bd\u03b5\u03c7\u03af\u03b6\u03bf\u03bd\u03c4\u03b1\u03c2 \u03bd\u03b1 \u03c7\u03c1\u03b7\u03c3\u03b9\u03bc\u03bf\u03c0\u03bf\u03b9\u03b5\u03af\u03c4\u03b5 \u03b1\u03c5\u03c4\u03cc\u03bd \u03c4\u03bf\u03bd \u03b9\u03c3\u03c4\u03cc\u03c4\u03bf\u03c0\u03bf, \u03c3\u03c5\u03bc\u03c6\u03c9\u03bd\u03b5\u03af\u03c4\u03b5 \u03bc\u03b5 \u03c4\u03b7\u03bd \u03a0\u03bf\u03bb\u03b9\u03c4\u03b9\u03ba\u03ae \u0391\u03c0\u03bf\u03c1\u03c1\u03ae\u03c4\u03bf\u03c5 \u03bc\u03b1\u03c2. \u0391\u03bd\u03b1\u03c4\u03c1\u03ad\u03be\u03c4\u03b5 \u03c3\u03c4\u03b7\u03bd \u03a0\u03bf\u03bb\u03b9\u03c4\u03b9\u03ba\u03ae \u0391\u03c0\u03bf\u03c1\u03c1\u03ae\u03c4\u03bf\u03c5 \u03b3\u03b9\u03b1 \u03bb\u03b5\u03c0\u03c4\u03bf\u03bc\u03b5\u03c1\u03b5\u03af\u03c2 \u03c0\u03bb\u03b7\u03c1\u03bf\u03c6\u03bf\u03c1\u03af\u03b5\u03c2 \u03c3\u03c7\u03b5\u03c4\u03b9\u03ba\u03ac \u03bc\u03b5 \u03c4\u03bf\u03bd \u03c4\u03c1\u03cc\u03c0\u03bf \u03c3\u03c5\u03bb\u03bb\u03bf\u03b3\u03ae\u03c2, \u03c7\u03c1\u03ae\u03c3\u03b7\u03c2 \u03ba\u03b1\u03b9 \u03c0\u03c1\u03bf\u03c3\u03c4\u03b1\u03c3\u03af\u03b1\u03c2 \u03c4\u03c9\u03bd \u03c0\u03c1\u03bf\u03c3\u03c9\u03c0\u03b9\u03ba\u03ce\u03bd \u03c3\u03b1\u03c2 \u03b4\u03b5\u03b4\u03bf\u03bc\u03ad\u03bd\u03c9\u03bd.<\/p><p>\u0394\u03b9\u03ba\u03b1\u03b9\u03ce\u03bc\u03b1\u03c4\u03b1 \u03c0\u03bd\u03b5\u03c5\u03bc\u03b1\u03c4\u03b9\u03ba\u03ae\u03c2 \u03b9\u03b4\u03b9\u03bf\u03ba\u03c4\u03b7\u03c3\u03af\u03b1\u03c2<\/p><p>\u038c\u03bb\u03bf \u03c4\u03bf \u03c0\u03b5\u03c1\u03b9\u03b5\u03c7\u03cc\u03bc\u03b5\u03bd\u03bf, \u03bf \u03c3\u03c7\u03b5\u03b4\u03b9\u03b1\u03c3\u03bc\u03cc\u03c2, \u03c4\u03bf \u03bb\u03bf\u03b3\u03cc\u03c4\u03c5\u03c0\u03bf, \u03c4\u03bf \u03bb\u03bf\u03b3\u03b9\u03c3\u03bc\u03b9\u03ba\u03cc \u03ba\u03b1\u03b9 \u03ac\u03bb\u03bb\u03b1 \u03c5\u03bb\u03b9\u03ba\u03ac \u03c3\u03c4\u03b7\u03bd \u03b9\u03c3\u03c4\u03bf\u03c3\u03b5\u03bb\u03af\u03b4\u03b1, DH GIDA RESTORAN OTELC\u0130L\u0130K L\u0130M\u0130TED \u015e\u0130RKET\u0130 \u03ad\u03c7\u03b5\u03b9 \u03b4\u03b9\u03ba\u03b1\u03b9\u03ce\u03bc\u03b1\u03c4\u03b1 \u03c0\u03bd\u03b5\u03c5\u03bc\u03b1\u03c4\u03b9\u03ba\u03ae\u03c2 \u03b9\u03b4\u03b9\u03bf\u03ba\u03c4\u03b7\u03c3\u03af\u03b1\u03c2 \u03ba\u03b1\u03b9 \u03c0\u03bd\u03b5\u03c5\u03bc\u03b1\u03c4\u03b9\u03ba\u03ae\u03c2 \u03b9\u03b4\u03b9\u03bf\u03ba\u03c4\u03b7\u03c3\u03af\u03b1\u03c2 \u03ba\u03b1\u03b9 \u03c0\u03c1\u03bf\u03c3\u03c4\u03b1\u03c4\u03b5\u03cd\u03b5\u03c4\u03b1\u03b9 \u03b1\u03c0\u03cc \u03c4\u03bf \u03bd\u03cc\u03bc\u03bf \u03c0\u03b5\u03c1\u03af \u03c0\u03bd\u03b5\u03c5\u03bc\u03b1\u03c4\u03b9\u03ba\u03ce\u03bd \u03ba\u03b1\u03b9 \u03ba\u03b1\u03bb\u03bb\u03b9\u03c4\u03b5\u03c7\u03bd\u03b9\u03ba\u03ce\u03bd \u03ad\u03c1\u03b3\u03c9\u03bd \u03ba\u03b1\u03b9 \u03ac\u03bb\u03bb\u03bf\u03c5\u03c2 \u03bd\u03bf\u03bc\u03b9\u03ba\u03bf\u03cd\u03c2 \u03ba\u03b1\u03bd\u03bf\u03bd\u03b9\u03c3\u03bc\u03bf\u03cd\u03c2. \u0391\u03c0\u03b1\u03b3\u03bf\u03c1\u03b5\u03cd\u03b5\u03c4\u03b1\u03b9 \u03b7 \u03bc\u03b7 \u03b5\u03be\u03bf\u03c5\u03c3\u03b9\u03bf\u03b4\u03bf\u03c4\u03b7\u03bc\u03ad\u03bd\u03b7 \u03c7\u03c1\u03ae\u03c3\u03b7, \u03b1\u03bd\u03c4\u03b9\u03b3\u03c1\u03b1\u03c6\u03ae, \u03b1\u03bd\u03b1\u03c0\u03b1\u03c1\u03b1\u03b3\u03c9\u03b3\u03ae, \u03c4\u03c1\u03bf\u03c0\u03bf\u03c0\u03bf\u03af\u03b7\u03c3\u03b7 \u03ae \u03b4\u03b9\u03b1\u03bd\u03bf\u03bc\u03ae \u03c4\u03bf\u03c5 \u03c0\u03b5\u03c1\u03b9\u03b5\u03c7\u03bf\u03bc\u03ad\u03bd\u03bf\u03c5 \u03b1\u03c5\u03c4\u03bf\u03cd.<\/p><p>\u0393\u03b5\u03bd\u03b9\u03ba\u03ad\u03c2 \u03b4\u03b9\u03b1\u03c4\u03ac\u03be\u03b5\u03b9\u03c2<br \/>\u039c\u03b5 \u03c4\u03b7 \u03c3\u03c5\u03bd\u03ad\u03c7\u03b9\u03c3\u03b7 \u03c4\u03b7\u03c2 \u03c7\u03c1\u03ae\u03c3\u03b7\u03c2 \u03c4\u03bf\u03c5 \u03b9\u03c3\u03c4\u03cc\u03c4\u03bf\u03c0\u03bf\u03c5, \u03cc\u03bb\u03bf\u03b9 \u03bf\u03b9 \u03c7\u03c1\u03ae\u03c3\u03c4\u03b5\u03c2 \u03b1\u03c0\u03bf\u03b4\u03ad\u03c7\u03bf\u03bd\u03c4\u03b1\u03b9 \u03ba\u03b1\u03b9 \u03b4\u03b5\u03c3\u03bc\u03b5\u03cd\u03bf\u03bd\u03c4\u03b1\u03b9 \u03cc\u03c4\u03b9 \u03b8\u03b1 \u03c7\u03c1\u03b7\u03c3\u03b9\u03bc\u03bf\u03c0\u03bf\u03b9\u03bf\u03cd\u03bd \u03c4\u03b7\u03bd \u03c0\u03bb\u03b1\u03c4\u03c6\u03cc\u03c1\u03bc\u03b1 \u03b1\u03c5\u03c4\u03ae \u03c3\u03cd\u03bc\u03c6\u03c9\u03bd\u03b1 \u03bc\u03b5 \u03c4\u03bf \u03bd\u03cc\u03bc\u03bf \u03ba\u03b1\u03b9 \u03c4\u03b1 \u03c7\u03c1\u03b7\u03c3\u03c4\u03ac \u03ae\u03b8\u03b7 \u03ba\u03b1\u03b9 \u03bc\u03cc\u03bd\u03bf \u03b3\u03b9\u03b1 \u03c0\u03c1\u03bf\u03c3\u03c9\u03c0\u03b9\u03ba\u03bf\u03cd\u03c2 \u03c3\u03ba\u03bf\u03c0\u03bf\u03cd\u03c2 \u03ba\u03b1\u03b9 \u03cc\u03c4\u03b9 \u03b4\u03b5\u03bd \u03b8\u03b1 \u03c0\u03c1\u03bf\u03b2\u03b1\u03af\u03bd\u03bf\u03c5\u03bd \u03c3\u03b5 \u03b5\u03bd\u03ad\u03c1\u03b3\u03b5\u03b9\u03b5\u03c2 \u03c0\u03bf\u03c5 \u03c0\u03b1\u03c1\u03b1\u03b2\u03b9\u03ac\u03b6\u03bf\u03c5\u03bd \u03c4\u03b1 \u03b4\u03b9\u03ba\u03b1\u03b9\u03ce\u03bc\u03b1\u03c4\u03b1 \u03c4\u03c1\u03af\u03c4\u03c9\u03bd.<br \/>\u039f\u03b9 \u03bd\u03bf\u03bc\u03b9\u03ba\u03ad\u03c2 \u03ba\u03b1\u03b9 \u03c0\u03bf\u03b9\u03bd\u03b9\u03ba\u03ad\u03c2 \u03b5\u03c5\u03b8\u03cd\u03bd\u03b5\u03c2 \u03c4\u03c9\u03bd \u03c7\u03c1\u03b7\u03c3\u03c4\u03ce\u03bd \u03b3\u03b9\u03b1 \u03c4\u03b9\u03c2 \u03c3\u03c5\u03bd\u03b1\u03bb\u03bb\u03b1\u03b3\u03ad\u03c2 \u03ba\u03b1\u03b9 \u03c4\u03b9\u03c2 \u03b5\u03bd\u03ad\u03c1\u03b3\u03b5\u03b9\u03ad\u03c2 \u03c4\u03bf\u03c5\u03c2 \u03b5\u03bd\u03c4\u03cc\u03c2 \u03c4\u03b7\u03c2 \u03b9\u03c3\u03c4\u03bf\u03c3\u03b5\u03bb\u03af\u03b4\u03b1\u03c2 \u03b1\u03bd\u03ae\u03ba\u03bf\u03c5\u03bd \u03c3\u03c4\u03bf\u03c5\u03c2 \u03af\u03b4\u03b9\u03bf\u03c5\u03c2.<br \/>\u039a\u03ac\u03bd\u03bf\u03c5\u03bc\u03b5 \u03cc,\u03c4\u03b9 \u03bc\u03c0\u03bf\u03c1\u03bf\u03cd\u03bc\u03b5 \u03b3\u03b9\u03b1 \u03bd\u03b1 \u03b4\u03b9\u03b1\u03c3\u03c6\u03b1\u03bb\u03af\u03c3\u03bf\u03c5\u03bc\u03b5 \u03c4\u03b7\u03bd \u03b1\u03ba\u03c1\u03af\u03b2\u03b5\u03b9\u03b1 \u03ba\u03b1\u03b9 \u03c4\u03b7\u03bd \u03b5\u03c0\u03b9\u03ba\u03b1\u03b9\u03c1\u03cc\u03c4\u03b7\u03c4\u03b1 \u03c4\u03c9\u03bd \u03c0\u03bb\u03b7\u03c1\u03bf\u03c6\u03bf\u03c1\u03b9\u03ce\u03bd \u03c0\u03bf\u03c5 \u03c0\u03b5\u03c1\u03b9\u03ad\u03c7\u03bf\u03bd\u03c4\u03b1\u03b9 \u03c3\u03c4\u03bf\u03bd \u03b9\u03c3\u03c4\u03cc\u03c4\u03bf\u03c0\u03bf. \u03a9\u03c3\u03c4\u03cc\u03c3\u03bf, \u03c0\u03b1\u03c1' \u03cc\u03bb\u03b5\u03c2 \u03b1\u03c5\u03c4\u03ad\u03c2 \u03c4\u03b9\u03c2 \u03c0\u03c1\u03bf\u03c3\u03c0\u03ac\u03b8\u03b5\u03b9\u03b5\u03c2, \u03bf\u03b9 \u03c0\u03bb\u03b7\u03c1\u03bf\u03c6\u03bf\u03c1\u03af\u03b5\u03c2 \u03b1\u03c5\u03c4\u03ad\u03c2 \u03b5\u03bd\u03b4\u03ad\u03c7\u03b5\u03c4\u03b1\u03b9 \u03bd\u03b1 \u03c5\u03c3\u03c4\u03b5\u03c1\u03bf\u03cd\u03bd \u03c3\u03b5 \u03c3\u03c7\u03ad\u03c3\u03b7 \u03bc\u03b5 \u03c4\u03b9\u03c2 \u03c0\u03c1\u03b1\u03b3\u03bc\u03b1\u03c4\u03b9\u03ba\u03ad\u03c2 \u03b1\u03bb\u03bb\u03b1\u03b3\u03ad\u03c2 \u03ba\u03b1\u03b9 \u03b5\u03bd\u03b4\u03ad\u03c7\u03b5\u03c4\u03b1\u03b9 \u03bd\u03b1 \u03c5\u03c0\u03ac\u03c1\u03c7\u03bf\u03c5\u03bd \u03ba\u03ac\u03c0\u03bf\u03b9\u03b5\u03c2 \u03b4\u03b9\u03b1\u03c6\u03bf\u03c1\u03ad\u03c2.<br \/>\u039f \u03b9\u03c3\u03c4\u03cc\u03c4\u03bf\u03c0\u03bf\u03c2 \u03b5\u03bd\u03b4\u03ad\u03c7\u03b5\u03c4\u03b1\u03b9 \u03bd\u03b1 \u03c0\u03b5\u03c1\u03b9\u03ad\u03c7\u03b5\u03b9 \u03c5\u03c0\u03b5\u03c1\u03c3\u03c5\u03bd\u03b4\u03ad\u03c3\u03bc\u03bf\u03c5\u03c2 \u03c0\u03c1\u03bf\u03c2 \u03ac\u03bb\u03bb\u03bf\u03c5\u03c2 \u03b9\u03c3\u03c4\u03cc\u03c4\u03bf\u03c0\u03bf\u03c5\u03c2, \u03b5\u03c6\u03b1\u03c1\u03bc\u03bf\u03b3\u03ad\u03c2 \u03ba\u03b1\u03b9 \u03c0\u03bb\u03b1\u03c4\u03c6\u03cc\u03c1\u03bc\u03b5\u03c2 Inter \u03c0\u03bf\u03c5 \u03b4\u03b9\u03b1\u03c7\u03b5\u03b9\u03c1\u03af\u03b6\u03bf\u03bd\u03c4\u03b1\u03b9 \u03c4\u03c1\u03af\u03c4\u03bf\u03b9 \u03ba\u03b1\u03b9 \u03c4\u03c9\u03bd \u03bf\u03c0\u03bf\u03af\u03c9\u03bd \u03c4\u03bf \u03c0\u03b5\u03c1\u03b9\u03b5\u03c7\u03cc\u03bc\u03b5\u03bd\u03bf \u03b4\u03b5\u03bd \u03bc\u03b1\u03c2 \u03b5\u03af\u03bd\u03b1\u03b9 \u03b3\u03bd\u03c9\u03c3\u03c4\u03cc. \u0397 DH GIDA RESTORAN OTELC\u0130L\u0130K L\u0130M\u0130TED \u015e\u0130RKET\u0130 \u03c0\u03b1\u03c1\u03ad\u03c7\u03b5\u03b9 \u03bc\u03cc\u03bd\u03bf \u03c0\u03c1\u03cc\u03c3\u03b2\u03b1\u03c3\u03b7 \u03c3\u03b5 \u03b1\u03c5\u03c4\u03bf\u03cd\u03c2 \u03c4\u03bf\u03c5\u03c2 \u03b9\u03c3\u03c4\u03cc\u03c4\u03bf\u03c0\u03bf\u03c5\u03c2 \u03ba\u03b1\u03b9 \u03b4\u03b5\u03bd \u03c6\u03ad\u03c1\u03b5\u03b9 \u03ba\u03b1\u03bc\u03af\u03b1 \u03b5\u03c5\u03b8\u03cd\u03bd\u03b7 \u03b3\u03b9\u03b1 \u03c4\u03bf \u03c0\u03b5\u03c1\u03b9\u03b5\u03c7\u03cc\u03bc\u03b5\u03bd\u03cc \u03c4\u03bf\u03c5\u03c2.<br \/>\u03a0\u03b1\u03c1\u03cc\u03bb\u03bf \u03c0\u03bf\u03c5 \u03ba\u03b1\u03c4\u03b1\u03b2\u03ac\u03bb\u03bb\u03bf\u03c5\u03bc\u03b5 \u03ba\u03ac\u03b8\u03b5 \u03b4\u03c5\u03bd\u03b1\u03c4\u03ae \u03c0\u03c1\u03bf\u03c3\u03c0\u03ac\u03b8\u03b5\u03b9\u03b1 \u03b3\u03b9\u03b1 \u03bd\u03b1 \u03b4\u03b9\u03b1\u03c4\u03b7\u03c1\u03ae\u03c3\u03bf\u03c5\u03bc\u03b5 \u03c4\u03bf\u03bd \u03b9\u03c3\u03c4\u03cc\u03c4\u03bf\u03c0\u03bf \u03b1\u03c0\u03b1\u03bb\u03bb\u03b1\u03b3\u03bc\u03ad\u03bd\u03bf \u03b1\u03c0\u03cc \u03b9\u03bf\u03cd\u03c2, \u03b4\u03b5\u03bd \u03bc\u03c0\u03bf\u03c1\u03bf\u03cd\u03bc\u03b5 \u03bd\u03b1 \u03b5\u03b3\u03b3\u03c5\u03b7\u03b8\u03bf\u03cd\u03bc\u03b5 \u03cc\u03c4\u03b9 \u03bf\u03b9 \u03b9\u03bf\u03af \u03b5\u03af\u03bd\u03b1\u03b9 \u03b5\u03bd\u03c4\u03b5\u03bb\u03ce\u03c2 \u03b1\u03c0\u03b1\u03bb\u03bb\u03b1\u03b3\u03bc\u03ad\u03bd\u03bf\u03b9 \u03b1\u03c0\u03cc \u03b9\u03bf\u03cd\u03c2. \u03a9\u03c2 \u03b5\u03ba \u03c4\u03bf\u03cd\u03c4\u03bf\u03c5, \u03b5\u03af\u03bd\u03b1\u03b9 \u03b5\u03c5\u03b8\u03cd\u03bd\u03b7 \u03c4\u03c9\u03bd \u03c7\u03c1\u03b7\u03c3\u03c4\u03ce\u03bd \u03bd\u03b1 \u03bb\u03b1\u03bc\u03b2\u03ac\u03bd\u03bf\u03c5\u03bd \u03c4\u03b9\u03c2 \u03b1\u03c0\u03b1\u03c1\u03b1\u03af\u03c4\u03b7\u03c4\u03b5\u03c2 \u03c0\u03c1\u03bf\u03c6\u03c5\u03bb\u03ac\u03be\u03b5\u03b9\u03c2 \u03ba\u03b1\u03c4\u03ac \u03c4\u03c9\u03bd \u03b9\u03ce\u03bd \u03ba\u03b1\u03c4\u03ac \u03c4\u03b7 \u03bb\u03ae\u03c8\u03b7 \u03b4\u03b5\u03b4\u03bf\u03bc\u03ad\u03bd\u03c9\u03bd.<br \/>\u038c\u03c1\u03b9\u03b1 \u03b5\u03c5\u03b8\u03cd\u03bd\u03b7\u03c2<\/p><p>\u0397 DH GIDA RESTORAN OTELC\u0130L\u0130K L\u0130M\u0130TED \u015e\u0130RKET\u0130 \u03b4\u03b5\u03bd \u03bc\u03c0\u03bf\u03c1\u03b5\u03af \u03bd\u03b1 \u03b8\u03b5\u03c9\u03c1\u03b7\u03b8\u03b5\u03af \u03c5\u03c0\u03b5\u03cd\u03b8\u03c5\u03bd\u03b7 \u03b3\u03b9\u03b1 \u03bf\u03c0\u03bf\u03b9\u03b1\u03b4\u03ae\u03c0\u03bf\u03c4\u03b5 \u03ac\u03bc\u03b5\u03c3\u03b7, \u03ad\u03bc\u03bc\u03b5\u03c3\u03b7, \u03b5\u03b9\u03b4\u03b9\u03ba\u03ae \u03ae \u03c4\u03b9\u03bc\u03c9\u03c1\u03b7\u03c4\u03b9\u03ba\u03ae \u03b6\u03b7\u03bc\u03af\u03b1 \u03c0\u03bf\u03c5 \u03bc\u03c0\u03bf\u03c1\u03b5\u03af \u03bd\u03b1 \u03c0\u03c1\u03bf\u03ba\u03cd\u03c8\u03b5\u03b9 \u03b1\u03c0\u03cc \u03c4\u03b7 \u03c7\u03c1\u03ae\u03c3\u03b7 \u03c4\u03bf\u03c5 \u03b9\u03c3\u03c4\u03cc\u03c4\u03bf\u03c0\u03bf\u03c5. \u0397 \u03b9\u03c3\u03c4\u03bf\u03c3\u03b5\u03bb\u03af\u03b4\u03b1 \u03bc\u03b1\u03c2 \u03c0\u03c1\u03bf\u03c3\u03c6\u03ad\u03c1\u03b5\u03c4\u03b1\u03b9 \"\u03c9\u03c2 \u03ad\u03c7\u03b5\u03b9\" \u03ba\u03b1\u03b9 \u03b4\u03b5\u03bd \u03c0\u03b1\u03c1\u03ad\u03c7\u03b5\u03c4\u03b1\u03b9 \u03ba\u03b1\u03bc\u03af\u03b1 \u03b5\u03b3\u03b3\u03cd\u03b7\u03c3\u03b7 \u03cc\u03c4\u03b9 \u03b8\u03b1 \u03bb\u03b5\u03b9\u03c4\u03bf\u03c5\u03c1\u03b3\u03b5\u03af \u03c7\u03c9\u03c1\u03af\u03c2 \u03b4\u03b9\u03b1\u03ba\u03bf\u03c0\u03ae \u03ae \u03c3\u03c6\u03ac\u03bb\u03bc\u03b1.<\/p><p>\u0395\u03c0\u03af\u03bb\u03c5\u03c3\u03b7 \u03b4\u03b9\u03b1\u03c6\u03bf\u03c1\u03ce\u03bd<\/p><p>\u03a4\u03b1 \u03b4\u03b9\u03ba\u03b1\u03c3\u03c4\u03ae\u03c1\u03b9\u03b1 \u03ba\u03b1\u03b9 \u03c4\u03b1 \u03b3\u03c1\u03b1\u03c6\u03b5\u03af\u03b1 \u03b5\u03ba\u03c4\u03ad\u03bb\u03b5\u03c3\u03b7\u03c2 \u03c4\u03bf\u03c5 Edirne \u03b5\u03af\u03bd\u03b1\u03b9 \u03b1\u03c1\u03bc\u03cc\u03b4\u03b9\u03b1 \u03b3\u03b9\u03b1 \u03c4\u03b9\u03c2 \u03b4\u03b9\u03b1\u03c6\u03bf\u03c1\u03ad\u03c2 \u03c0\u03bf\u03c5 \u03b5\u03bd\u03b4\u03ad\u03c7\u03b5\u03c4\u03b1\u03b9 \u03bd\u03b1 \u03c0\u03c1\u03bf\u03ba\u03cd\u03c8\u03bf\u03c5\u03bd \u03b1\u03c0\u03cc \u03c4\u03b7 \u03c7\u03c1\u03ae\u03c3\u03b7 \u03b1\u03c5\u03c4\u03bf\u03cd \u03c4\u03bf\u03c5 \u03b4\u03b9\u03ba\u03c4\u03c5\u03b1\u03ba\u03bf\u03cd \u03c4\u03cc\u03c0\u03bf\u03c5. \u039f\u03b9 \u03c0\u03b1\u03c1\u03cc\u03bd\u03c4\u03b5\u03c2 \u03cc\u03c1\u03bf\u03b9 \u03b5\u03c1\u03bc\u03b7\u03bd\u03b5\u03cd\u03bf\u03bd\u03c4\u03b1\u03b9 \u03ba\u03b1\u03b9 \u03b5\u03c6\u03b1\u03c1\u03bc\u03cc\u03b6\u03bf\u03bd\u03c4\u03b1\u03b9 \u03c3\u03cd\u03bc\u03c6\u03c9\u03bd\u03b1 \u03bc\u03b5 \u03c4\u03bf\u03c5\u03c2 \u03bd\u03cc\u03bc\u03bf\u03c5\u03c2 \u03c4\u03b7\u03c2 \u03a4\u03bf\u03c5\u03c1\u03ba\u03af\u03b1\u03c2.<\/p><p>\u03a4\u03b5\u03bb\u03b9\u03ba\u03ad\u03c2 \u03b4\u03b9\u03b1\u03c4\u03ac\u03be\u03b5\u03b9\u03c2<\/p><p>\u039f\u03b9 \u03c0\u03b1\u03c1\u03cc\u03bd\u03c4\u03b5\u03c2 \u038c\u03c1\u03bf\u03b9 \u03a7\u03c1\u03ae\u03c3\u03b7\u03c2 \u03c4\u03ad\u03b8\u03b7\u03ba\u03b1\u03bd \u03c3\u03b5 \u03b9\u03c3\u03c7\u03cd \u03c3\u03c4\u03b9\u03c2 6 \u039f\u03ba\u03c4\u03c9\u03b2\u03c1\u03af\u03bf\u03c5 2025 \u03ba\u03b1\u03b9 \u03b1\u03bd \u03c3\u03c5\u03bd\u03b5\u03c7\u03af\u03c3\u03b5\u03c4\u03b5 \u03bd\u03b1 \u03c7\u03c1\u03b7\u03c3\u03b9\u03bc\u03bf\u03c0\u03bf\u03b9\u03b5\u03af\u03c4\u03b5 \u03c4\u03bf\u03bd \u0399\u03c3\u03c4\u03cc\u03c4\u03bf\u03c0\u03bf, \u03b8\u03b5\u03c9\u03c1\u03b5\u03af\u03c4\u03b1\u03b9 \u03cc\u03c4\u03b9 \u03b1\u03c0\u03bf\u03b4\u03ad\u03c7\u03b5\u03c3\u03c4\u03b5 \u03c4\u03bf\u03c5\u03c2 \u03c0\u03b1\u03c1\u03cc\u03bd\u03c4\u03b5\u03c2 \u038c\u03c1\u03bf\u03c5\u03c2 \u03a7\u03c1\u03ae\u03c3\u03b7\u03c2. \u0397 \u03b1\u03ba\u03c5\u03c1\u03cc\u03c4\u03b7\u03c4\u03b1 \u03bf\u03c0\u03bf\u03b9\u03b1\u03c3\u03b4\u03ae\u03c0\u03bf\u03c4\u03b5 \u03b4\u03b9\u03ac\u03c4\u03b1\u03be\u03b7\u03c2 \u03c4\u03c9\u03bd \u038c\u03c1\u03c9\u03bd \u03a7\u03c1\u03ae\u03c3\u03b7\u03c2 \u03b4\u03b5\u03bd \u03b5\u03c0\u03b7\u03c1\u03b5\u03ac\u03b6\u03b5\u03b9 \u03c4\u03b7\u03bd \u03b5\u03b3\u03ba\u03c5\u03c1\u03cc\u03c4\u03b7\u03c4\u03b1 \u03c4\u03c9\u03bd \u03ac\u03bb\u03bb\u03c9\u03bd \u03b4\u03b9\u03b1\u03c4\u03ac\u03be\u03b5\u03c9\u03bd.<\/p>\t\t\t\t\t\t\t\t<\/div>\n\t\t\t\t\t<\/div>\n\t\t\t\t<\/div>\n\t\t\t\t<\/div>","protected":false},"excerpt":{"rendered":"<p>Bu Kullan\u0131m Ko\u015fullar\u0131, https:\/\/rustempasakervansaray.com.tr\/ adresindeki \u0130nternet sitesini kullan\u0131rken uyman\u0131z gereken kurallar\u0131 i\u00e7ermektedir. L\u00fctfen \u0130nternet sitesini kullanmaya devam etmeden \u00f6nce bu ko\u015fullar\u0131 dikkatli bir \u015fekilde okuyunuz. Kapsam ve De\u011fi\u015fiklikler https:\/\/rustempasakervansaray.com.tr\/ adresindeki \u0130nternet sitesi, DH GIDA RESTORAN OTELC\u0130L\u0130K L\u0130M\u0130TED \u015e\u0130RKET\u0130 taraf\u0131ndan i\u015fletilmektedir. Bu Kullan\u0131m Ko\u015fullar\u0131, \u0130nternet sitesi kullan\u0131m\u0131 s\u0131ras\u0131nda uygulanacak kurallar\u0131 ve taraflar\u0131n hak ve y\u00fck\u00fcml\u00fcl\u00fcklerini belirlemektedir. [&hellip;]<\/p>","protected":false},"author":2,"featured_media":0,"parent":0,"menu_order":0,"comment_status":"closed","ping_status":"closed","template":"","meta":{"footnotes":""},"class_list":["post-2692","page","type-page","status-publish","hentry"],"_links":{"self":[{"href":"https:\/\/rustempasakervansaray.com.tr\/el\/wp-json\/wp\/v2\/pages\/2692","targetHints":{"allow":["GET"]}}],"collection":[{"href":"https:\/\/rustempasakervansaray.com.tr\/el\/wp-json\/wp\/v2\/pages"}],"about":[{"href":"https:\/\/rustempasakervansaray.com.tr\/el\/wp-json\/wp\/v2\/types\/page"}],"author":[{"embeddable":true,"href":"https:\/\/rustempasakervansaray.com.tr\/el\/wp-json\/wp\/v2\/users\/2"}],"replies":[{"embeddable":true,"href":"https:\/\/rustempasakervansaray.com.tr\/el\/wp-json\/wp\/v2\/comments?post=2692"}],"version-history":[{"count":7,"href":"https:\/\/rustempasakervansaray.com.tr\/el\/wp-json\/wp\/v2\/pages\/2692\/revisions"}],"predecessor-version":[{"id":2762,"href":"https:\/\/rustempasakervansaray.com.tr\/el\/wp-json\/wp\/v2\/pages\/2692\/revisions\/2762"}],"wp:attachment":[{"href":"https:\/\/rustempasakervansaray.com.tr\/el\/wp-json\/wp\/v2\/media?parent=2692"}],"curies":[{"name":"wp","href":"https:\/\/api.w.org\/{rel}","templated":true}]}}