{"id":2766,"date":"2025-10-06T07:10:23","date_gmt":"2025-10-06T04:10:23","guid":{"rendered":"https:\/\/rustempasakervansaray.com.tr\/?page_id=2766"},"modified":"2026-04-08T19:25:34","modified_gmt":"2026-04-08T16:25:34","slug":"restoran-kafe","status":"publish","type":"page","link":"https:\/\/rustempasakervansaray.com.tr\/de\/restoran-kafe\/","title":{"rendered":"Restaurant &amp; Cafe"},"content":{"rendered":"<div data-elementor-type=\"wp-page\" data-elementor-id=\"2766\" class=\"elementor elementor-2766\" data-elementor-post-type=\"page\">\n\t\t\t\t<div class=\"elementor-element elementor-element-c83a88f e-flex e-con-boxed e-con e-parent\" data-id=\"c83a88f\" data-element_type=\"container\" data-settings=\"{&quot;background_background&quot;:&quot;classic&quot;}\">\n\t\t\t\t\t<div class=\"e-con-inner\">\n\t\t\t\t\t<\/div>\n\t\t\t\t<\/div>\n\t\t<div class=\"elementor-element elementor-element-f6e67a5 e-flex e-con-boxed e-con e-parent\" data-id=\"f6e67a5\" data-element_type=\"container\">\n\t\t\t\t\t<div class=\"e-con-inner\">\n\t\t\t\t<div class=\"elementor-element elementor-element-15bdc3f elementor-widget__width-initial elementor-widget elementor-widget-heading\" data-id=\"15bdc3f\" data-element_type=\"widget\" data-widget_type=\"heading.default\">\n\t\t\t\t\t<p class=\"elementor-heading-title elementor-size-default\">Zwischen den Steinmauern der R\u00fcstempa\u015fa-Karawanserei halten wir die Spuren der Gespr\u00e4che und der Gastfreundschaft, die seit Jahrhunderten nachhallen, bis heute lebendig. An diesem Ort, der die Eleganz der osmanischen Epoche mit dem Komfort von heute verbindet, werden traditionelle Aromen in einer modernen Interpretation wieder lebendig.<\/p>\t\t\t\t<\/div>\n\t\t\t\t<div class=\"elementor-element elementor-element-c3683c4 elementor-widget elementor-widget-button\" data-id=\"c3683c4\" data-element_type=\"widget\" data-widget_type=\"button.default\">\n\t\t\t\t\t\t\t\t\t\t<a class=\"elementor-button elementor-button-link elementor-size-sm\" href=\"https:\/\/www.google.com\/maps?hl=tr&#038;gl=tr&#038;um=1&#038;ie=UTF-8&#038;fb=1&#038;sa=X&#038;geocode=KQlkl0BdL7MUMVvxk8lSGTca&#038;daddr=Sabuni,+22100+Edirne+Merkez\/Edirne\">\n\t\t\t\t\t\t<span class=\"elementor-button-content-wrapper\">\n\t\t\t\t\t\t\t\t\t<span class=\"elementor-button-text\">Wegbeschreibung erhalten<\/span>\n\t\t\t\t\t<\/span>\n\t\t\t\t\t<\/a>\n\t\t\t\t\t\t\t\t<\/div>\n\t\t\t\t\t<\/div>\n\t\t\t\t<\/div>\n\t\t<div class=\"elementor-element elementor-element-2e2a830 e-flex e-con-boxed e-con e-parent\" data-id=\"2e2a830\" data-element_type=\"container\" data-color=\"bgdefaultcolor\">\n\t\t\t\t\t<div class=\"e-con-inner\">\n\t\t<div class=\"elementor-element elementor-element-a3fd25c e-con-full e-flex e-con e-child\" data-id=\"a3fd25c\" data-element_type=\"container\">\n\t\t\t\t<div class=\"elementor-element elementor-element-0fcbab0 elementor-widget elementor-widget-heading\" data-id=\"0fcbab0\" data-element_type=\"widget\" data-widget_type=\"heading.default\">\n\t\t\t\t\t<p class=\"elementor-heading-title elementor-size-default\">Treffen Sie sich in der Textur der Geschichte und der Eleganz des Geschmacks<\/p>\t\t\t\t<\/div>\n\t\t\t\t<div class=\"elementor-element elementor-element-44f1b5d elementor-widget__width-initial elementor-widget elementor-widget-heading\" data-id=\"44f1b5d\" data-element_type=\"widget\" data-widget_type=\"heading.default\">\n\t\t\t\t\t<p class=\"elementor-heading-title elementor-size-default\">Ein Erlebnis, das im Schatten jahrhundertealter Steine eine Spur am Gaumen hinterl\u00e4sst<\/p>\t\t\t\t<\/div>\n\t\t<div class=\"elementor-element elementor-element-8ec03d8 e-con-full e-flex e-con e-child\" data-id=\"8ec03d8\" data-element_type=\"container\">\n\t\t\t\t<div class=\"elementor-element elementor-element-da32be7 elementor-widget elementor-widget-text-editor\" data-id=\"da32be7\" data-element_type=\"widget\" data-widget_type=\"text-editor.default\">\n\t\t\t\t\t\t\t\t\t<p class=\"p1\">Inmitten der jahrhundertealten Steinmauern der R\u00fcstempa\u015fa-Karawanserei vereinen wir die Pracht der Vergangenheit mit dem Komfort von heute. In unserem Restaurant verbinden wir frische und lokale Aromen aus den fruchtbaren B\u00f6den von Edirne mit den eleganten Akzenten der osmanischen K\u00fcche. Jedes Gericht erz\u00e4hlt eine Geschichte aus den Tiefen der Geschichte, jeder Geschmack l\u00e4sst eine Erinnerung aufleben, die im Hof der Karawanserei widerhallt.<\/p><p class=\"p1\">Am Abend erwartet Sie eine angenehme Atmosph\u00e4re mit speziellen Getr\u00e4nken, die im Barbereich zubereitet werden, begleitet von ged\u00e4mpftem Licht unter den Steinb\u00f6gen. Mit Cocktails, lokalen Weinen und Hei\u00dfgetr\u00e4nken, die mit modernen Interpretationen traditioneller Geschmacksrichtungen gemischt werden, k\u00f6nnen Sie eine ruhige Nacht im Herzen der Geschichte erleben.<\/p>\t\t\t\t\t\t\t\t<\/div>\n\t\t\t\t<\/div>\n\t\t\t\t<div class=\"elementor-element elementor-element-7f1ba15 elementor-widget elementor-widget-button\" data-id=\"7f1ba15\" data-element_type=\"widget\" data-widget_type=\"button.default\">\n\t\t\t\t\t\t\t\t\t\t<a class=\"elementor-button elementor-button-link elementor-size-sm\" href=\"https:\/\/rustempasakervansarayotel.kantqr.com\/\">\n\t\t\t\t\t\t<span class=\"elementor-button-content-wrapper\">\n\t\t\t\t\t\t\t\t\t<span class=\"elementor-button-text\">Men\u00fc ansehen<\/span>\n\t\t\t\t\t<\/span>\n\t\t\t\t\t<\/a>\n\t\t\t\t\t\t\t\t<\/div>\n\t\t\t\t<\/div>\n\t\t<div class=\"elementor-element elementor-element-f0baad5 e-con-full e-flex e-con e-child\" data-id=\"f0baad5\" data-element_type=\"container\">\n\t\t\t\t<div class=\"elementor-element elementor-element-9b63426 animated-slow elementor-invisible elementor-widget elementor-widget-image\" data-id=\"9b63426\" data-element_type=\"widget\" data-settings=\"{&quot;_animation&quot;:&quot;fadeIn&quot;}\" data-widget_type=\"image.default\">\n\t\t\t\t\t\t\t\t\t\t\t\t\t\t\t<img fetchpriority=\"high\" decoding=\"async\" width=\"561\" height=\"842\" src=\"https:\/\/rustempasakervansaray.com.tr\/wp-content\/uploads\/2025\/10\/rustempasa-kervansaray-restoran-bar.jpg\" class=\"attachment-full size-full wp-image-2779\" alt=\"\" srcset=\"https:\/\/rustempasakervansaray.com.tr\/wp-content\/uploads\/2025\/10\/rustempasa-kervansaray-restoran-bar.jpg 561w, https:\/\/rustempasakervansaray.com.tr\/wp-content\/uploads\/2025\/10\/rustempasa-kervansaray-restoran-bar-200x300.jpg 200w, https:\/\/rustempasakervansaray.com.tr\/wp-content\/uploads\/2025\/10\/rustempasa-kervansaray-restoran-bar-8x12.jpg 8w\" sizes=\"(max-width: 561px) 100vw, 561px\" \/>\t\t\t\t\t\t\t\t\t\t\t\t\t\t\t<\/div>\n\t\t\t\t<\/div>\n\t\t\t\t\t<\/div>\n\t\t\t\t<\/div>\n\t\t\t\t<\/div>","protected":false},"excerpt":{"rendered":"<p>R\u00fcstempa\u015fa Kervansaray\u0131\u2019n\u0131n ta\u015f duvarlar\u0131 aras\u0131nda, as\u0131rlard\u0131r yank\u0131lanan sohbetlerin ve misafirperverli\u011fin izlerini bug\u00fcn de ya\u015fat\u0131yoruz. Osmanl\u0131 d\u00f6neminin zarafetini g\u00fcn\u00fcm\u00fcz konforuyla bulu\u015fturan bu mek\u00e2nda, geleneksel tatlar modern bir yorumla yeniden hayat buluyor. Yol Tarifi Al\u0131n Tarihin dokusunda, lezzetin zarafetinde bulu\u015fun As\u0131rl\u0131k ta\u015flar\u0131n g\u00f6lgesinde, damakta iz b\u0131rakan bir deneyim R\u00fcstempa\u015fa Kervansaray\u0131\u2019n\u0131n y\u00fczy\u0131ll\u0131k ta\u015f duvarlar\u0131 aras\u0131nda, ge\u00e7mi\u015fin g\u00f6rkemini ve [&hellip;]<\/p>","protected":false},"author":2,"featured_media":0,"parent":0,"menu_order":0,"comment_status":"closed","ping_status":"closed","template":"","meta":{"footnotes":""},"class_list":["post-2766","page","type-page","status-publish","hentry"],"_links":{"self":[{"href":"https:\/\/rustempasakervansaray.com.tr\/de\/wp-json\/wp\/v2\/pages\/2766","targetHints":{"allow":["GET"]}}],"collection":[{"href":"https:\/\/rustempasakervansaray.com.tr\/de\/wp-json\/wp\/v2\/pages"}],"about":[{"href":"https:\/\/rustempasakervansaray.com.tr\/de\/wp-json\/wp\/v2\/types\/page"}],"author":[{"embeddable":true,"href":"https:\/\/rustempasakervansaray.com.tr\/de\/wp-json\/wp\/v2\/users\/2"}],"replies":[{"embeddable":true,"href":"https:\/\/rustempasakervansaray.com.tr\/de\/wp-json\/wp\/v2\/comments?post=2766"}],"version-history":[{"count":25,"href":"https:\/\/rustempasakervansaray.com.tr\/de\/wp-json\/wp\/v2\/pages\/2766\/revisions"}],"predecessor-version":[{"id":2978,"href":"https:\/\/rustempasakervansaray.com.tr\/de\/wp-json\/wp\/v2\/pages\/2766\/revisions\/2978"}],"wp:attachment":[{"href":"https:\/\/rustempasakervansaray.com.tr\/de\/wp-json\/wp\/v2\/media?parent=2766"}],"curies":[{"name":"wp","href":"https:\/\/api.w.org\/{rel}","templated":true}]}}