{"id":2697,"date":"2025-10-06T05:35:25","date_gmt":"2025-10-06T02:35:25","guid":{"rendered":"https:\/\/rustempasakervansaray.com.tr\/?page_id=2697"},"modified":"2025-10-06T07:08:31","modified_gmt":"2025-10-06T04:08:31","slug":"cerez-politikasi","status":"publish","type":"page","link":"https:\/\/rustempasakervansaray.com.tr\/de\/cerez-politikasi\/","title":{"rendered":"Cookie-Richtlinie"},"content":{"rendered":"<div data-elementor-type=\"wp-page\" data-elementor-id=\"2697\" class=\"elementor elementor-2697\" data-elementor-post-type=\"page\">\n\t\t\t\t<div class=\"elementor-element elementor-element-070b18f e-flex e-con-boxed e-con e-parent\" data-id=\"070b18f\" data-element_type=\"container\" data-settings=\"{&quot;background_background&quot;:&quot;classic&quot;}\">\n\t\t\t\t\t<div class=\"e-con-inner\">\n\t\t\t\t\t<\/div>\n\t\t\t\t<\/div>\n\t\t<div class=\"elementor-element elementor-element-14f0d3e e-flex e-con-boxed e-con e-parent\" data-id=\"14f0d3e\" data-element_type=\"container\">\n\t\t\t\t\t<div class=\"e-con-inner\">\n\t\t\t\t<div class=\"elementor-element elementor-element-0674ede elementor-widget elementor-widget-text-editor\" data-id=\"0674ede\" data-element_type=\"widget\" data-widget_type=\"text-editor.default\">\n\t\t\t\t\t\t\t\t\t<p>Der Zweck dieses Textes ist es, Sie \u00fcber die Verarbeitung personenbezogener Daten zu informieren, die automatisch durch die Platzierung von Cookies, die von der von Ihnen besuchten Website auf Ihrem Ger\u00e4t verwendet werden, erhalten werden, welche Arten von Cookies wir f\u00fcr welche Zwecke verwenden und wie Sie diese Cookies verwalten k\u00f6nnen. Innerhalb der Plattform gibt es obligatorische Cookies, die wir verwenden, um die Dienstleistungen zu erbringen, sowie analytische Cookies, Verhaltens-Cookies, Marketing-Cookies, Werbe-Cookies, Social-Plug-in-Cookies, lokale Speicher-Cookies, die von der ausdr\u00fccklichen Zustimmung der Nutzer abh\u00e4ngen.<\/p><p>Was ist ein Cookie?<\/p><p>Cookies sind niedrigdimensionale Rich-Text-Formate, die es erm\u00f6glichen, bestimmte Informationen \u00fcber Nutzer auf den Endger\u00e4ten der Nutzer zu speichern, wenn eine Website besucht wird. Cookies k\u00f6nnen beim ersten Besuch einer Website \u00fcber Ihren Browser auf Ihrem Ger\u00e4t gespeichert werden. Wenn Sie dieselbe Website mit demselben Ger\u00e4t erneut besuchen, pr\u00fcft Ihr Browser, ob auf Ihrem Ger\u00e4t ein Cookie im Namen der Website registriert ist. Wenn dies der Fall ist, \u00fcbermittelt er die Daten des Datensatzes an die von Ihnen besuchte Website. Auf diese Weise erkennt die Website Ihren vorherigen Besuch und bestimmt den Inhalt, der an Sie \u00fcbermittelt werden soll.<\/p><p>Warum werden Cookies verwendet?<\/p><p>Cookies werden f\u00fcr einen effizienteren Betrieb der Website und zur Bereitstellung von Diensten verwendet, die besser auf die pers\u00f6nlichen Bed\u00fcrfnisse der Nutzer zugeschnitten sind. Die von uns verwendeten Cookies erf\u00fcllen Funktionen wie das Sammeln von Informationen, die Erh\u00f6hung der Funktionalit\u00e4t und Leistung unserer Website, die Verbesserung der Nutzererfahrung und die Erf\u00fcllung rechtlicher Verpflichtungen. Dar\u00fcber hinaus verwenden wir dank der Cookies:<\/p><p>Ihre Sitzungsdaten sind gesch\u00fctzt und Ihre Sicherheit ist gew\u00e4hrleistet.<br \/>Ihr Erlebnis vor Ort wird verbessert und beschleunigt.<br \/>Ihre Pr\u00e4ferenzen werden gespeichert, und es werden Ihnen spezielle Inhalte angeboten.<br \/>Die Servicequalit\u00e4t wird durch die Analyse der Standortnutzung verbessert.<br \/>Arten von Cookies und Verwendungszwecke<br \/>Analytische Cookies<\/p><p>Analytische Cookies sind Cookies, die statistische Messungen erm\u00f6glichen, um das Verhalten der Nutzer zu analysieren. Diese Cookies werden verwendet, um die Leistung der Website und die Qualit\u00e4t des angebotenen Dienstes zu verbessern.<\/p><p>Verhaltensbasierte Cookies<\/p><p>Verhaltens-Cookies sind Cookies, die verwendet werden, um die Aktivit\u00e4ten der Nutzer auf der Website zu \u00fcberwachen, diese Aktivit\u00e4ten zu analysieren und zu profilieren und so den Nutzern eine individuellere Erfahrung zu bieten.<\/p><p>Marketing-Cookies<\/p><p>Marketing-Cookies sind Cookies, die verwendet werden, um die Online-Bewegungen der Nutzer zu verfolgen, ihre pers\u00f6nlichen Interessen zu ermitteln und Werbung und Marketing-Inhalte f\u00fcr diese Interessen anzuzeigen.<\/p><p>Werbung Cookies<\/p><p>Werbe-Cookies sind Cookies, die von Werbepartnern \u00fcber die Website platziert werden, und unterliegen der Verantwortung der Dritten, die sie platzieren. Diese Cookies werden von Dritten verwendet, um Profile von Nutzern nach ihren Interessen zu erstellen und um geeignete Werbeinhalte zu ermitteln und anzuzeigen.<\/p><p>Social Plugin Cookies<\/p><p>Social-Plug-in-Cookies sind Cookies, die zur Integration von Social-Media-Plattformen in Websites verwendet werden. Diese Cookies funktionieren \u00fcber \"Social Plug-in-Module\", die es den Nutzern sozialer Medien erm\u00f6glichen, die Inhalte, die ihnen gefallen, oder die Kommentare, die sie abgeben, mit ihren \"Freunden\" zu teilen.<\/p><p>Lokale Speicherung<\/p><p>Die lokale Speicherung ist eine Technologie, die zur Speicherung von Daten in Internet-Browsern verwendet wird. Dieses System wird verwendet, um sich an die Pr\u00e4ferenzen der Nutzer zu erinnern, Sitzungsinformationen zu speichern und die Leistung der Website zu verbessern. Im Gegensatz zu Cookies werden diese Daten nicht automatisch an den Server gesendet.<\/p><p>Obligatorische Cookies<\/p><p>Obligatorische Cookies sind Cookies, die f\u00fcr den Betrieb einer Website erforderlich sind. Diese Cookies werden zwingend verwendet, um eine vom Nutzer angeforderte Informationserfassung (z. B. Einloggen, Ausf\u00fcllen von Formularen, Speichern von Datenschutzeinstellungen) durchzuf\u00fchren. Werden obligatorische Cookies, die nicht f\u00fcr Marketingzwecke bestimmt sind, blockiert, funktionieren einige Teile der Website nicht und die Website kann ihre erwartete Funktion nicht erf\u00fcllen.<\/p><p>Cookie-Verwaltung<\/p><p>Sie k\u00f6nnen Ihre Cookie-Pr\u00e4ferenzen jederzeit in den Einstellungen Ihres Browsers \u00e4ndern. Sie k\u00f6nnen Cookies vollst\u00e4ndig deaktivieren oder bestimmte Arten von Cookies zulassen. Die meisten Browser sind so eingestellt, dass sie Cookies standardm\u00e4\u00dfig akzeptieren, aber Sie k\u00f6nnen Ihren Browser so einstellen, dass er Cookies ablehnt oder eine Warnung ausgibt, wenn Cookies gesendet werden. F\u00fcr weitere Informationen k\u00f6nnen Sie uns unter info@rustempasakervansaray.com.tr kontaktieren.<\/p><p>Browser-Einstellungen<\/p><p>\u00dcber das Cookie-Verwaltungspanel k\u00f6nnen die Nutzer die Arten von Cookies sehen, die auf unserer Website verwendet werden, und ihre Einstellungen f\u00fcr alle Cookies au\u00dfer den obligatorischen Cookies festlegen. Sie k\u00f6nnen die Links unten verwenden, um die Cookie-Einstellungen g\u00e4ngiger Browser zu \u00e4ndern:<\/p><p>Google Chrome: chrome:\/\/settings\/cookies<br \/>Mozilla Firefox: about:preferences#privatsph\u00e4re<br \/>Safari Einstellungen &gt; Datenschutz<br \/>Microsoft Edge: edge:\/\/settings\/privacy<br \/>Opera: opera:\/\/Einstellungen\/Datenschutz<br \/>Aktualisierungen<\/p><p>Diese Cookie-Richtlinie wird bei Bedarf aktualisiert. \u00c4nderungen treten in Kraft, sobald sie ver\u00f6ffentlicht werden.<\/p><p>Zuletzt aktualisiert am 6. Oktober 2025<\/p>\t\t\t\t\t\t\t\t<\/div>\n\t\t\t\t\t<\/div>\n\t\t\t\t<\/div>\n\t\t\t\t<\/div>","protected":false},"excerpt":{"rendered":"<p>Bu metnin amac\u0131, ziyaret etmekte oldu\u011funuz \u0130nternet sitesi taraf\u0131ndan kullan\u0131lan \u00e7erezlerin cihaz\u0131n\u0131za yerle\u015ftirilmesi arac\u0131l\u0131\u011f\u0131yla otomatik yolla elde edilen ki\u015fisel verilerin i\u015flenmesine ili\u015fkin olarak, hangi ama\u00e7larla hangi t\u00fcr \u00e7erezleri kulland\u0131\u011f\u0131m\u0131z ve bu \u00e7erezleri nas\u0131l y\u00f6netebilece\u011finiz konular\u0131nda sizlere bilgi vermektir. Platform i\u00e7erisinde, hizmetlerin yerine getirilebilmesi i\u00e7in kulland\u0131\u011f\u0131m\u0131z zorunlu \u00e7erezler ile bunlar haricinde kullan\u0131c\u0131lar\u0131n a\u00e7\u0131k r\u0131zalar\u0131na ba\u011fl\u0131 Analitik [&hellip;]<\/p>","protected":false},"author":2,"featured_media":0,"parent":0,"menu_order":0,"comment_status":"closed","ping_status":"closed","template":"","meta":{"footnotes":""},"class_list":["post-2697","page","type-page","status-publish","hentry"],"_links":{"self":[{"href":"https:\/\/rustempasakervansaray.com.tr\/de\/wp-json\/wp\/v2\/pages\/2697","targetHints":{"allow":["GET"]}}],"collection":[{"href":"https:\/\/rustempasakervansaray.com.tr\/de\/wp-json\/wp\/v2\/pages"}],"about":[{"href":"https:\/\/rustempasakervansaray.com.tr\/de\/wp-json\/wp\/v2\/types\/page"}],"author":[{"embeddable":true,"href":"https:\/\/rustempasakervansaray.com.tr\/de\/wp-json\/wp\/v2\/users\/2"}],"replies":[{"embeddable":true,"href":"https:\/\/rustempasakervansaray.com.tr\/de\/wp-json\/wp\/v2\/comments?post=2697"}],"version-history":[{"count":7,"href":"https:\/\/rustempasakervansaray.com.tr\/de\/wp-json\/wp\/v2\/pages\/2697\/revisions"}],"predecessor-version":[{"id":2765,"href":"https:\/\/rustempasakervansaray.com.tr\/de\/wp-json\/wp\/v2\/pages\/2697\/revisions\/2765"}],"wp:attachment":[{"href":"https:\/\/rustempasakervansaray.com.tr\/de\/wp-json\/wp\/v2\/media?parent=2697"}],"curies":[{"name":"wp","href":"https:\/\/api.w.org\/{rel}","templated":true}]}}