{"id":2692,"date":"2025-10-06T05:34:33","date_gmt":"2025-10-06T02:34:33","guid":{"rendered":"https:\/\/rustempasakervansaray.com.tr\/?page_id=2692"},"modified":"2025-10-06T07:08:17","modified_gmt":"2025-10-06T04:08:17","slug":"kullanim-kosullari","status":"publish","type":"page","link":"https:\/\/rustempasakervansaray.com.tr\/de\/kullanim-kosullari\/","title":{"rendered":"Nutzungsbedingungen"},"content":{"rendered":"<div data-elementor-type=\"wp-page\" data-elementor-id=\"2692\" class=\"elementor elementor-2692\" data-elementor-post-type=\"page\">\n\t\t\t\t<div class=\"elementor-element elementor-element-bdaf3c1 e-flex e-con-boxed e-con e-parent\" data-id=\"bdaf3c1\" data-element_type=\"container\" data-settings=\"{&quot;background_background&quot;:&quot;classic&quot;}\">\n\t\t\t\t\t<div class=\"e-con-inner\">\n\t\t\t\t\t<\/div>\n\t\t\t\t<\/div>\n\t\t<div class=\"elementor-element elementor-element-1192de3 e-flex e-con-boxed e-con e-parent\" data-id=\"1192de3\" data-element_type=\"container\">\n\t\t\t\t\t<div class=\"e-con-inner\">\n\t\t\t\t<div class=\"elementor-element elementor-element-d550ef8 elementor-widget elementor-widget-text-editor\" data-id=\"d550ef8\" data-element_type=\"widget\" data-widget_type=\"text-editor.default\">\n\t\t\t\t\t\t\t\t\t<p>Diese Nutzungsbedingungen enthalten die Regeln, die Sie bei der Nutzung der Website https:\/\/rustempasakervansaray.com.tr\/ beachten m\u00fcssen. Bitte lesen Sie diese Bedingungen sorgf\u00e4ltig durch, bevor Sie die Website weiter nutzen.<\/p><p>Umfang und \u00c4nderungen<\/p><p>Die Website https:\/\/rustempasakervansaray.com.tr\/ wird von DH GIDA RESTORAN OTELC\u0130L\u0130K L\u0130M\u0130TED \u015e\u0130RKET\u0130 betrieben. Die vorliegenden Nutzungsbedingungen legen die Regeln fest, die bei der Nutzung der Website anzuwenden sind, sowie die Rechte und Pflichten der Parteien. Wenn Sie die Website weiter nutzen, wird davon ausgegangen, dass Sie diese Bedingungen akzeptieren.<\/p><p>Inhalt und Nutzung der Dienste<\/p><p>Die auf dieser Website angebotenen Dienste sind so konzipiert, dass sie in \u00dcbereinstimmung mit den gesetzlichen Bestimmungen genutzt werden k\u00f6nnen. Die Nutzer sind verpflichtet, bei der Nutzung der Website alle Gesetze, Satzungen und Verordnungen, internationalen Konventionen und Gepflogenheiten einzuhalten. DH GIDA RESTORAN OTELC\u0130L\u0130K L\u0130M\u0130TED \u015e\u0130RKET\u0130 beh\u00e4lt sich das Recht vor, seine Dienste jederzeit und aus jedem Grund ohne vorherige Ank\u00fcndigung zu \u00e4ndern, auszusetzen oder zu beenden.<\/p><p>Pflichten der Nutzer<\/p><p>Die Nutzer dieser Website sind verpflichtet, die folgenden Regeln einzuhalten:<\/p><p>keine Beitr\u00e4ge zu teilen, die gegen das Gesetz versto\u00dfen und eine Straftat darstellen.<br \/>keine Handlungen vorzunehmen, die die geistigen Eigentumsrechte Dritter verletzen.<br \/>Nicht zur Verbreitung von Malware oder zur Ausnutzung von Sicherheitsl\u00fccken.<br \/>die erbrachten Leistungen nicht missbr\u00e4uchlich zu nutzen oder zu missbrauchen.<br \/>keine Verhaltensweisen an den Tag zu legen, die andere Nutzer daran hindern, von den angebotenen Diensten zu profitieren.<br \/>Datenschutzbestimmungen<\/p><p>Indem Sie diese Website weiter nutzen, erkl\u00e4ren Sie sich mit unserer Datenschutzrichtlinie einverstanden. Bitte lesen Sie unsere Datenschutzrichtlinie, um detaillierte Informationen dar\u00fcber zu erhalten, wie Ihre pers\u00f6nlichen Daten gesammelt, verwendet und gesch\u00fctzt werden.<\/p><p>Rechte an geistigem Eigentum<\/p><p>Der gesamte Inhalt, das Design, das Logo, die Software und andere Materialien, die auf der Website von DH GIDA RESTORAN OTELC\u0130L\u0130K L\u0130M\u0130TED \u015e\u0130RKET\u0130 enthalten sind, sind geistiges Eigentum und urheberrechtlich gesch\u00fctzt und unterliegen dem Gesetz \u00fcber geistige und k\u00fcnstlerische Werke und anderen gesetzlichen Bestimmungen. Die unbefugte Nutzung, Vervielf\u00e4ltigung, Reproduktion, \u00c4nderung oder Verbreitung dieser Inhalte ist verboten.<\/p><p>Allgemeine Bestimmungen<br \/>Mit der weiteren Nutzung der Website akzeptieren und verpflichten sich alle Nutzer, diese Plattform in \u00dcbereinstimmung mit dem Gesetz und den guten Sitten und nur f\u00fcr pers\u00f6nliche Zwecke zu nutzen und keine Handlungen vorzunehmen, die die Rechte Dritter verletzen.<br \/>Die rechtliche und strafrechtliche Verantwortung der Nutzer bei ihren Transaktionen und Handlungen innerhalb der Website liegt bei ihnen.<br \/>Wir tun unser Bestes, um die Richtigkeit und Aktualit\u00e4t der auf der Website enthaltenen Informationen zu gew\u00e4hrleisten. Trotz all dieser Bem\u00fchungen k\u00f6nnen diese Informationen jedoch hinter den tats\u00e4chlichen \u00c4nderungen zur\u00fcckbleiben, und es kann zu Abweichungen kommen.<br \/>Die Website kann Hyperlinks zu anderen Inter-Sites, Anwendungen und Plattformen enthalten, die von Dritten betrieben werden und deren Inhalte uns nicht bekannt sind. DH GIDA RESTORAN OTELC\u0130L\u0130K L\u0130M\u0130TED \u015e\u0130RKET\u0130 vermittelt lediglich den Zugang zu diesen Seiten und \u00fcbernimmt keine Verantwortung f\u00fcr deren Inhalt.<br \/>Obgleich wir unser Bestes tun, um die Website virenfrei zu halten, k\u00f6nnen wir nicht garantieren, dass sie v\u00f6llig virenfrei ist. Es liegt daher in der Verantwortung der Nutzer, beim Herunterladen von Daten die erforderliche Virenschutzvorkehrung zu treffen.<br \/>Die Grenzen der Verantwortung<\/p><p>DH GIDA RESTORAN OTELC\u0130L\u0130K L\u0130M\u0130TED \u015e\u0130RKET\u0130 kann nicht f\u00fcr direkte, indirekte, besondere oder strafbare Sch\u00e4den verantwortlich gemacht werden, die aus der Nutzung der Website entstehen k\u00f6nnen. Unsere Website wird im Ist-Zustand angeboten und es wird keine Garantie daf\u00fcr gegeben, dass sie ohne Unterbrechung oder Fehler funktioniert.<\/p><p>Streitbeilegung<\/p><p>F\u00fcr Streitigkeiten, die sich aus der Nutzung dieser Website ergeben, sind die Gerichte und Vollstreckungsstellen in Edirne zust\u00e4ndig. Diese Bedingungen werden in \u00dcbereinstimmung mit den Gesetzen der T\u00fcrkei ausgelegt und angewandt.<\/p><p>Schlussbestimmungen<\/p><p>Diese Nutzungsbedingungen sind am 6. Oktober 2025 in Kraft getreten. Wenn Sie die Website weiterhin nutzen, wird davon ausgegangen, dass Sie diese Nutzungsbedingungen akzeptieren. Die Ung\u00fcltigkeit einer Bestimmung der Nutzungsbedingungen ber\u00fchrt nicht die G\u00fcltigkeit der \u00fcbrigen Bestimmungen.<\/p>\t\t\t\t\t\t\t\t<\/div>\n\t\t\t\t\t<\/div>\n\t\t\t\t<\/div>\n\t\t\t\t<\/div>","protected":false},"excerpt":{"rendered":"<p>Bu Kullan\u0131m Ko\u015fullar\u0131, https:\/\/rustempasakervansaray.com.tr\/ adresindeki \u0130nternet sitesini kullan\u0131rken uyman\u0131z gereken kurallar\u0131 i\u00e7ermektedir. L\u00fctfen \u0130nternet sitesini kullanmaya devam etmeden \u00f6nce bu ko\u015fullar\u0131 dikkatli bir \u015fekilde okuyunuz. Kapsam ve De\u011fi\u015fiklikler https:\/\/rustempasakervansaray.com.tr\/ adresindeki \u0130nternet sitesi, DH GIDA RESTORAN OTELC\u0130L\u0130K L\u0130M\u0130TED \u015e\u0130RKET\u0130 taraf\u0131ndan i\u015fletilmektedir. Bu Kullan\u0131m Ko\u015fullar\u0131, \u0130nternet sitesi kullan\u0131m\u0131 s\u0131ras\u0131nda uygulanacak kurallar\u0131 ve taraflar\u0131n hak ve y\u00fck\u00fcml\u00fcl\u00fcklerini belirlemektedir. [&hellip;]<\/p>","protected":false},"author":2,"featured_media":0,"parent":0,"menu_order":0,"comment_status":"closed","ping_status":"closed","template":"","meta":{"footnotes":""},"class_list":["post-2692","page","type-page","status-publish","hentry"],"_links":{"self":[{"href":"https:\/\/rustempasakervansaray.com.tr\/de\/wp-json\/wp\/v2\/pages\/2692","targetHints":{"allow":["GET"]}}],"collection":[{"href":"https:\/\/rustempasakervansaray.com.tr\/de\/wp-json\/wp\/v2\/pages"}],"about":[{"href":"https:\/\/rustempasakervansaray.com.tr\/de\/wp-json\/wp\/v2\/types\/page"}],"author":[{"embeddable":true,"href":"https:\/\/rustempasakervansaray.com.tr\/de\/wp-json\/wp\/v2\/users\/2"}],"replies":[{"embeddable":true,"href":"https:\/\/rustempasakervansaray.com.tr\/de\/wp-json\/wp\/v2\/comments?post=2692"}],"version-history":[{"count":7,"href":"https:\/\/rustempasakervansaray.com.tr\/de\/wp-json\/wp\/v2\/pages\/2692\/revisions"}],"predecessor-version":[{"id":2762,"href":"https:\/\/rustempasakervansaray.com.tr\/de\/wp-json\/wp\/v2\/pages\/2692\/revisions\/2762"}],"wp:attachment":[{"href":"https:\/\/rustempasakervansaray.com.tr\/de\/wp-json\/wp\/v2\/media?parent=2692"}],"curies":[{"name":"wp","href":"https:\/\/api.w.org\/{rel}","templated":true}]}}