{"id":2610,"date":"2025-10-06T04:47:00","date_gmt":"2025-10-06T01:47:00","guid":{"rendered":"https:\/\/rustempasakervansaray.com.tr\/?page_id=2610"},"modified":"2025-10-06T07:06:39","modified_gmt":"2025-10-06T04:06:39","slug":"odalar","status":"publish","type":"page","link":"https:\/\/rustempasakervansaray.com.tr\/de\/odalar\/","title":{"rendered":"Zimmer"},"content":{"rendered":"<div data-elementor-type=\"wp-page\" data-elementor-id=\"2610\" class=\"elementor elementor-2610\" data-elementor-post-type=\"page\">\n\t\t\t\t<div class=\"elementor-element elementor-element-1594ece e-flex e-con-boxed e-con e-parent\" data-id=\"1594ece\" data-element_type=\"container\" data-settings=\"{&quot;background_background&quot;:&quot;classic&quot;}\">\n\t\t\t\t\t<div class=\"e-con-inner\">\n\t\t\t\t\t<\/div>\n\t\t\t\t<\/div>\n\t\t<div class=\"elementor-element elementor-element-5bb1f8f dm-horizontal-section-1 e-flex e-con-boxed e-con e-parent\" data-id=\"5bb1f8f\" data-element_type=\"container\">\n\t\t\t\t\t<div class=\"e-con-inner\">\n\t\t\t\t<div class=\"elementor-element elementor-element-1c9436c elementor-widget elementor-widget-heading\" data-id=\"1c9436c\" data-element_type=\"widget\" data-widget_type=\"heading.default\">\n\t\t\t\t\t<h2 class=\"elementor-heading-title elementor-size-default\">Ihr Zimmer<br>\nW\u00e4hlen Sie<\/h2>\t\t\t\t<\/div>\n\t\t\t\t<div class=\"elementor-element elementor-element-abe82dd elementor-widget__width-initial elementor-widget elementor-widget-text-editor\" data-id=\"abe82dd\" data-element_type=\"widget\" data-widget_type=\"text-editor.default\">\n\t\t\t\t\t\t\t\t\t<p>Sie haben die einmalige Gelegenheit, in der historischen R\u00fcstempa\u015fa-Karawanserei im Zentrum von Edirne zu \u00fcbernachten.<\/p>\t\t\t\t\t\t\t\t<\/div>\n\t\t<div class=\"elementor-element elementor-element-e956cab e-con-full dm-horizontal-wrapper-1 e-flex e-con e-child\" data-id=\"e956cab\" data-element_type=\"container\">\n\t\t<div class=\"elementor-element elementor-element-d1bc952 e-con-full dm-horizontal-card-1 e-flex e-con e-child\" data-id=\"d1bc952\" data-element_type=\"container\" data-settings=\"{&quot;background_background&quot;:&quot;classic&quot;}\">\n\t\t<div class=\"elementor-element elementor-element-6f30fea e-con-full e-flex e-con e-child\" data-id=\"6f30fea\" data-element_type=\"container\">\n\t\t\t\t<div class=\"elementor-element elementor-element-9b9ef04 elementor-widget elementor-widget-heading\" data-id=\"9b9ef04\" data-element_type=\"widget\" data-widget_type=\"heading.default\">\n\t\t\t\t\t<p class=\"elementor-heading-title elementor-size-default\">Zwei getrennte Einzelbettzimmer<\/p>\t\t\t\t<\/div>\n\t\t\t\t<div class=\"elementor-element elementor-element-c6fe366 elementor-align-left elementor-mobile-align-left elementor-widget elementor-widget-button\" data-id=\"c6fe366\" data-element_type=\"widget\" data-widget_type=\"button.default\">\n\t\t\t\t\t\t\t\t\t\t<a class=\"elementor-button elementor-button-link elementor-size-sm\" href=\"https:\/\/kervansaray-rustempasa.rezervasyonal.com\/\">\n\t\t\t\t\t\t<span class=\"elementor-button-content-wrapper\">\n\t\t\t\t\t\t<span class=\"elementor-button-icon\">\n\t\t\t\t<i aria-hidden=\"true\" class=\"arrow_right\"><\/i>\t\t\t<\/span>\n\t\t\t\t\t\t\t\t\t<span class=\"elementor-button-text\">Eine Reservierung vornehmen<\/span>\n\t\t\t\t\t<\/span>\n\t\t\t\t\t<\/a>\n\t\t\t\t\t\t\t\t<\/div>\n\t\t\t\t<\/div>\n\t\t\t\t<\/div>\n\t\t<div class=\"elementor-element elementor-element-b20083d e-con-full dm-horizontal-card-1 e-flex e-con e-child\" data-id=\"b20083d\" data-element_type=\"container\" data-settings=\"{&quot;background_background&quot;:&quot;classic&quot;}\">\n\t\t<div class=\"elementor-element elementor-element-49804c7 e-con-full e-flex e-con e-child\" data-id=\"49804c7\" data-element_type=\"container\">\n\t\t\t\t<div class=\"elementor-element elementor-element-b6c84e9 elementor-widget elementor-widget-heading\" data-id=\"b6c84e9\" data-element_type=\"widget\" data-widget_type=\"heading.default\">\n\t\t\t\t\t<p class=\"elementor-heading-title elementor-size-default\">Superior-Doppelzimmer<\/p>\t\t\t\t<\/div>\n\t\t\t\t<div class=\"elementor-element elementor-element-21edd1b elementor-align-left elementor-mobile-align-left elementor-widget elementor-widget-button\" data-id=\"21edd1b\" data-element_type=\"widget\" data-widget_type=\"button.default\">\n\t\t\t\t\t\t\t\t\t\t<a class=\"elementor-button elementor-button-link elementor-size-sm\" href=\"https:\/\/kervansaray-rustempasa.rezervasyonal.com\/\">\n\t\t\t\t\t\t<span class=\"elementor-button-content-wrapper\">\n\t\t\t\t\t\t<span class=\"elementor-button-icon\">\n\t\t\t\t<i aria-hidden=\"true\" class=\"arrow_right\"><\/i>\t\t\t<\/span>\n\t\t\t\t\t\t\t\t\t<span class=\"elementor-button-text\">Eine Reservierung vornehmen<\/span>\n\t\t\t\t\t<\/span>\n\t\t\t\t\t<\/a>\n\t\t\t\t\t\t\t\t<\/div>\n\t\t\t\t<\/div>\n\t\t\t\t<\/div>\n\t\t<div class=\"elementor-element elementor-element-673ad1e e-con-full dm-horizontal-card-1 e-flex e-con e-child\" data-id=\"673ad1e\" data-element_type=\"container\" data-settings=\"{&quot;background_background&quot;:&quot;classic&quot;}\">\n\t\t<div class=\"elementor-element elementor-element-eee0db5 e-con-full e-flex e-con e-child\" data-id=\"eee0db5\" data-element_type=\"container\">\n\t\t\t\t<div class=\"elementor-element elementor-element-477c319 elementor-widget elementor-widget-heading\" data-id=\"477c319\" data-element_type=\"widget\" data-widget_type=\"heading.default\">\n\t\t\t\t\t<p class=\"elementor-heading-title elementor-size-default\">Suite Zimmer<\/p>\t\t\t\t<\/div>\n\t\t\t\t<div class=\"elementor-element elementor-element-7ae100f elementor-align-left elementor-mobile-align-left elementor-widget elementor-widget-button\" data-id=\"7ae100f\" data-element_type=\"widget\" data-widget_type=\"button.default\">\n\t\t\t\t\t\t\t\t\t\t<a class=\"elementor-button elementor-button-link elementor-size-sm\" href=\"https:\/\/kervansaray-rustempasa.rezervasyonal.com\/\">\n\t\t\t\t\t\t<span class=\"elementor-button-content-wrapper\">\n\t\t\t\t\t\t<span class=\"elementor-button-icon\">\n\t\t\t\t<i aria-hidden=\"true\" class=\"arrow_right\"><\/i>\t\t\t<\/span>\n\t\t\t\t\t\t\t\t\t<span class=\"elementor-button-text\">Eine Reservierung vornehmen<\/span>\n\t\t\t\t\t<\/span>\n\t\t\t\t\t<\/a>\n\t\t\t\t\t\t\t\t<\/div>\n\t\t\t\t<\/div>\n\t\t\t\t<\/div>\n\t\t<div class=\"elementor-element elementor-element-bf26d1c e-con-full dm-horizontal-card-1 e-flex e-con e-child\" data-id=\"bf26d1c\" data-element_type=\"container\" data-settings=\"{&quot;background_background&quot;:&quot;classic&quot;}\">\n\t\t<div class=\"elementor-element elementor-element-87554a8 e-con-full e-flex e-con e-child\" data-id=\"87554a8\" data-element_type=\"container\">\n\t\t\t\t<div class=\"elementor-element elementor-element-0cec746 elementor-widget elementor-widget-heading\" data-id=\"0cec746\" data-element_type=\"widget\" data-widget_type=\"heading.default\">\n\t\t\t\t\t<p class=\"elementor-heading-title elementor-size-default\">Superior Einzelzimmer<\/p>\t\t\t\t<\/div>\n\t\t\t\t<div class=\"elementor-element elementor-element-07eaf31 elementor-align-left elementor-mobile-align-left elementor-widget elementor-widget-button\" data-id=\"07eaf31\" data-element_type=\"widget\" data-widget_type=\"button.default\">\n\t\t\t\t\t\t\t\t\t\t<a class=\"elementor-button elementor-button-link elementor-size-sm\" href=\"https:\/\/kervansaray-rustempasa.rezervasyonal.com\/\">\n\t\t\t\t\t\t<span class=\"elementor-button-content-wrapper\">\n\t\t\t\t\t\t<span class=\"elementor-button-icon\">\n\t\t\t\t<i aria-hidden=\"true\" class=\"arrow_right\"><\/i>\t\t\t<\/span>\n\t\t\t\t\t\t\t\t\t<span class=\"elementor-button-text\">Eine Reservierung vornehmen<\/span>\n\t\t\t\t\t<\/span>\n\t\t\t\t\t<\/a>\n\t\t\t\t\t\t\t\t<\/div>\n\t\t\t\t<\/div>\n\t\t\t\t<\/div>\n\t\t<div class=\"elementor-element elementor-element-ac195b4 e-con-full dm-horizontal-card-1 e-flex e-con e-child\" data-id=\"ac195b4\" data-element_type=\"container\" data-settings=\"{&quot;background_background&quot;:&quot;classic&quot;}\">\n\t\t<div class=\"elementor-element elementor-element-9a35666 e-con-full e-flex e-con e-child\" data-id=\"9a35666\" data-element_type=\"container\">\n\t\t\t\t<div class=\"elementor-element elementor-element-d6600fc elementor-widget elementor-widget-heading\" data-id=\"d6600fc\" data-element_type=\"widget\" data-widget_type=\"heading.default\">\n\t\t\t\t\t<p class=\"elementor-heading-title elementor-size-default\">Superior Dreibettzimmer<\/p>\t\t\t\t<\/div>\n\t\t\t\t<div class=\"elementor-element elementor-element-f632537 elementor-align-left elementor-mobile-align-left elementor-widget elementor-widget-button\" data-id=\"f632537\" data-element_type=\"widget\" data-widget_type=\"button.default\">\n\t\t\t\t\t\t\t\t\t\t<a class=\"elementor-button elementor-button-link elementor-size-sm\" href=\"https:\/\/kervansaray-rustempasa.rezervasyonal.com\/\">\n\t\t\t\t\t\t<span class=\"elementor-button-content-wrapper\">\n\t\t\t\t\t\t<span class=\"elementor-button-icon\">\n\t\t\t\t<i aria-hidden=\"true\" class=\"arrow_right\"><\/i>\t\t\t<\/span>\n\t\t\t\t\t\t\t\t\t<span class=\"elementor-button-text\">Eine Reservierung vornehmen<\/span>\n\t\t\t\t\t<\/span>\n\t\t\t\t\t<\/a>\n\t\t\t\t\t\t\t\t<\/div>\n\t\t\t\t<\/div>\n\t\t\t\t<\/div>\n\t\t\t\t<\/div>\n\t\t\t\t<div class=\"elementor-element elementor-element-d25d1be elementor-widget elementor-widget-html\" data-id=\"d25d1be\" data-element_type=\"widget\" data-widget_type=\"html.default\">\n\t\t\t\t\t<style>\n    \n    .dm-horizontal-wrapper-1 {\n        \n        left:150%;\n        top:0;\n        position: absolute;\n        \n    }\n    \n    .dm-horizontal-wrapper-1, .dm-horizontal-section-1, .dm-horizontal-card-1 {\n        \n        \n        transition: none !important;\n        \n    }\n    \n    \n<\/style>\n\n\n<script>\n\n    let leftTranslateDistance;\n    \n    \/*Desktop translate*\/\n    if (window.innerWidth > 1024) {\n      leftTranslateDistance = '150%';\n      \n     \n    \/*Tablet translate*\/\n    } else if (window.innerWidth > 767) {\n      leftTranslateDistance = '240%';\n      \n     \n    \/*Mobile translate*\/ \n    } else {\n      leftTranslateDistance = '500%';\n    }\n\n    \n    gsap.to('.dm-horizontal-wrapper-1', {\n        \n       scrollTrigger: {\n           \n           trigger: '.dm-horizontal-section-1',\n           start:'0% 0%',\n           end: '+=200%',\n           scrub:true,\n           pin:true\n           \n       },\n       \n       left: `-${leftTranslateDistance}`\n        \n    });\n    \n    \n    \n<\/script>\n\n\n\n\n\t\t\t\t<\/div>\n\t\t\t\t\t<\/div>\n\t\t\t\t<\/div>\n\t\t<div class=\"elementor-element elementor-element-0166834 e-flex e-con-boxed e-con e-parent\" data-id=\"0166834\" data-element_type=\"container\">\n\t\t\t\t\t<div class=\"e-con-inner\">\n\t\t\t\t<div class=\"elementor-element elementor-element-d7e9c62 elementor-widget elementor-widget-heading\" data-id=\"d7e9c62\" data-element_type=\"widget\" data-widget_type=\"heading.default\">\n\t\t\t\t\t<p class=\"elementor-heading-title elementor-size-default\">Kundenrezensionen<\/p>\t\t\t\t<\/div>\n\t\t\t\t<div class=\"elementor-element elementor-element-c099fe2 elementor-testimonial--skin-default elementor-testimonial--layout-image_inline elementor-testimonial--align-center elementor-arrows-yes elementor-pagination-type-bullets elementor-widget elementor-widget-testimonial-carousel\" data-id=\"c099fe2\" data-element_type=\"widget\" data-settings=\"{&quot;show_arrows&quot;:&quot;yes&quot;,&quot;pagination&quot;:&quot;bullets&quot;,&quot;speed&quot;:500,&quot;autoplay&quot;:&quot;yes&quot;,&quot;autoplay_speed&quot;:5000,&quot;loop&quot;:&quot;yes&quot;,&quot;pause_on_hover&quot;:&quot;yes&quot;,&quot;pause_on_interaction&quot;:&quot;yes&quot;,&quot;space_between&quot;:{&quot;unit&quot;:&quot;px&quot;,&quot;size&quot;:10,&quot;sizes&quot;:[]},&quot;space_between_tablet&quot;:{&quot;unit&quot;:&quot;px&quot;,&quot;size&quot;:10,&quot;sizes&quot;:[]},&quot;space_between_mobile&quot;:{&quot;unit&quot;:&quot;px&quot;,&quot;size&quot;:10,&quot;sizes&quot;:[]}}\" data-widget_type=\"testimonial-carousel.default\">\n\t\t\t\t\t\t\t\t\t\t<div class=\"elementor-main-swiper swiper\" role=\"region\" aria-roledescription=\"carousel\" aria-label=\"Folien\">\n\t\t\t\t<div class=\"swiper-wrapper\">\n\t\t\t\t\t\t\t\t\t\t\t<div class=\"swiper-slide\" role=\"group\" aria-roledescription=\"slide\">\n\t\t\t\t\t\t\t\t\t<div class=\"elementor-testimonial\">\n\t\t\t\t\t\t\t<div class=\"elementor-testimonial__content\">\n\t\t\t\t\t<div class=\"elementor-testimonial__text\">\n\t\t\t\t\t\tEines der gro\u00dfartigen Werke von Mimar Sinan ist eine historische Karawanserei, die wir als das Ritz-Carlton des 16. Jahrhunderts bezeichnen k\u00f6nnen. Sie war einst ein wichtiger Unterkunftsort an der Handelsroute der Seidenstra\u00dfe. Heute dient sie als Hotel. Das Innere ist sehr sauber, gut gepflegt und wundersch\u00f6n restauriert. Einer der Orte, die man in Edirne gesehen haben muss.\t\t\t\t\t<\/div>\n\t\t\t\t\t\t\t\t\t<\/div>\n\t\t\t\t\t\t<div class=\"elementor-testimonial__footer\">\n\t\t\t\t\t\t\t\t\t<div class=\"elementor-testimonial__image\">\n\t\t\t\t\t\t<img decoding=\"async\" src=\"https:\/\/rustempasakervansaray.com.tr\/wp-content\/uploads\/2025\/10\/gy1.png\" alt=\"Osman Y\u0131ld\u0131r\u0131m\">\n\t\t\t\t\t\t\t\t\t\t\t<\/div>\n\t\t\t\t\t\t\t\t<cite class=\"elementor-testimonial__cite\"><span class=\"elementor-testimonial__name\">Osman Yildirim<\/span><span class=\"elementor-testimonial__title\">Google-Bewertung<\/span><\/cite>\t\t\t<\/div>\n\t\t<\/div>\n\t\t\t\t\t\t\t\t<\/div>\n\t\t\t\t\t\t\t\t\t\t\t<div class=\"swiper-slide\" role=\"group\" aria-roledescription=\"slide\">\n\t\t\t\t\t\t\t\t\t<div class=\"elementor-testimonial\">\n\t\t\t\t\t\t\t<div class=\"elementor-testimonial__content\">\n\t\t\t\t\t<div class=\"elementor-testimonial__text\">\n\t\t\t\t\t\tWir kamen mit meinem Cousin, alles ist sehr sch\u00f6n, die Freundlichkeit unserer Freunde, die sehr gut arbeiten, die Freundlichkeit der Kollegen, ihr Interesse an dem Essen, alles 10 \\ 10 Atmosph\u00e4re ist ap etwas auseinander, die Zimmer sind perfekt, die Zimmer sind sehr ger\u00e4umig, empfehle ich einen sauberen Ort zu verwenden.\t\t\t\t\t<\/div>\n\t\t\t\t\t\t\t\t\t<\/div>\n\t\t\t\t\t\t<div class=\"elementor-testimonial__footer\">\n\t\t\t\t\t\t\t\t\t<div class=\"elementor-testimonial__image\">\n\t\t\t\t\t\t<img decoding=\"async\" src=\"https:\/\/rustempasakervansaray.com.tr\/wp-content\/uploads\/2025\/10\/gy2.png\" alt=\"G\u00f6zde Hamarato\u011flu\">\n\t\t\t\t\t\t\t\t\t\t\t<\/div>\n\t\t\t\t\t\t\t\t<cite class=\"elementor-testimonial__cite\"><span class=\"elementor-testimonial__name\">G\u00f6zde Hamaratoglu<\/span><span class=\"elementor-testimonial__title\">Google-Bewertung<\/span><\/cite>\t\t\t<\/div>\n\t\t<\/div>\n\t\t\t\t\t\t\t\t<\/div>\n\t\t\t\t\t\t\t\t\t\t\t<div class=\"swiper-slide\" role=\"group\" aria-roledescription=\"slide\">\n\t\t\t\t\t\t\t\t\t<div class=\"elementor-testimonial\">\n\t\t\t\t\t\t\t<div class=\"elementor-testimonial__content\">\n\t\t\t\t\t<div class=\"elementor-testimonial__text\">\n\t\t\t\t\t\tDie Karawanserei hat einen sehr ruhigen Innenhof. In diesem Innenhof gibt es ein Caf\u00e9. Sie m\u00fcssen nicht im Hotel wohnen, es ist f\u00fcr jeden zug\u00e4nglich. Der Pool mit flie\u00dfendem Wasser im Innenhof ist sehr gut f\u00fcr die Umgebung geeignet. Edirne ist ein gro\u00dfartiger Zwischenstopp zum Entspannen und Erholen.\t\t\t\t\t<\/div>\n\t\t\t\t\t\t\t\t\t<\/div>\n\t\t\t\t\t\t<div class=\"elementor-testimonial__footer\">\n\t\t\t\t\t\t\t\t\t<div class=\"elementor-testimonial__image\">\n\t\t\t\t\t\t<img decoding=\"async\" src=\"https:\/\/rustempasakervansaray.com.tr\/wp-content\/uploads\/2025\/10\/gy3.png\" alt=\"Erkan\">\n\t\t\t\t\t\t\t\t\t\t\t<\/div>\n\t\t\t\t\t\t\t\t<cite class=\"elementor-testimonial__cite\"><span class=\"elementor-testimonial__name\">Erkan<\/span><span class=\"elementor-testimonial__title\">Google-Bewertung<\/span><\/cite>\t\t\t<\/div>\n\t\t<\/div>\n\t\t\t\t\t\t\t\t<\/div>\n\t\t\t\t\t\t\t\t\t\t\t<div class=\"swiper-slide\" role=\"group\" aria-roledescription=\"slide\">\n\t\t\t\t\t\t\t\t\t<div class=\"elementor-testimonial\">\n\t\t\t\t\t\t\t<div class=\"elementor-testimonial__content\">\n\t\t\t\t\t<div class=\"elementor-testimonial__text\">\n\t\t\t\t\t\tEs ist ein Werk aus der Feder von Mimar Sinan, eine Br\u00fccke zwischen Asien und Europa, ein Werk, das die osmanische \u00c4sthetik des 16. Jahrhunderts lebendig h\u00e4lt. Es ist ideal f\u00fcr alle, die die Atmosph\u00e4re eines historischen Gasthauses erleben m\u00f6chten, die architektonische Details entdecken wollen und die eine authentische Unterkunft suchen. Es sollte auf jeden Fall auf Ihrer St\u00e4dtetourliste stehen!\t\t\t\t\t<\/div>\n\t\t\t\t\t\t\t\t\t<\/div>\n\t\t\t\t\t\t<div class=\"elementor-testimonial__footer\">\n\t\t\t\t\t\t\t\t\t<div class=\"elementor-testimonial__image\">\n\t\t\t\t\t\t<img decoding=\"async\" src=\"https:\/\/rustempasakervansaray.com.tr\/wp-content\/uploads\/2025\/10\/gy4.png\" alt=\"Tolga YOZGAT\">\n\t\t\t\t\t\t\t\t\t\t\t<\/div>\n\t\t\t\t\t\t\t\t<cite class=\"elementor-testimonial__cite\"><span class=\"elementor-testimonial__name\">Tolga YOZGAT<\/span><span class=\"elementor-testimonial__title\">Google-Bewertung<\/span><\/cite>\t\t\t<\/div>\n\t\t<\/div>\n\t\t\t\t\t\t\t\t<\/div>\n\t\t\t\t\t\t\t\t\t\t\t<div class=\"swiper-slide\" role=\"group\" aria-roledescription=\"slide\">\n\t\t\t\t\t\t\t\t\t<div class=\"elementor-testimonial\">\n\t\t\t\t\t\t\t<div class=\"elementor-testimonial__content\">\n\t\t\t\t\t<div class=\"elementor-testimonial__text\">\n\t\t\t\t\t\tEs ist ein perfekter Innenhof. Obwohl wir an einem Feiertag dort waren, war es sehr ruhig. Es ist eine Nummer zehn Ort zum Entspannen und zur Ruhe kommen. Der t\u00fcrkische Kaffee war sehr lecker. Wenn ich nach Edirne gehe, werde ich auf jeden Fall wieder kommen. Ich empfehle Ihnen, auf jeden Fall vorbeizukommen.\t\t\t\t\t<\/div>\n\t\t\t\t\t\t\t\t\t<\/div>\n\t\t\t\t\t\t<div class=\"elementor-testimonial__footer\">\n\t\t\t\t\t\t\t\t\t<div class=\"elementor-testimonial__image\">\n\t\t\t\t\t\t<img decoding=\"async\" src=\"https:\/\/rustempasakervansaray.com.tr\/wp-content\/uploads\/2025\/10\/gy5.png\" alt=\"Ilhan Yetim\">\n\t\t\t\t\t\t\t\t\t\t\t<\/div>\n\t\t\t\t\t\t\t\t<cite class=\"elementor-testimonial__cite\"><span class=\"elementor-testimonial__name\">Ilhan Yetim<\/span><span class=\"elementor-testimonial__title\">Google-Kommentar<\/span><\/cite>\t\t\t<\/div>\n\t\t<\/div>\n\t\t\t\t\t\t\t\t<\/div>\n\t\t\t\t\t\t\t\t\t\t\t<div class=\"swiper-slide\" role=\"group\" aria-roledescription=\"slide\">\n\t\t\t\t\t\t\t\t\t<div class=\"elementor-testimonial\">\n\t\t\t\t\t\t\t<div class=\"elementor-testimonial__content\">\n\t\t\t\t\t<div class=\"elementor-testimonial__text\">\n\t\t\t\t\t\tDas historisch gepr\u00e4gte Ambiente ist sehr sch\u00f6n, das Personal ist freundlich, die Musik ist gut gew\u00e4hlt. Wir waren sehr zufrieden mit einem sauberen und anst\u00e4ndigen Gesch\u00e4ft.\nIch schlief auch fest wegen der Stein Geb\u00e4ude Wirkung ...\nEin zu bevorzugender Ort in Edirne.\t\t\t\t\t<\/div>\n\t\t\t\t\t\t\t\t\t<\/div>\n\t\t\t\t\t\t<div class=\"elementor-testimonial__footer\">\n\t\t\t\t\t\t\t\t\t<div class=\"elementor-testimonial__image\">\n\t\t\t\t\t\t<img decoding=\"async\" src=\"https:\/\/rustempasakervansaray.com.tr\/wp-content\/uploads\/2025\/10\/gy6.png\" alt=\"Uygar Yamen\">\n\t\t\t\t\t\t\t\t\t\t\t<\/div>\n\t\t\t\t\t\t\t\t<cite class=\"elementor-testimonial__cite\"><span class=\"elementor-testimonial__name\">Uygar Yamen<\/span><span class=\"elementor-testimonial__title\">Google-Bewertung<\/span><\/cite>\t\t\t<\/div>\n\t\t<\/div>\n\t\t\t\t\t\t\t\t<\/div>\n\t\t\t\t\t\t\t\t\t<\/div>\n\t\t\t\t\t\t\t\t\t\t\t\t\t\t\t<div class=\"elementor-swiper-button elementor-swiper-button-prev\" role=\"button\" tabindex=\"0\" aria-label=\"Previous\" data-no-translation-aria-label=\"\">\n\t\t\t\t\t\t\t<svg aria-hidden=\"true\" class=\"e-font-icon-svg e-eicon-chevron-left\" viewbox=\"0 0 1000 1000\" xmlns=\"http:\/\/www.w3.org\/2000\/svg\"><path d=\"M646 125C629 125 613 133 604 142L308 442C296 454 292 471 292 487 292 504 296 521 308 533L604 854C617 867 629 875 646 875 663 875 679 871 692 858 704 846 713 829 713 812 713 796 708 779 692 767L438 487 692 225C700 217 708 204 708 187 708 171 704 154 692 142 675 129 663 125 646 125Z\"><\/path><\/svg>\t\t\t\t\t\t<\/div>\n\t\t\t\t\t\t<div class=\"elementor-swiper-button elementor-swiper-button-next\" role=\"button\" tabindex=\"0\" aria-label=\"Next\" data-no-translation-aria-label=\"\">\n\t\t\t\t\t\t\t<svg aria-hidden=\"true\" class=\"e-font-icon-svg e-eicon-chevron-right\" viewbox=\"0 0 1000 1000\" xmlns=\"http:\/\/www.w3.org\/2000\/svg\"><path d=\"M696 533C708 521 713 504 713 487 713 471 708 454 696 446L400 146C388 133 375 125 354 125 338 125 325 129 313 142 300 154 292 171 292 187 292 204 296 221 308 233L563 492 304 771C292 783 288 800 288 817 288 833 296 850 308 863 321 871 338 875 354 875 371 875 388 867 400 854L696 533Z\"><\/path><\/svg>\t\t\t\t\t\t<\/div>\n\t\t\t\t\t\t\t\t\t\t\t\t\t\t\t\t<div class=\"swiper-pagination\"><\/div>\n\t\t\t\t\t\t\t\t\t\t\t\t<\/div>\n\t\t\t\t\t\t\t\t<\/div>\n\t\t\t\t\t<\/div>\n\t\t\t\t<\/div>\n\t\t\t\t<\/div>","protected":false},"excerpt":{"rendered":"<p>Odan\u0131z\u0131 Se\u00e7in Edirne&#8217;nin merkezinde yer alan Tarihi R\u00fcstempa\u015fa Kervansaray\u0131nda e\u015fsiz bir konaklama f\u0131rsat\u0131na sahip olun. \u0130ki Ayr\u0131 Tek Yatakl\u0131 Oda Rezervasyon Yapt\u0131r Superior \u00c7ift Ki\u015filik Oda Rezervasyon Yapt\u0131r Suit Oda Rezervasyon Yapt\u0131r Superior Tek Ki\u015filik Oda Rezervasyon Yapt\u0131r Superior \u00dc\u00e7 Ki\u015filik Oda Rezervasyon Yapt\u0131r M\u00fc\u015fteri Yorumlar\u0131 Mimar Sinan\u0131n muhte\u015fem eserlerinden birisi 16. Y\u00fczy\u0131l\u0131n Ritz-Carltonu diyebilece\u011fimiz [&hellip;]<\/p>","protected":false},"author":2,"featured_media":0,"parent":0,"menu_order":0,"comment_status":"closed","ping_status":"closed","template":"","meta":{"footnotes":""},"class_list":["post-2610","page","type-page","status-publish","hentry"],"_links":{"self":[{"href":"https:\/\/rustempasakervansaray.com.tr\/de\/wp-json\/wp\/v2\/pages\/2610","targetHints":{"allow":["GET"]}}],"collection":[{"href":"https:\/\/rustempasakervansaray.com.tr\/de\/wp-json\/wp\/v2\/pages"}],"about":[{"href":"https:\/\/rustempasakervansaray.com.tr\/de\/wp-json\/wp\/v2\/types\/page"}],"author":[{"embeddable":true,"href":"https:\/\/rustempasakervansaray.com.tr\/de\/wp-json\/wp\/v2\/users\/2"}],"replies":[{"embeddable":true,"href":"https:\/\/rustempasakervansaray.com.tr\/de\/wp-json\/wp\/v2\/comments?post=2610"}],"version-history":[{"count":58,"href":"https:\/\/rustempasakervansaray.com.tr\/de\/wp-json\/wp\/v2\/pages\/2610\/revisions"}],"predecessor-version":[{"id":2750,"href":"https:\/\/rustempasakervansaray.com.tr\/de\/wp-json\/wp\/v2\/pages\/2610\/revisions\/2750"}],"wp:attachment":[{"href":"https:\/\/rustempasakervansaray.com.tr\/de\/wp-json\/wp\/v2\/media?parent=2610"}],"curies":[{"name":"wp","href":"https:\/\/api.w.org\/{rel}","templated":true}]}}