{"id":2786,"date":"2025-10-06T07:30:01","date_gmt":"2025-10-06T04:30:01","guid":{"rendered":"https:\/\/rustempasakervansaray.com.tr\/?page_id=2786"},"modified":"2026-04-08T19:25:28","modified_gmt":"2026-04-08T16:25:28","slug":"han","status":"publish","type":"page","link":"https:\/\/rustempasakervansaray.com.tr\/bg\/han\/","title":{"rendered":"\u0425\u0430\u043d"},"content":{"rendered":"<div data-elementor-type=\"wp-page\" data-elementor-id=\"2786\" class=\"elementor elementor-2786\" data-elementor-post-type=\"page\">\n\t\t\t\t<div class=\"elementor-element elementor-element-442e3df e-flex e-con-boxed e-con e-parent\" data-id=\"442e3df\" data-element_type=\"container\" data-settings=\"{&quot;background_background&quot;:&quot;classic&quot;}\">\n\t\t\t\t\t<div class=\"e-con-inner\">\n\t\t\t\t\t<\/div>\n\t\t\t\t<\/div>\n\t\t<div class=\"elementor-element elementor-element-92bd3f5 e-flex e-con-boxed e-con e-parent\" data-id=\"92bd3f5\" data-element_type=\"container\">\n\t\t\t\t\t<div class=\"e-con-inner\">\n\t\t\t\t<div class=\"elementor-element elementor-element-f11f703 elementor-widget__width-initial elementor-widget elementor-widget-heading\" data-id=\"f11f703\" data-element_type=\"widget\" data-widget_type=\"heading.default\">\n\t\t\t\t\t<p class=\"elementor-heading-title elementor-size-default\">\u0421\u044a\u0447\u0435\u0442\u0430\u0432\u0430\u0439\u043a\u0438 \u0432\u0435\u043b\u0438\u043a\u043e\u043b\u0435\u043f\u0438\u0435\u0442\u043e \u043d\u0430 \u043c\u0438\u043d\u0430\u043b\u043e\u0442\u043e \u0441 \u0435\u043b\u0435\u0433\u0430\u043d\u0442\u043d\u043e\u0441\u0442\u0442\u0430 \u043d\u0430 \u043d\u0430\u0441\u0442\u043e\u044f\u0449\u0435\u0442\u043e \u0441\u0440\u0435\u0434 \u043a\u0430\u043c\u0435\u043d\u043d\u0438\u0442\u0435 \u0441\u0442\u0435\u043d\u0438 \u043d\u0430 R\u00fcstempa\u015fa Caravanserai, Han Bar \u043f\u0440\u0435\u0434\u043b\u0430\u0433\u0430 \u043c\u043e\u0434\u0435\u0440\u043d\u0430 \u0433\u043b\u044a\u0442\u043a\u0430 \u0441\u0432\u0435\u0436 \u0432\u044a\u0437\u0434\u0443\u0445 \u0432 \u0438\u0441\u0442\u043e\u0440\u0438\u0447\u0435\u0441\u043a\u0430 \u0430\u0442\u043c\u043e\u0441\u0444\u0435\u0440\u0430. \u0412\u043d\u0438\u043c\u0430\u0442\u0435\u043b\u043d\u043e \u043f\u0440\u0438\u0433\u043e\u0442\u0432\u0435\u043d\u0438 \u0441\u043f\u0435\u0446\u0438\u0430\u043b\u043d\u0438 \u043a\u043e\u043a\u0442\u0435\u0439\u043b\u0438, \u0435\u043a\u0441\u043a\u043b\u0443\u0437\u0438\u0432\u043d\u0438 \u043d\u0430\u043f\u0438\u0442\u043a\u0438 \u0438 \u0443\u043d\u0438\u043a\u0430\u043b\u043d\u0438 \u0432\u043a\u0443\u0441\u043e\u0432\u0435 \u0441\u0435 \u0441\u0440\u0435\u0449\u0430\u0442 \u0441 \u043f\u0440\u0438\u044f\u0442\u043d\u0438 \u0440\u0430\u0437\u0433\u043e\u0432\u043e\u0440\u0438, \u0441\u044a\u043f\u0440\u043e\u0432\u043e\u0434\u0435\u043d\u0438 \u043e\u0442 \u043c\u0443\u0437\u0438\u043a\u0430 \u043d\u0430 \u0436\u0438\u0432\u043e \u0432\u0441\u044f\u043a\u0430 \u0432\u0435\u0447\u0435\u0440. \u041e\u0447\u0430\u043a\u0432\u0430 \u0432\u0438 \u043d\u0435\u0437\u0430\u0431\u0440\u0430\u0432\u0438\u043c\u043e \u043d\u043e\u0449\u043d\u043e \u0438\u0437\u0436\u0438\u0432\u044f\u0432\u0430\u043d\u0435 \u0432 \u0441\u044a\u0440\u0446\u0435\u0442\u043e \u043d\u0430 \u041e\u0434\u0440\u0438\u043d, \u0432 \u0442\u043e\u043f\u043b\u0430\u0442\u0430 \u0442\u0435\u043a\u0441\u0442\u0443\u0440\u0430 \u043d\u0430 \u043a\u0430\u0440\u0430\u0432\u0430\u043d\u0441\u0430\u0440\u0430\u044f.<\/p>\t\t\t\t<\/div>\n\t\t\t\t<div class=\"elementor-element elementor-element-9ab557f elementor-widget elementor-widget-button\" data-id=\"9ab557f\" data-element_type=\"widget\" data-widget_type=\"button.default\">\n\t\t\t\t\t\t\t\t\t\t<a class=\"elementor-button elementor-button-link elementor-size-sm\" href=\"https:\/\/www.google.com\/maps?hl=tr&#038;gl=tr&#038;um=1&#038;ie=UTF-8&#038;fb=1&#038;sa=X&#038;geocode=KQlkl0BdL7MUMVvxk8lSGTca&#038;daddr=Sabuni,+22100+Edirne+Merkez\/Edirne\">\n\t\t\t\t\t\t<span class=\"elementor-button-content-wrapper\">\n\t\t\t\t\t\t\t\t\t<span class=\"elementor-button-text\">\u041f\u043e\u043b\u0443\u0447\u0430\u0432\u0430\u043d\u0435 \u043d\u0430 \u0443\u043a\u0430\u0437\u0430\u043d\u0438\u044f<\/span>\n\t\t\t\t\t<\/span>\n\t\t\t\t\t<\/a>\n\t\t\t\t\t\t\t\t<\/div>\n\t\t\t\t\t<\/div>\n\t\t\t\t<\/div>\n\t\t<div class=\"elementor-element elementor-element-a509ee9 e-flex e-con-boxed e-con e-parent\" data-id=\"a509ee9\" data-element_type=\"container\" data-color=\"bgdefaultcolor\">\n\t\t\t\t\t<div class=\"e-con-inner\">\n\t\t<div class=\"elementor-element elementor-element-9762568 e-con-full e-flex e-con e-child\" data-id=\"9762568\" data-element_type=\"container\">\n\t\t\t\t<div class=\"elementor-element elementor-element-e23577a elementor-widget elementor-widget-heading\" data-id=\"e23577a\" data-element_type=\"widget\" data-widget_type=\"heading.default\">\n\t\t\t\t\t<p class=\"elementor-heading-title elementor-size-default\">\u041c\u043e\u0434\u0435\u0440\u0435\u043d \u043f\u043e\u043b\u044a\u0445 \u0432 \u0438\u0441\u0442\u043e\u0440\u0438\u0447\u0435\u0441\u043a\u0430\u0442\u0430 \u0442\u0435\u043a\u0441\u0442\u0443\u0440\u0430<\/p>\t\t\t\t<\/div>\n\t\t\t\t<div class=\"elementor-element elementor-element-2c8852b elementor-widget__width-initial elementor-widget elementor-widget-heading\" data-id=\"2c8852b\" data-element_type=\"widget\" data-widget_type=\"heading.default\">\n\t\t\t\t\t<p class=\"elementor-heading-title elementor-size-default\">\u041e\u0440\u0438\u0433\u0438\u043d\u0430\u043b\u043d\u0438 \u0432\u043a\u0443\u0441\u043e\u0432\u0435, \u0441\u044a\u0447\u0435\u0442\u0430\u043d\u0438 \u0441 \u0435\u043b\u0435\u0433\u0430\u043d\u0442\u043d\u043e\u0441\u0442<\/p>\t\t\t\t<\/div>\n\t\t<div class=\"elementor-element elementor-element-c6d1061 e-con-full e-flex e-con e-child\" data-id=\"c6d1061\" data-element_type=\"container\">\n\t\t\t\t<div class=\"elementor-element elementor-element-329263b elementor-widget elementor-widget-text-editor\" data-id=\"329263b\" data-element_type=\"widget\" data-widget_type=\"text-editor.default\">\n\t\t\t\t\t\t\t\t\t<p class=\"p1\">\u0421\u044a\u0447\u0435\u0442\u0430\u0432\u0430\u043d\u0435 \u043d\u0430 \u0435\u043b\u0435\u0433\u0430\u043d\u0442\u043d\u043e\u0441\u0442\u0442\u0430 \u043d\u0430 \u043c\u0438\u043d\u0430\u043b\u043e\u0442\u043e \u0441 \u043c\u043e\u0434\u0435\u0440\u043d\u0438\u0442\u0435 \u0430\u043a\u0446\u0435\u043d\u0442\u0438 \u043d\u0430 \u0434\u043d\u0435\u0448\u043d\u0438\u044f \u0434\u0435\u043d \u043c\u0435\u0436\u0434\u0443 \u043a\u0430\u043c\u0435\u043d\u043d\u0438\u0442\u0435 \u0441\u0442\u0435\u043d\u0438 \u043d\u0430 R\u00fcstempa\u015fa Caravanserai <span class=\"s1\">\u0425\u0430\u043d<\/span>\u0435 \u0441\u043f\u0435\u0446\u0438\u0430\u043b\u043d\u043e \u043c\u044f\u0441\u0442\u043e, \u043a\u043e\u0435\u0442\u043e \u0441\u0435 \u043e\u0442\u043b\u0438\u0447\u0430\u0432\u0430 \u0441\u044a\u0441 \u0441\u0432\u043e\u044f\u0442\u0430 \u0438\u0441\u0442\u043e\u0440\u0438\u0447\u0435\u0441\u043a\u0430 \u0430\u0442\u043c\u043e\u0441\u0444\u0435\u0440\u0430. \u041a\u043e\u043a\u0442\u0435\u0439\u043b\u0438\u0442\u0435, \u043f\u0440\u0438\u0433\u043e\u0442\u0432\u0435\u043d\u0438 \u043e\u0442 \u0441\u0440\u044a\u0447\u043d\u0438 \u0440\u044a\u0446\u0435, \u0441\u044a\u0447\u0435\u0442\u0430\u043d\u0438 \u0441 \u043c\u0435\u0441\u0442\u043d\u0438 \u0438 \u0435\u043a\u0441\u043a\u043b\u0443\u0437\u0438\u0432\u043d\u0438 \u043d\u0430\u043f\u0438\u0442\u043a\u0438, \u043f\u0440\u0435\u0434\u043b\u0430\u0433\u0430\u0442 \u0443\u043d\u0438\u043a\u0430\u043b\u043d\u043e \u043f\u0440\u0435\u0436\u0438\u0432\u044f\u0432\u0430\u043d\u0435.<\/p><p class=\"p1\">\u0412 \u0442\u043e\u043f\u043b\u0430\u0442\u0430 \u0430\u0442\u043c\u043e\u0441\u0444\u0435\u0440\u0430, \u0432\u0434\u044a\u0445\u043d\u043e\u0432\u0435\u043d\u0430 \u043e\u0442 \u0430\u0440\u0445\u0438\u0442\u0435\u043a\u0442\u0443\u0440\u0430\u0442\u0430 \u043d\u0430 \u043a\u0430\u0440\u0430\u0432\u0430\u043d\u0441\u0430\u0440\u0430\u044f, \u0432\u0441\u0435\u043a\u0438 \u0434\u0435\u0442\u0430\u0439\u043b \u0435 \u0432\u043d\u0438\u043c\u0430\u0442\u0435\u043b\u043d\u043e \u043e\u0431\u043c\u0438\u0441\u043b\u0435\u043d. Han Bar \u0435 \u0435\u043a\u0441\u043a\u043b\u0443\u0437\u0438\u0432\u043d\u043e \u043c\u044f\u0441\u0442\u043e \u0437\u0430 \u0441\u0440\u0435\u0449\u0438, \u043a\u043e\u0435\u0442\u043e \u043f\u0440\u0435\u0434\u043b\u0430\u0433\u0430 \u043d\u0430 \u0441\u0432\u043e\u0438\u0442\u0435 \u0433\u043e\u0441\u0442\u0438 \u0435\u0441\u0442\u0435\u0442\u0438\u043a\u0430, \u0432\u043a\u0443\u0441 \u0438 \u0443\u0434\u043e\u0432\u043e\u043b\u0441\u0442\u0432\u0438\u0435 \u0435\u0434\u043d\u043e\u0432\u0440\u0435\u043c\u0435\u043d\u043d\u043e \u0432 \u0438\u0441\u0442\u043e\u0440\u0438\u0447\u0435\u0441\u043a\u0430\u0442\u0430 \u0441\u0442\u0440\u0443\u043a\u0442\u0443\u0440\u0430 \u043d\u0430 \u041e\u0434\u0440\u0438\u043d.<\/p>\t\t\t\t\t\t\t\t<\/div>\n\t\t\t\t<\/div>\n\t\t\t\t<div class=\"elementor-element elementor-element-a904f6b elementor-widget elementor-widget-button\" data-id=\"a904f6b\" data-element_type=\"widget\" data-widget_type=\"button.default\">\n\t\t\t\t\t\t\t\t\t\t<a class=\"elementor-button elementor-button-link elementor-size-sm\" href=\"https:\/\/rustempasakervansarayotel.kantqr.com\/\">\n\t\t\t\t\t\t<span class=\"elementor-button-content-wrapper\">\n\t\t\t\t\t\t\t\t\t<span class=\"elementor-button-text\">\u041f\u0440\u0435\u0433\u043b\u0435\u0434 \u043d\u0430 \u043c\u0435\u043d\u044e\u0442\u043e<\/span>\n\t\t\t\t\t<\/span>\n\t\t\t\t\t<\/a>\n\t\t\t\t\t\t\t\t<\/div>\n\t\t\t\t<\/div>\n\t\t<div class=\"elementor-element elementor-element-5f38978 e-con-full e-flex e-con e-child\" data-id=\"5f38978\" data-element_type=\"container\">\n\t\t\t\t<div class=\"elementor-element elementor-element-fb6e601 animated-slow elementor-invisible elementor-widget elementor-widget-image\" data-id=\"fb6e601\" data-element_type=\"widget\" data-settings=\"{&quot;_animation&quot;:&quot;fadeIn&quot;}\" data-widget_type=\"image.default\">\n\t\t\t\t\t\t\t\t\t\t\t\t\t\t\t<img fetchpriority=\"high\" decoding=\"async\" width=\"640\" height=\"800\" src=\"https:\/\/rustempasakervansaray.com.tr\/wp-content\/uploads\/2025\/10\/559438874_17858165076516889_3859853429842332953_n.jpg\" class=\"attachment-full size-full wp-image-2790\" alt=\"\" srcset=\"https:\/\/rustempasakervansaray.com.tr\/wp-content\/uploads\/2025\/10\/559438874_17858165076516889_3859853429842332953_n.jpg 640w, https:\/\/rustempasakervansaray.com.tr\/wp-content\/uploads\/2025\/10\/559438874_17858165076516889_3859853429842332953_n-240x300.jpg 240w, https:\/\/rustempasakervansaray.com.tr\/wp-content\/uploads\/2025\/10\/559438874_17858165076516889_3859853429842332953_n-10x12.jpg 10w\" sizes=\"(max-width: 640px) 100vw, 640px\" \/>\t\t\t\t\t\t\t\t\t\t\t\t\t\t\t<\/div>\n\t\t\t\t<\/div>\n\t\t\t\t\t<\/div>\n\t\t\t\t<\/div>\n\t\t\t\t<\/div>","protected":false},"excerpt":{"rendered":"<p>R\u00fcstempa\u015fa Kervansaray\u0131\u2019n\u0131n ta\u015f duvarlar\u0131 aras\u0131nda ge\u00e7mi\u015fin ihti\u015fam\u0131n\u0131 bug\u00fcn\u00fcn zarafetiyle bulu\u015fturan Han Bar, tarih\u00ee atmosferin i\u00e7inde modern bir soluk sunuyor. \u00d6zenle haz\u0131rlanan \u00f6zel kokteyller, se\u00e7kin i\u00e7ecekler ve e\u015fsiz lezzetler, her ak\u015fam canl\u0131 m\u00fczik e\u015fli\u011finde keyifli sohbetlerle bulu\u015fuyor. Edirne\u2019nin kalbinde, kervansaray\u0131n s\u0131cak dokusunda unutulmaz bir gece deneyimi sizi bekliyor. Yol Tarifi Al\u0131n Tarihi dokunun i\u00e7inde modern bir [&hellip;]<\/p>","protected":false},"author":2,"featured_media":0,"parent":0,"menu_order":0,"comment_status":"closed","ping_status":"closed","template":"","meta":{"footnotes":""},"class_list":["post-2786","page","type-page","status-publish","hentry"],"_links":{"self":[{"href":"https:\/\/rustempasakervansaray.com.tr\/bg\/wp-json\/wp\/v2\/pages\/2786","targetHints":{"allow":["GET"]}}],"collection":[{"href":"https:\/\/rustempasakervansaray.com.tr\/bg\/wp-json\/wp\/v2\/pages"}],"about":[{"href":"https:\/\/rustempasakervansaray.com.tr\/bg\/wp-json\/wp\/v2\/types\/page"}],"author":[{"embeddable":true,"href":"https:\/\/rustempasakervansaray.com.tr\/bg\/wp-json\/wp\/v2\/users\/2"}],"replies":[{"embeddable":true,"href":"https:\/\/rustempasakervansaray.com.tr\/bg\/wp-json\/wp\/v2\/comments?post=2786"}],"version-history":[{"count":7,"href":"https:\/\/rustempasakervansaray.com.tr\/bg\/wp-json\/wp\/v2\/pages\/2786\/revisions"}],"predecessor-version":[{"id":2975,"href":"https:\/\/rustempasakervansaray.com.tr\/bg\/wp-json\/wp\/v2\/pages\/2786\/revisions\/2975"}],"wp:attachment":[{"href":"https:\/\/rustempasakervansaray.com.tr\/bg\/wp-json\/wp\/v2\/media?parent=2786"}],"curies":[{"name":"wp","href":"https:\/\/api.w.org\/{rel}","templated":true}]}}