{"id":2766,"date":"2025-10-06T07:10:23","date_gmt":"2025-10-06T04:10:23","guid":{"rendered":"https:\/\/rustempasakervansaray.com.tr\/?page_id=2766"},"modified":"2026-04-08T19:25:34","modified_gmt":"2026-04-08T16:25:34","slug":"restoran-kafe","status":"publish","type":"page","link":"https:\/\/rustempasakervansaray.com.tr\/bg\/restoran-kafe\/","title":{"rendered":"\u0420\u0435\u0441\u0442\u043e\u0440\u0430\u043d\u0442 \u0438 \u043a\u0430\u0444\u0435\u043d\u0435"},"content":{"rendered":"<div data-elementor-type=\"wp-page\" data-elementor-id=\"2766\" class=\"elementor elementor-2766\" data-elementor-post-type=\"page\">\n\t\t\t\t<div class=\"elementor-element elementor-element-c83a88f e-flex e-con-boxed e-con e-parent\" data-id=\"c83a88f\" data-element_type=\"container\" data-settings=\"{&quot;background_background&quot;:&quot;classic&quot;}\">\n\t\t\t\t\t<div class=\"e-con-inner\">\n\t\t\t\t\t<\/div>\n\t\t\t\t<\/div>\n\t\t<div class=\"elementor-element elementor-element-f6e67a5 e-flex e-con-boxed e-con e-parent\" data-id=\"f6e67a5\" data-element_type=\"container\">\n\t\t\t\t\t<div class=\"e-con-inner\">\n\t\t\t\t<div class=\"elementor-element elementor-element-15bdc3f elementor-widget__width-initial elementor-widget elementor-widget-heading\" data-id=\"15bdc3f\" data-element_type=\"widget\" data-widget_type=\"heading.default\">\n\t\t\t\t\t<p class=\"elementor-heading-title elementor-size-default\">\u041c\u0435\u0436\u0434\u0443 \u043a\u0430\u043c\u0435\u043d\u043d\u0438\u0442\u0435 \u0441\u0442\u0435\u043d\u0438 \u043d\u0430 R\u00fcstempa\u015fa Caravanserai \u043f\u0430\u0437\u0438\u043c \u0436\u0438\u0432\u0438 \u0441\u043b\u0435\u0434\u0438\u0442\u0435 \u043d\u0430 \u0440\u0430\u0437\u0433\u043e\u0432\u043e\u0440\u0438\u0442\u0435 \u0438 \u0433\u043e\u0441\u0442\u043e\u043f\u0440\u0438\u0435\u043c\u0441\u0442\u0432\u043e\u0442\u043e, \u043a\u043e\u0438\u0442\u043e \u043e\u0442\u0435\u043a\u0432\u0430\u0442 \u043e\u0442 \u0432\u0435\u043a\u043e\u0432\u0435. \u041d\u0430 \u0442\u043e\u0432\u0430 \u043c\u044f\u0441\u0442\u043e, \u043a\u043e\u0435\u0442\u043e \u0441\u044a\u0447\u0435\u0442\u0430\u0432\u0430 \u0435\u043b\u0435\u0433\u0430\u043d\u0442\u043d\u043e\u0441\u0442\u0442\u0430 \u043d\u0430 \u043e\u0441\u043c\u0430\u043d\u0441\u043a\u0438\u044f \u043f\u0435\u0440\u0438\u043e\u0434 \u0441 \u0434\u043d\u0435\u0448\u043d\u0438\u044f \u043a\u043e\u043c\u0444\u043e\u0440\u0442, \u0442\u0440\u0430\u0434\u0438\u0446\u0438\u043e\u043d\u043d\u0438\u0442\u0435 \u0432\u043a\u0443\u0441\u043e\u0432\u0435 \u043e\u0436\u0438\u0432\u044f\u0432\u0430\u0442 \u043e\u0442\u043d\u043e\u0432\u043e \u0441 \u043c\u043e\u0434\u0435\u0440\u043d\u0430 \u0438\u043d\u0442\u0435\u0440\u043f\u0440\u0435\u0442\u0430\u0446\u0438\u044f.<\/p>\t\t\t\t<\/div>\n\t\t\t\t<div class=\"elementor-element elementor-element-c3683c4 elementor-widget elementor-widget-button\" data-id=\"c3683c4\" data-element_type=\"widget\" data-widget_type=\"button.default\">\n\t\t\t\t\t\t\t\t\t\t<a class=\"elementor-button elementor-button-link elementor-size-sm\" href=\"https:\/\/www.google.com\/maps?hl=tr&#038;gl=tr&#038;um=1&#038;ie=UTF-8&#038;fb=1&#038;sa=X&#038;geocode=KQlkl0BdL7MUMVvxk8lSGTca&#038;daddr=Sabuni,+22100+Edirne+Merkez\/Edirne\">\n\t\t\t\t\t\t<span class=\"elementor-button-content-wrapper\">\n\t\t\t\t\t\t\t\t\t<span class=\"elementor-button-text\">\u041f\u043e\u043b\u0443\u0447\u0430\u0432\u0430\u043d\u0435 \u043d\u0430 \u0443\u043a\u0430\u0437\u0430\u043d\u0438\u044f<\/span>\n\t\t\t\t\t<\/span>\n\t\t\t\t\t<\/a>\n\t\t\t\t\t\t\t\t<\/div>\n\t\t\t\t\t<\/div>\n\t\t\t\t<\/div>\n\t\t<div class=\"elementor-element elementor-element-2e2a830 e-flex e-con-boxed e-con e-parent\" data-id=\"2e2a830\" data-element_type=\"container\" data-color=\"bgdefaultcolor\">\n\t\t\t\t\t<div class=\"e-con-inner\">\n\t\t<div class=\"elementor-element elementor-element-a3fd25c e-con-full e-flex e-con e-child\" data-id=\"a3fd25c\" data-element_type=\"container\">\n\t\t\t\t<div class=\"elementor-element elementor-element-0fcbab0 elementor-widget elementor-widget-heading\" data-id=\"0fcbab0\" data-element_type=\"widget\" data-widget_type=\"heading.default\">\n\t\t\t\t\t<p class=\"elementor-heading-title elementor-size-default\">\u0417\u0430\u043f\u043e\u0437\u043d\u0430\u0439\u0442\u0435 \u0441\u0435 \u0441 \u0442\u0435\u043a\u0441\u0442\u0443\u0440\u0430\u0442\u0430 \u043d\u0430 \u0438\u0441\u0442\u043e\u0440\u0438\u044f\u0442\u0430 \u0438 \u0435\u043b\u0435\u0433\u0430\u043d\u0442\u043d\u043e\u0441\u0442\u0442\u0430 \u043d\u0430 \u0432\u043a\u0443\u0441\u0430<\/p>\t\t\t\t<\/div>\n\t\t\t\t<div class=\"elementor-element elementor-element-44f1b5d elementor-widget__width-initial elementor-widget elementor-widget-heading\" data-id=\"44f1b5d\" data-element_type=\"widget\" data-widget_type=\"heading.default\">\n\t\t\t\t\t<p class=\"elementor-heading-title elementor-size-default\">\u041f\u0440\u0435\u0436\u0438\u0432\u044f\u0432\u0430\u043d\u0435, \u043a\u043e\u0435\u0442\u043e \u043e\u0441\u0442\u0430\u0432\u044f \u0441\u043b\u0435\u0434\u0430 \u0432\u044a\u0440\u0445\u0443 \u043d\u0435\u0431\u0446\u0435\u0442\u043e \u0432 \u0441\u044f\u043d\u043a\u0430\u0442\u0430 \u043d\u0430 \u0432\u0435\u043a\u043e\u0432\u043d\u0438 \u043a\u0430\u043c\u044a\u043d\u0438<\/p>\t\t\t\t<\/div>\n\t\t<div class=\"elementor-element elementor-element-8ec03d8 e-con-full e-flex e-con e-child\" data-id=\"8ec03d8\" data-element_type=\"container\">\n\t\t\t\t<div class=\"elementor-element elementor-element-da32be7 elementor-widget elementor-widget-text-editor\" data-id=\"da32be7\" data-element_type=\"widget\" data-widget_type=\"text-editor.default\">\n\t\t\t\t\t\t\t\t\t<p class=\"p1\">\u0421\u0440\u0435\u0434 \u0432\u0435\u043a\u043e\u0432\u043d\u0438\u0442\u0435 \u043a\u0430\u043c\u0435\u043d\u043d\u0438 \u0441\u0442\u0435\u043d\u0438 \u043d\u0430 R\u00fcstempa\u015fa Caravanserai \u043d\u0438\u0435 \u0441\u044a\u0447\u0435\u0442\u0430\u0432\u0430\u043c\u0435 \u0432\u0435\u043b\u0438\u043a\u043e\u043b\u0435\u043f\u0438\u0435\u0442\u043e \u043d\u0430 \u043c\u0438\u043d\u0430\u043b\u043e\u0442\u043e \u0438 \u043a\u043e\u043c\u0444\u043e\u0440\u0442\u0430 \u043d\u0430 \u0434\u043d\u0435\u0448\u043d\u0438\u044f \u0434\u0435\u043d. \u0412 \u043d\u0430\u0448\u0438\u044f \u0440\u0435\u0441\u0442\u043e\u0440\u0430\u043d\u0442 \u0441\u044a\u0447\u0435\u0442\u0430\u0432\u0430\u043c\u0435 \u0441\u0432\u0435\u0436\u0438 \u0438 \u043c\u0435\u0441\u0442\u043d\u0438 \u0432\u043a\u0443\u0441\u043e\u0432\u0435 \u043e\u0442 \u043f\u043b\u043e\u0434\u043e\u0440\u043e\u0434\u043d\u0438\u0442\u0435 \u0437\u0435\u043c\u0438 \u043d\u0430 \u041e\u0434\u0440\u0438\u043d \u0441 \u0435\u043b\u0435\u0433\u0430\u043d\u0442\u043d\u0438\u0442\u0435 \u0449\u0440\u0438\u0445\u0438 \u043d\u0430 \u043e\u0441\u043c\u0430\u043d\u0441\u043a\u0430\u0442\u0430 \u043a\u0443\u0445\u043d\u044f. \u0412\u0441\u044f\u043a\u043e \u044f\u0441\u0442\u0438\u0435 \u0440\u0430\u0437\u043a\u0430\u0437\u0432\u0430 \u0438\u0441\u0442\u043e\u0440\u0438\u044f \u043e\u0442 \u0434\u044a\u043b\u0431\u0438\u043d\u0438\u0442\u0435 \u043d\u0430 \u0438\u0441\u0442\u043e\u0440\u0438\u044f\u0442\u0430; \u0432\u0441\u0435\u043a\u0438 \u0432\u043a\u0443\u0441 \u0441\u044a\u0436\u0438\u0432\u044f\u0432\u0430 \u0441\u043f\u043e\u043c\u0435\u043d, \u043a\u043e\u0439\u0442\u043e \u043e\u0442\u0435\u043a\u0432\u0430 \u0432 \u0434\u0432\u043e\u0440\u0430 \u043d\u0430 \u043a\u0435\u0440\u0432\u0430\u043d\u0441\u0430\u0440\u0430\u044f.<\/p><p class=\"p1\">\u0412\u0435\u0447\u0435\u0440 \u0432\u0438 \u043e\u0447\u0430\u043a\u0432\u0430 \u043f\u0440\u0438\u044f\u0442\u043d\u0430 \u0430\u0442\u043c\u043e\u0441\u0444\u0435\u0440\u0430 \u0441\u044a\u0441 \u0441\u043f\u0435\u0446\u0438\u0430\u043b\u043d\u0438 \u043d\u0430\u043f\u0438\u0442\u043a\u0438, \u043f\u0440\u0438\u0433\u043e\u0442\u0432\u0435\u043d\u0438 \u0432 \u0431\u0430\u0440\u0430, \u043d\u0430 \u0444\u043e\u043d\u0430 \u043d\u0430 \u043f\u0440\u0438\u0433\u043b\u0443\u0448\u0435\u043d\u0430 \u0441\u0432\u0435\u0442\u043b\u0438\u043d\u0430 \u043f\u043e\u0434 \u043a\u0430\u043c\u0435\u043d\u043d\u0438\u0442\u0435 \u0430\u0440\u043a\u0438. \u041c\u043e\u0436\u0435\u0442\u0435 \u0434\u0430 \u0441\u0435 \u043f\u043e\u0442\u043e\u043f\u0438\u0442\u0435 \u0432 \u0435\u0434\u043d\u0430 \u0441\u043f\u043e\u043a\u043e\u0439\u043d\u0430 \u043d\u043e\u0449 \u0432 \u0441\u044a\u0440\u0446\u0435\u0442\u043e \u043d\u0430 \u0438\u0441\u0442\u043e\u0440\u0438\u044f\u0442\u0430 \u0441 \u043a\u043e\u043a\u0442\u0435\u0439\u043b\u0438, \u043c\u0435\u0441\u0442\u043d\u0438 \u0432\u0438\u043d\u0430 \u0438 \u0442\u043e\u043f\u043b\u0438 \u043d\u0430\u043f\u0438\u0442\u043a\u0438, \u0441\u044a\u0447\u0435\u0442\u0430\u043d\u0438 \u0441 \u043c\u043e\u0434\u0435\u0440\u043d\u0438 \u0438\u043d\u0442\u0435\u0440\u043f\u0440\u0435\u0442\u0430\u0446\u0438\u0438 \u043d\u0430 \u0442\u0440\u0430\u0434\u0438\u0446\u0438\u043e\u043d\u043d\u0438 \u0432\u043a\u0443\u0441\u043e\u0432\u0435.<\/p>\t\t\t\t\t\t\t\t<\/div>\n\t\t\t\t<\/div>\n\t\t\t\t<div class=\"elementor-element elementor-element-7f1ba15 elementor-widget elementor-widget-button\" data-id=\"7f1ba15\" data-element_type=\"widget\" data-widget_type=\"button.default\">\n\t\t\t\t\t\t\t\t\t\t<a class=\"elementor-button elementor-button-link elementor-size-sm\" href=\"https:\/\/rustempasakervansarayotel.kantqr.com\/\">\n\t\t\t\t\t\t<span class=\"elementor-button-content-wrapper\">\n\t\t\t\t\t\t\t\t\t<span class=\"elementor-button-text\">\u041f\u0440\u0435\u0433\u043b\u0435\u0434 \u043d\u0430 \u043c\u0435\u043d\u044e\u0442\u043e<\/span>\n\t\t\t\t\t<\/span>\n\t\t\t\t\t<\/a>\n\t\t\t\t\t\t\t\t<\/div>\n\t\t\t\t<\/div>\n\t\t<div class=\"elementor-element elementor-element-f0baad5 e-con-full e-flex e-con e-child\" data-id=\"f0baad5\" data-element_type=\"container\">\n\t\t\t\t<div class=\"elementor-element elementor-element-9b63426 animated-slow elementor-invisible elementor-widget elementor-widget-image\" data-id=\"9b63426\" data-element_type=\"widget\" data-settings=\"{&quot;_animation&quot;:&quot;fadeIn&quot;}\" data-widget_type=\"image.default\">\n\t\t\t\t\t\t\t\t\t\t\t\t\t\t\t<img fetchpriority=\"high\" decoding=\"async\" width=\"561\" height=\"842\" src=\"https:\/\/rustempasakervansaray.com.tr\/wp-content\/uploads\/2025\/10\/rustempasa-kervansaray-restoran-bar.jpg\" class=\"attachment-full size-full wp-image-2779\" alt=\"\" srcset=\"https:\/\/rustempasakervansaray.com.tr\/wp-content\/uploads\/2025\/10\/rustempasa-kervansaray-restoran-bar.jpg 561w, https:\/\/rustempasakervansaray.com.tr\/wp-content\/uploads\/2025\/10\/rustempasa-kervansaray-restoran-bar-200x300.jpg 200w, https:\/\/rustempasakervansaray.com.tr\/wp-content\/uploads\/2025\/10\/rustempasa-kervansaray-restoran-bar-8x12.jpg 8w\" sizes=\"(max-width: 561px) 100vw, 561px\" \/>\t\t\t\t\t\t\t\t\t\t\t\t\t\t\t<\/div>\n\t\t\t\t<\/div>\n\t\t\t\t\t<\/div>\n\t\t\t\t<\/div>\n\t\t\t\t<\/div>","protected":false},"excerpt":{"rendered":"<p>R\u00fcstempa\u015fa Kervansaray\u0131\u2019n\u0131n ta\u015f duvarlar\u0131 aras\u0131nda, as\u0131rlard\u0131r yank\u0131lanan sohbetlerin ve misafirperverli\u011fin izlerini bug\u00fcn de ya\u015fat\u0131yoruz. Osmanl\u0131 d\u00f6neminin zarafetini g\u00fcn\u00fcm\u00fcz konforuyla bulu\u015fturan bu mek\u00e2nda, geleneksel tatlar modern bir yorumla yeniden hayat buluyor. Yol Tarifi Al\u0131n Tarihin dokusunda, lezzetin zarafetinde bulu\u015fun As\u0131rl\u0131k ta\u015flar\u0131n g\u00f6lgesinde, damakta iz b\u0131rakan bir deneyim R\u00fcstempa\u015fa Kervansaray\u0131\u2019n\u0131n y\u00fczy\u0131ll\u0131k ta\u015f duvarlar\u0131 aras\u0131nda, ge\u00e7mi\u015fin g\u00f6rkemini ve [&hellip;]<\/p>","protected":false},"author":2,"featured_media":0,"parent":0,"menu_order":0,"comment_status":"closed","ping_status":"closed","template":"","meta":{"footnotes":""},"class_list":["post-2766","page","type-page","status-publish","hentry"],"_links":{"self":[{"href":"https:\/\/rustempasakervansaray.com.tr\/bg\/wp-json\/wp\/v2\/pages\/2766","targetHints":{"allow":["GET"]}}],"collection":[{"href":"https:\/\/rustempasakervansaray.com.tr\/bg\/wp-json\/wp\/v2\/pages"}],"about":[{"href":"https:\/\/rustempasakervansaray.com.tr\/bg\/wp-json\/wp\/v2\/types\/page"}],"author":[{"embeddable":true,"href":"https:\/\/rustempasakervansaray.com.tr\/bg\/wp-json\/wp\/v2\/users\/2"}],"replies":[{"embeddable":true,"href":"https:\/\/rustempasakervansaray.com.tr\/bg\/wp-json\/wp\/v2\/comments?post=2766"}],"version-history":[{"count":25,"href":"https:\/\/rustempasakervansaray.com.tr\/bg\/wp-json\/wp\/v2\/pages\/2766\/revisions"}],"predecessor-version":[{"id":2978,"href":"https:\/\/rustempasakervansaray.com.tr\/bg\/wp-json\/wp\/v2\/pages\/2766\/revisions\/2978"}],"wp:attachment":[{"href":"https:\/\/rustempasakervansaray.com.tr\/bg\/wp-json\/wp\/v2\/media?parent=2766"}],"curies":[{"name":"wp","href":"https:\/\/api.w.org\/{rel}","templated":true}]}}