{"id":2692,"date":"2025-10-06T05:34:33","date_gmt":"2025-10-06T02:34:33","guid":{"rendered":"https:\/\/rustempasakervansaray.com.tr\/?page_id=2692"},"modified":"2025-10-06T07:08:17","modified_gmt":"2025-10-06T04:08:17","slug":"kullanim-kosullari","status":"publish","type":"page","link":"https:\/\/rustempasakervansaray.com.tr\/bg\/kullanim-kosullari\/","title":{"rendered":"\u0423\u0441\u043b\u043e\u0432\u0438\u044f \u0437\u0430 \u043f\u043e\u043b\u0437\u0432\u0430\u043d\u0435"},"content":{"rendered":"<div data-elementor-type=\"wp-page\" data-elementor-id=\"2692\" class=\"elementor elementor-2692\" data-elementor-post-type=\"page\">\n\t\t\t\t<div class=\"elementor-element elementor-element-bdaf3c1 e-flex e-con-boxed e-con e-parent\" data-id=\"bdaf3c1\" data-element_type=\"container\" data-settings=\"{&quot;background_background&quot;:&quot;classic&quot;}\">\n\t\t\t\t\t<div class=\"e-con-inner\">\n\t\t\t\t\t<\/div>\n\t\t\t\t<\/div>\n\t\t<div class=\"elementor-element elementor-element-1192de3 e-flex e-con-boxed e-con e-parent\" data-id=\"1192de3\" data-element_type=\"container\">\n\t\t\t\t\t<div class=\"e-con-inner\">\n\t\t\t\t<div class=\"elementor-element elementor-element-d550ef8 elementor-widget elementor-widget-text-editor\" data-id=\"d550ef8\" data-element_type=\"widget\" data-widget_type=\"text-editor.default\">\n\t\t\t\t\t\t\t\t\t<p>\u041d\u0430\u0441\u0442\u043e\u044f\u0449\u0438\u0442\u0435 \u0423\u0441\u043b\u043e\u0432\u0438\u044f \u0437\u0430 \u043f\u043e\u043b\u0437\u0432\u0430\u043d\u0435 \u0441\u044a\u0434\u044a\u0440\u0436\u0430\u0442 \u043f\u0440\u0430\u0432\u0438\u043b\u0430\u0442\u0430, \u043a\u043e\u0438\u0442\u043e \u0442\u0440\u044f\u0431\u0432\u0430 \u0434\u0430 \u0441\u043f\u0430\u0437\u0432\u0430\u0442\u0435, \u043a\u043e\u0433\u0430\u0442\u043e \u0438\u0437\u043f\u043e\u043b\u0437\u0432\u0430\u0442\u0435 \u0443\u0435\u0431\u0441\u0430\u0439\u0442\u0430 https:\/\/rustempasakervansaray.com.tr\/. \u041c\u043e\u043b\u044f, \u043f\u0440\u043e\u0447\u0435\u0442\u0435\u0442\u0435 \u0432\u043d\u0438\u043c\u0430\u0442\u0435\u043b\u043d\u043e \u0442\u0435\u0437\u0438 \u0443\u0441\u043b\u043e\u0432\u0438\u044f, \u043f\u0440\u0435\u0434\u0438 \u0434\u0430 \u043f\u0440\u043e\u0434\u044a\u043b\u0436\u0438\u0442\u0435 \u0434\u0430 \u0438\u0437\u043f\u043e\u043b\u0437\u0432\u0430\u0442\u0435 \u0443\u0435\u0431\u0441\u0430\u0439\u0442\u0430.<\/p><p>\u041e\u0431\u0445\u0432\u0430\u0442 \u0438 \u043f\u0440\u043e\u043c\u0435\u043d\u0438<\/p><p>\u0423\u0435\u0431\u0441\u0430\u0439\u0442\u044a\u0442 \u043d\u0430 \u0430\u0434\u0440\u0435\u0441 https:\/\/rustempasakervansaray.com.tr\/ \u0441\u0435 \u0443\u043f\u0440\u0430\u0432\u043b\u044f\u0432\u0430 \u043e\u0442 DH GIDA RESTORAN OTELC\u0130L\u0130K L\u0130M\u0130TED \u015e\u0130RKET\u0130. \u041d\u0430\u0441\u0442\u043e\u044f\u0449\u0438\u0442\u0435 \u0423\u0441\u043b\u043e\u0432\u0438\u044f \u0437\u0430 \u043f\u043e\u043b\u0437\u0432\u0430\u043d\u0435 \u043e\u043f\u0440\u0435\u0434\u0435\u043b\u044f\u0442 \u043f\u0440\u0430\u0432\u0438\u043b\u0430\u0442\u0430, \u043a\u043e\u0438\u0442\u043e \u0442\u0440\u044f\u0431\u0432\u0430 \u0434\u0430 \u0441\u0435 \u043f\u0440\u0438\u043b\u0430\u0433\u0430\u0442 \u043f\u043e \u0432\u0440\u0435\u043c\u0435 \u043d\u0430 \u0438\u0437\u043f\u043e\u043b\u0437\u0432\u0430\u043d\u0435\u0442\u043e \u043d\u0430 \u0443\u0435\u0431\u0441\u0430\u0439\u0442\u0430, \u043a\u0430\u043a\u0442\u043e \u0438 \u043f\u0440\u0430\u0432\u0430\u0442\u0430 \u0438 \u0437\u0430\u0434\u044a\u043b\u0436\u0435\u043d\u0438\u044f\u0442\u0430 \u043d\u0430 \u0441\u0442\u0440\u0430\u043d\u0438\u0442\u0435. \u0410\u043a\u043e \u043f\u0440\u043e\u0434\u044a\u043b\u0436\u0438\u0442\u0435 \u0434\u0430 \u0438\u0437\u043f\u043e\u043b\u0437\u0432\u0430\u0442\u0435 \u0443\u0435\u0431\u0441\u0430\u0439\u0442\u0430, \u0449\u0435 \u0441\u0435 \u043f\u0440\u0438\u0435\u043c\u0435, \u0447\u0435 \u043f\u0440\u0438\u0435\u043c\u0430\u0442\u0435 \u0442\u0435\u0437\u0438 \u0443\u0441\u043b\u043e\u0432\u0438\u044f.<\/p><p>\u0421\u044a\u0434\u044a\u0440\u0436\u0430\u043d\u0438\u0435 \u0438 \u0438\u0437\u043f\u043e\u043b\u0437\u0432\u0430\u043d\u0435 \u043d\u0430 \u0443\u0441\u043b\u0443\u0433\u0430\u0442\u0430<\/p><p>\u0423\u0441\u043b\u0443\u0433\u0438\u0442\u0435, \u043f\u0440\u0435\u0434\u043b\u0430\u0433\u0430\u043d\u0438 \u043e\u0442 \u0442\u043e\u0437\u0438 \u0443\u0435\u0431\u0441\u0430\u0439\u0442, \u0441\u0430 \u043f\u0440\u0435\u0434\u043d\u0430\u0437\u043d\u0430\u0447\u0435\u043d\u0438 \u0434\u0430 \u0431\u044a\u0434\u0430\u0442 \u0438\u0437\u043f\u043e\u043b\u0437\u0432\u0430\u043d\u0438 \u0432 \u0441\u044a\u043e\u0442\u0432\u0435\u0442\u0441\u0442\u0432\u0438\u0435 \u0441\u044a\u0441 \u0437\u0430\u043a\u043e\u043d\u043e\u0432\u0438\u0442\u0435 \u0440\u0430\u0437\u043f\u043e\u0440\u0435\u0434\u0431\u0438. \u041f\u043e\u0442\u0440\u0435\u0431\u0438\u0442\u0435\u043b\u0438\u0442\u0435 \u0441\u0430 \u0434\u043b\u044a\u0436\u043d\u0438 \u0434\u0430 \u0441\u043f\u0430\u0437\u0432\u0430\u0442 \u0432\u0441\u0438\u0447\u043a\u0438 \u0437\u0430\u043a\u043e\u043d\u0438, \u0443\u0441\u0442\u0430\u0432\u0438 \u0438 \u0440\u0430\u0437\u043f\u043e\u0440\u0435\u0434\u0431\u0438, \u043c\u0435\u0436\u0434\u0443\u043d\u0430\u0440\u043e\u0434\u043d\u0438 \u043a\u043e\u043d\u0432\u0435\u043d\u0446\u0438\u0438 \u0438 \u043e\u0431\u0438\u0447\u0430\u0438, \u043a\u043e\u0433\u0430\u0442\u043e \u0438\u0437\u043f\u043e\u043b\u0437\u0432\u0430\u0442 \u0443\u0435\u0431\u0441\u0430\u0439\u0442\u0430. DH GIDA RESTORAN OTELC\u0130L\u0130K L\u0130M\u0130TED \u015e\u0130RKET\u0130 \u0441\u0438 \u0437\u0430\u043f\u0430\u0437\u0432\u0430 \u043f\u0440\u0430\u0432\u043e\u0442\u043e \u0434\u0430 \u043f\u0440\u043e\u043c\u0435\u043d\u044f, \u0441\u043f\u0438\u0440\u0430 \u0438\u043b\u0438 \u043f\u0440\u0435\u043a\u0440\u0430\u0442\u044f\u0432\u0430 \u0443\u0441\u043b\u0443\u0433\u0438\u0442\u0435 \u0441\u0438 \u043f\u043e \u0432\u0441\u044f\u043a\u043e \u0432\u0440\u0435\u043c\u0435, \u043f\u043e \u0432\u0441\u044f\u043a\u0430\u043a\u0432\u0430 \u043f\u0440\u0438\u0447\u0438\u043d\u0430, \u0431\u0435\u0437 \u043f\u0440\u0435\u0434\u0432\u0430\u0440\u0438\u0442\u0435\u043b\u043d\u043e \u0443\u0432\u0435\u0434\u043e\u043c\u043b\u0435\u043d\u0438\u0435.<\/p><p>\u0417\u0430\u0434\u044a\u043b\u0436\u0435\u043d\u0438\u044f \u043d\u0430 \u043f\u043e\u0442\u0440\u0435\u0431\u0438\u0442\u0435\u043b\u044f<\/p><p>\u041f\u043e\u0442\u0440\u0435\u0431\u0438\u0442\u0435\u043b\u0438\u0442\u0435 \u043d\u0430 \u0442\u043e\u0437\u0438 \u0443\u0435\u0431\u0441\u0430\u0439\u0442 \u0441\u0430 \u0434\u043b\u044a\u0436\u043d\u0438 \u0434\u0430 \u0441\u043f\u0430\u0437\u0432\u0430\u0442 \u0441\u043b\u0435\u0434\u043d\u0438\u0442\u0435 \u043f\u0440\u0430\u0432\u0438\u043b\u0430:<\/p><p>\u0434\u0430 \u043d\u0435 \u043f\u0443\u0431\u043b\u0438\u043a\u0443\u0432\u0430\u0442\u0435 \u043f\u0443\u0431\u043b\u0438\u043a\u0430\u0446\u0438\u0438, \u043a\u043e\u0438\u0442\u043e \u0441\u0430 \u0432 \u0440\u0430\u0437\u0440\u0435\u0437 \u0441\u044a\u0441 \u0437\u0430\u043a\u043e\u043d\u0430 \u0438 \u043f\u0440\u0435\u0434\u0441\u0442\u0430\u0432\u043b\u044f\u0432\u0430\u0442 \u043f\u0440\u0435\u0441\u0442\u044a\u043f\u043b\u0435\u043d\u0438\u0435.<br \/>\u0434\u0430 \u043d\u0435 \u043f\u0440\u0435\u0434\u043f\u0440\u0438\u0435\u043c\u0430 \u0434\u0435\u0439\u0441\u0442\u0432\u0438\u044f, \u043a\u043e\u0438\u0442\u043e \u043d\u0430\u0440\u0443\u0448\u0430\u0432\u0430\u0442 \u043f\u0440\u0430\u0432\u0430\u0442\u0430 \u043d\u0430 \u0438\u043d\u0442\u0435\u043b\u0435\u043a\u0442\u0443\u0430\u043b\u043d\u0430 \u0441\u043e\u0431\u0441\u0442\u0432\u0435\u043d\u043e\u0441\u0442 \u043d\u0430 \u0442\u0440\u0435\u0442\u0438 \u0441\u0442\u0440\u0430\u043d\u0438.<br \/>\u041d\u0435 \u0437\u0430 \u0434\u0430 \u0440\u0430\u0437\u043f\u0440\u043e\u0441\u0442\u0440\u0430\u043d\u044f\u0432\u0430\u0442\u0435 \u0437\u043b\u043e\u0432\u0440\u0435\u0434\u0435\u043d \u0441\u043e\u0444\u0442\u0443\u0435\u0440 \u0438\u043b\u0438 \u0434\u0430 \u0441\u0435 \u0432\u044a\u0437\u043f\u043e\u043b\u0437\u0432\u0430\u0442\u0435 \u043e\u0442 \u0443\u044f\u0437\u0432\u0438\u043c\u043e\u0441\u0442\u0438 \u0432 \u0441\u0438\u0433\u0443\u0440\u043d\u043e\u0441\u0442\u0442\u0430.<br \/>\u0434\u0430 \u043d\u0435 \u0437\u043b\u043e\u0443\u043f\u043e\u0442\u0440\u0435\u0431\u044f\u0432\u0430 \u0438\u043b\u0438 \u0434\u0430 \u043d\u0435 \u0438\u0437\u043f\u043e\u043b\u0437\u0432\u0430 \u043d\u0435\u043f\u0440\u0430\u0432\u0438\u043b\u043d\u043e \u043f\u0440\u0435\u0434\u043e\u0441\u0442\u0430\u0432\u0435\u043d\u0438\u0442\u0435 \u0443\u0441\u043b\u0443\u0433\u0438.<br \/>\u0434\u0430 \u043d\u0435 \u043f\u0440\u0435\u0434\u043f\u0440\u0438\u0435\u043c\u0430\u0442 \u043f\u043e\u0432\u0435\u0434\u0435\u043d\u0438\u0435, \u043a\u043e\u0435\u0442\u043e \u043f\u0440\u0435\u0447\u0438 \u043d\u0430 \u0434\u0440\u0443\u0433\u0438 \u043f\u043e\u0442\u0440\u0435\u0431\u0438\u0442\u0435\u043b\u0438 \u0434\u0430 \u0441\u0435 \u0432\u044a\u0437\u043f\u043e\u043b\u0437\u0432\u0430\u0442 \u043e\u0442 \u043f\u0440\u0435\u0434\u043b\u0430\u0433\u0430\u043d\u0438\u0442\u0435 \u0443\u0441\u043b\u0443\u0433\u0438.<br \/>\u041f\u043e\u043b\u0438\u0442\u0438\u043a\u0430 \u0437\u0430 \u043f\u043e\u0432\u0435\u0440\u0438\u0442\u0435\u043b\u043d\u043e\u0441\u0442<\/p><p>\u041f\u0440\u043e\u0434\u044a\u043b\u0436\u0430\u0432\u0430\u0439\u043a\u0438 \u0434\u0430 \u0438\u0437\u043f\u043e\u043b\u0437\u0432\u0430\u0442\u0435 \u0442\u043e\u0437\u0438 \u0443\u0435\u0431\u0441\u0430\u0439\u0442, \u0432\u0438\u0435 \u0441\u0435 \u0441\u044a\u0433\u043b\u0430\u0441\u044f\u0432\u0430\u0442\u0435 \u0441 \u043d\u0430\u0448\u0430\u0442\u0430 \u041f\u043e\u043b\u0438\u0442\u0438\u043a\u0430 \u0437\u0430 \u043f\u043e\u0432\u0435\u0440\u0438\u0442\u0435\u043b\u043d\u043e\u0441\u0442. \u041c\u043e\u043b\u044f, \u043f\u0440\u0435\u0433\u043b\u0435\u0434\u0430\u0439\u0442\u0435 \u043d\u0430\u0448\u0430\u0442\u0430 \u041f\u043e\u043b\u0438\u0442\u0438\u043a\u0430 \u0437\u0430 \u043f\u043e\u0432\u0435\u0440\u0438\u0442\u0435\u043b\u043d\u043e\u0441\u0442, \u0437\u0430 \u0434\u0430 \u043f\u043e\u043b\u0443\u0447\u0438\u0442\u0435 \u043f\u043e\u0434\u0440\u043e\u0431\u043d\u0430 \u0438\u043d\u0444\u043e\u0440\u043c\u0430\u0446\u0438\u044f \u0437\u0430 \u0442\u043e\u0432\u0430 \u043a\u0430\u043a \u0441\u0435 \u0441\u044a\u0431\u0438\u0440\u0430\u0442, \u0438\u0437\u043f\u043e\u043b\u0437\u0432\u0430\u0442 \u0438 \u0437\u0430\u0449\u0438\u0442\u0430\u0432\u0430\u0442 \u0432\u0430\u0448\u0438\u0442\u0435 \u043b\u0438\u0447\u043d\u0438 \u0434\u0430\u043d\u043d\u0438.<\/p><p>\u041f\u0440\u0430\u0432\u0430 \u043d\u0430 \u0438\u043d\u0442\u0435\u043b\u0435\u043a\u0442\u0443\u0430\u043b\u043d\u0430 \u0441\u043e\u0431\u0441\u0442\u0432\u0435\u043d\u043e\u0441\u0442<\/p><p>\u0426\u044f\u043b\u043e\u0442\u043e \u0441\u044a\u0434\u044a\u0440\u0436\u0430\u043d\u0438\u0435, \u0434\u0438\u0437\u0430\u0439\u043d, \u043b\u043e\u0433\u043e, \u0441\u043e\u0444\u0442\u0443\u0435\u0440 \u0438 \u0434\u0440\u0443\u0433\u0438 \u043c\u0430\u0442\u0435\u0440\u0438\u0430\u043b\u0438 \u043d\u0430 \u0443\u0435\u0431\u0441\u0430\u0439\u0442\u0430, DH GIDA RESTORAN OTELC\u0130L\u0130K L\u0130M\u0130TED \u015e\u0130RKET\u0130 \u043f\u0440\u0438\u0442\u0435\u0436\u0430\u0432\u0430 \u043f\u0440\u0430\u0432\u0430 \u043d\u0430 \u0438\u043d\u0442\u0435\u043b\u0435\u043a\u0442\u0443\u0430\u043b\u043d\u0430 \u0441\u043e\u0431\u0441\u0442\u0432\u0435\u043d\u043e\u0441\u0442 \u0438 \u0430\u0432\u0442\u043e\u0440\u0441\u043a\u043e \u043f\u0440\u0430\u0432\u043e \u0438 \u0435 \u0437\u0430\u0449\u0438\u0442\u0435\u043d\u043e \u043e\u0442 \u0437\u0430\u043a\u043e\u043d\u0430 \u0437\u0430 \u0438\u043d\u0442\u0435\u043b\u0435\u043a\u0442\u0443\u0430\u043b\u043d\u0438\u0442\u0435 \u0438 \u0445\u0443\u0434\u043e\u0436\u0435\u0441\u0442\u0432\u0435\u043d\u0438\u0442\u0435 \u043f\u0440\u043e\u0438\u0437\u0432\u0435\u0434\u0435\u043d\u0438\u044f \u0438 \u0434\u0440\u0443\u0433\u0438 \u0437\u0430\u043a\u043e\u043d\u043e\u0432\u0438 \u0440\u0430\u0437\u043f\u043e\u0440\u0435\u0434\u0431\u0438. \u041d\u0435\u0440\u0430\u0437\u0440\u0435\u0448\u0435\u043d\u043e\u0442\u043e \u0438\u0437\u043f\u043e\u043b\u0437\u0432\u0430\u043d\u0435, \u043a\u043e\u043f\u0438\u0440\u0430\u043d\u0435, \u0432\u044a\u0437\u043f\u0440\u043e\u0438\u0437\u0432\u0435\u0436\u0434\u0430\u043d\u0435, \u043f\u0440\u043e\u043c\u044f\u043d\u0430 \u0438\u043b\u0438 \u0440\u0430\u0437\u043f\u0440\u043e\u0441\u0442\u0440\u0430\u043d\u0435\u043d\u0438\u0435 \u043d\u0430 \u0442\u043e\u0432\u0430 \u0441\u044a\u0434\u044a\u0440\u0436\u0430\u043d\u0438\u0435 \u0435 \u0437\u0430\u0431\u0440\u0430\u043d\u0435\u043d\u043e.<\/p><p>\u041e\u0431\u0449\u0438 \u0440\u0430\u0437\u043f\u043e\u0440\u0435\u0434\u0431\u0438<br \/>\u041f\u0440\u043e\u0434\u044a\u043b\u0436\u0430\u0432\u0430\u0439\u043a\u0438 \u0434\u0430 \u0438\u0437\u043f\u043e\u043b\u0437\u0432\u0430\u0442 \u0443\u0435\u0431\u0441\u0430\u0439\u0442\u0430, \u0432\u0441\u0438\u0447\u043a\u0438 \u043f\u043e\u0442\u0440\u0435\u0431\u0438\u0442\u0435\u043b\u0438 \u043f\u0440\u0438\u0435\u043c\u0430\u0442 \u0438 \u0441\u0435 \u0437\u0430\u0434\u044a\u043b\u0436\u0430\u0432\u0430\u0442 \u0434\u0430 \u0438\u0437\u043f\u043e\u043b\u0437\u0432\u0430\u0442 \u0442\u0430\u0437\u0438 \u043f\u043b\u0430\u0442\u0444\u043e\u0440\u043c\u0430 \u0432 \u0441\u044a\u043e\u0442\u0432\u0435\u0442\u0441\u0442\u0432\u0438\u0435 \u0441\u044a\u0441 \u0437\u0430\u043a\u043e\u043d\u0430 \u0438 \u043c\u043e\u0440\u0430\u043b\u0430 \u0438 \u0441\u0430\u043c\u043e \u0437\u0430 \u043b\u0438\u0447\u043d\u0438 \u0446\u0435\u043b\u0438, \u043a\u0430\u043a\u0442\u043e \u0438 \u0434\u0430 \u043d\u0435 \u043f\u0440\u0435\u0434\u043f\u0440\u0438\u0435\u043c\u0430\u0442 \u0434\u0435\u0439\u0441\u0442\u0432\u0438\u044f, \u043a\u043e\u0438\u0442\u043e \u043d\u0430\u0440\u0443\u0448\u0430\u0432\u0430\u0442 \u043f\u0440\u0430\u0432\u0430\u0442\u0430 \u043d\u0430 \u0442\u0440\u0435\u0442\u0438 \u0441\u0442\u0440\u0430\u043d\u0438.<br \/>\u041f\u0440\u0430\u0432\u043d\u0430\u0442\u0430 \u0438 \u043d\u0430\u043a\u0430\u0437\u0430\u0442\u0435\u043b\u043d\u0430\u0442\u0430 \u043e\u0442\u0433\u043e\u0432\u043e\u0440\u043d\u043e\u0441\u0442 \u043d\u0430 \u043f\u043e\u0442\u0440\u0435\u0431\u0438\u0442\u0435\u043b\u0438\u0442\u0435 \u0437\u0430 \u0442\u0435\u0445\u043d\u0438\u0442\u0435 \u0442\u0440\u0430\u043d\u0437\u0430\u043a\u0446\u0438\u0438 \u0438 \u0434\u0435\u0439\u0441\u0442\u0432\u0438\u044f \u0432 \u0440\u0430\u043c\u043a\u0438\u0442\u0435 \u043d\u0430 \u0443\u0435\u0431\u0441\u0430\u0439\u0442\u0430 \u0435 \u0442\u044f\u0445\u043d\u0430.<br \/>\u041f\u0440\u0430\u0432\u0438\u043c \u0432\u0441\u0438\u0447\u043a\u043e \u0432\u044a\u0437\u043c\u043e\u0436\u043d\u043e, \u0437\u0430 \u0434\u0430 \u0433\u0430\u0440\u0430\u043d\u0442\u0438\u0440\u0430\u043c\u0435 \u0442\u043e\u0447\u043d\u043e\u0441\u0442\u0442\u0430 \u0438 \u0430\u043a\u0442\u0443\u0430\u043b\u043d\u043e\u0441\u0442\u0442\u0430 \u043d\u0430 \u0438\u043d\u0444\u043e\u0440\u043c\u0430\u0446\u0438\u044f\u0442\u0430, \u0441\u044a\u0434\u044a\u0440\u0436\u0430\u0449\u0430 \u0441\u0435 \u043d\u0430 \u0443\u0435\u0431\u0441\u0430\u0439\u0442\u0430. \u0412\u044a\u043f\u0440\u0435\u043a\u0438 \u0432\u0441\u0438\u0447\u043a\u0438 \u0442\u0435\u0437\u0438 \u0443\u0441\u0438\u043b\u0438\u044f \u043e\u0431\u0430\u0447\u0435 \u0442\u0430\u0437\u0438 \u0438\u043d\u0444\u043e\u0440\u043c\u0430\u0446\u0438\u044f \u043c\u043e\u0436\u0435 \u0434\u0430 \u0438\u0437\u043e\u0441\u0442\u0430\u0432\u0430 \u043e\u0442 \u0434\u0435\u0439\u0441\u0442\u0432\u0438\u0442\u0435\u043b\u043d\u0438\u0442\u0435 \u043f\u0440\u043e\u043c\u0435\u043d\u0438 \u0438 \u0435 \u0432\u044a\u0437\u043c\u043e\u0436\u043d\u043e \u0434\u0430 \u0438\u043c\u0430 \u043d\u044f\u043a\u043e\u0438 \u0440\u0430\u0437\u043b\u0438\u043a\u0438.<br \/>\u0423\u0435\u0431\u0441\u0430\u0439\u0442\u044a\u0442 \u043c\u043e\u0436\u0435 \u0434\u0430 \u0441\u044a\u0434\u044a\u0440\u0436\u0430 \u0445\u0438\u043f\u0435\u0440\u0432\u0440\u044a\u0437\u043a\u0438 \u043a\u044a\u043c \u0434\u0440\u0443\u0433\u0438 \u0438\u043d\u0442\u0435\u0440\u043d\u0435\u0442 \u0441\u0430\u0439\u0442\u043e\u0432\u0435, \u043f\u0440\u0438\u043b\u043e\u0436\u0435\u043d\u0438\u044f \u0438 \u043f\u043b\u0430\u0442\u0444\u043e\u0440\u043c\u0438, \u0443\u043f\u0440\u0430\u0432\u043b\u044f\u0432\u0430\u043d\u0438 \u043e\u0442 \u0442\u0440\u0435\u0442\u0438 \u0441\u0442\u0440\u0430\u043d\u0438, \u0447\u0438\u0435\u0442\u043e \u0441\u044a\u0434\u044a\u0440\u0436\u0430\u043d\u0438\u0435 \u043d\u0435 \u043d\u0438 \u0435 \u0438\u0437\u0432\u0435\u0441\u0442\u043d\u043e. DH GIDA RESTORAN OTELC\u0130L\u0130K L\u0130M\u0130TED \u015e\u0130RKET\u0130 \u0441\u0430\u043c\u043e \u043e\u0441\u0438\u0433\u0443\u0440\u044f\u0432\u0430 \u0434\u043e\u0441\u0442\u044a\u043f \u0434\u043e \u0442\u0435\u0437\u0438 \u0441\u0430\u0439\u0442\u043e\u0432\u0435 \u0438 \u043d\u0435 \u043f\u043e\u0435\u043c\u0430 \u043d\u0438\u043a\u0430\u043a\u0432\u0430 \u043e\u0442\u0433\u043e\u0432\u043e\u0440\u043d\u043e\u0441\u0442 \u0437\u0430 \u0442\u044f\u0445\u043d\u043e\u0442\u043e \u0441\u044a\u0434\u044a\u0440\u0436\u0430\u043d\u0438\u0435.<br \/>\u0412\u044a\u043f\u0440\u0435\u043a\u0438 \u0447\u0435 \u043f\u0440\u0430\u0432\u0438\u043c \u0432\u0441\u0438\u0447\u043a\u043e \u0432\u044a\u0437\u043c\u043e\u0436\u043d\u043e \u0434\u0430 \u043f\u043e\u0434\u0434\u044a\u0440\u0436\u0430\u043c\u0435 \u0443\u0435\u0431\u0441\u0430\u0439\u0442\u0430 \u0441\u0432\u043e\u0431\u043e\u0434\u0435\u043d \u043e\u0442 \u0432\u0438\u0440\u0443\u0441\u0438, \u043d\u0435 \u043c\u043e\u0436\u0435\u043c \u0434\u0430 \u0433\u0430\u0440\u0430\u043d\u0442\u0438\u0440\u0430\u043c\u0435, \u0447\u0435 \u0442\u043e\u0439 \u0435 \u043d\u0430\u043f\u044a\u043b\u043d\u043e \u0441\u0432\u043e\u0431\u043e\u0434\u0435\u043d \u043e\u0442 \u0432\u0438\u0440\u0443\u0441\u0438. \u041f\u043e\u0440\u0430\u0434\u0438 \u0442\u043e\u0432\u0430 \u043e\u0442\u0433\u043e\u0432\u043e\u0440\u043d\u043e\u0441\u0442 \u043d\u0430 \u043f\u043e\u0442\u0440\u0435\u0431\u0438\u0442\u0435\u043b\u0438\u0442\u0435 \u0435 \u0434\u0430 \u0432\u0437\u0435\u043c\u0430\u0442 \u043d\u0435\u043e\u0431\u0445\u043e\u0434\u0438\u043c\u0438\u0442\u0435 \u043f\u0440\u0435\u0434\u043f\u0430\u0437\u043d\u0438 \u043c\u0435\u0440\u043a\u0438 \u0441\u0440\u0435\u0449\u0443 \u0432\u0438\u0440\u0443\u0441\u0438, \u043a\u043e\u0433\u0430\u0442\u043e \u0438\u0437\u0442\u0435\u0433\u043b\u044f\u0442 \u0434\u0430\u043d\u043d\u0438.<br \/>\u0413\u0440\u0430\u043d\u0438\u0446\u0438 \u043d\u0430 \u043e\u0442\u0433\u043e\u0432\u043e\u0440\u043d\u043e\u0441\u0442\u0442\u0430<\/p><p>DH GIDA RESTORAN OTELC\u0130L\u0130K L\u0130M\u0130TED \u015e\u0130RKET\u0130 \u043d\u0435 \u043c\u043e\u0436\u0435 \u0434\u0430 \u0431\u044a\u0434\u0435 \u0434\u044a\u0440\u0436\u0430\u043d \u043e\u0442\u0433\u043e\u0432\u043e\u0440\u0435\u043d \u0437\u0430 \u043a\u0430\u043a\u0432\u0438\u0442\u043e \u0438 \u0434\u0430 \u0431\u0438\u043b\u043e \u043f\u0440\u0435\u043a\u0438, \u043a\u043e\u0441\u0432\u0435\u043d\u0438, \u0441\u043f\u0435\u0446\u0438\u0430\u043b\u043d\u0438 \u0438\u043b\u0438 \u043d\u0430\u043a\u0430\u0437\u0430\u0442\u0435\u043b\u043d\u0438 \u0449\u0435\u0442\u0438, \u043a\u043e\u0438\u0442\u043e \u043c\u043e\u0433\u0430\u0442 \u0434\u0430 \u0432\u044a\u0437\u043d\u0438\u043a\u043d\u0430\u0442 \u043e\u0442 \u0438\u0437\u043f\u043e\u043b\u0437\u0432\u0430\u043d\u0435\u0442\u043e \u043d\u0430 \u0443\u0435\u0431\u0441\u0430\u0439\u0442\u0430. \u041d\u0430\u0448\u0438\u044f\u0442 \u0443\u0435\u0431\u0441\u0430\u0439\u0442 \u0441\u0435 \u043f\u0440\u0435\u0434\u043b\u0430\u0433\u0430 \"\u0442\u0430\u043a\u044a\u0432, \u043a\u0430\u043a\u044a\u0432\u0442\u043e \u0435\", \u0438 \u043d\u0435 \u0441\u0435 \u0434\u0430\u0432\u0430 \u043d\u0438\u043a\u0430\u043a\u0432\u0430 \u0433\u0430\u0440\u0430\u043d\u0446\u0438\u044f, \u0447\u0435 \u0449\u0435 \u0440\u0430\u0431\u043e\u0442\u0438 \u0431\u0435\u0437 \u043f\u0440\u0435\u043a\u044a\u0441\u0432\u0430\u043d\u0435 \u0438\u043b\u0438 \u0433\u0440\u0435\u0448\u043a\u0438.<\/p><p>\u0420\u0430\u0437\u0440\u0435\u0448\u0430\u0432\u0430\u043d\u0435 \u043d\u0430 \u0441\u043f\u043e\u0440\u043e\u0432\u0435<\/p><p>\u0421\u044a\u0434\u0438\u043b\u0438\u0449\u0430\u0442\u0430 \u0438 \u0438\u0437\u043f\u044a\u043b\u043d\u0438\u0442\u0435\u043b\u043d\u0438\u0442\u0435 \u0441\u043b\u0443\u0436\u0431\u0438 \u0432 \u041e\u0434\u0440\u0438\u043d \u0441\u0430 \u043a\u043e\u043c\u043f\u0435\u0442\u0435\u043d\u0442\u043d\u0438 \u043f\u043e \u0441\u043f\u043e\u0440\u043e\u0432\u0435, \u043a\u043e\u0438\u0442\u043e \u043c\u043e\u0433\u0430\u0442 \u0434\u0430 \u0432\u044a\u0437\u043d\u0438\u043a\u043d\u0430\u0442 \u043e\u0442 \u0438\u0437\u043f\u043e\u043b\u0437\u0432\u0430\u043d\u0435\u0442\u043e \u043d\u0430 \u0442\u043e\u0437\u0438 \u0443\u0435\u0431\u0441\u0430\u0439\u0442. \u0422\u0435\u0437\u0438 \u0443\u0441\u043b\u043e\u0432\u0438\u044f \u0441\u0435 \u0442\u044a\u043b\u043a\u0443\u0432\u0430\u0442 \u0438 \u043f\u0440\u0438\u043b\u0430\u0433\u0430\u0442 \u0432 \u0441\u044a\u043e\u0442\u0432\u0435\u0442\u0441\u0442\u0432\u0438\u0435 \u0441\u044a\u0441 \u0437\u0430\u043a\u043e\u043d\u0438\u0442\u0435 \u043d\u0430 \u0422\u0443\u0440\u0446\u0438\u044f.<\/p><p>\u0417\u0430\u043a\u043b\u044e\u0447\u0438\u0442\u0435\u043b\u043d\u0438 \u0440\u0430\u0437\u043f\u043e\u0440\u0435\u0434\u0431\u0438<\/p><p>\u0422\u0435\u0437\u0438 \u0423\u0441\u043b\u043e\u0432\u0438\u044f \u0437\u0430 \u043f\u043e\u043b\u0437\u0432\u0430\u043d\u0435 \u0432\u043b\u044f\u0437\u043e\u0445\u0430 \u0432 \u0441\u0438\u043b\u0430 \u043d\u0430 6 \u043e\u043a\u0442\u043e\u043c\u0432\u0440\u0438 2025 \u0433. \u0438 \u0430\u043a\u043e \u043f\u0440\u043e\u0434\u044a\u043b\u0436\u0438\u0442\u0435 \u0434\u0430 \u0438\u0437\u043f\u043e\u043b\u0437\u0432\u0430\u0442\u0435 \u0423\u0435\u0431\u0441\u0430\u0439\u0442\u0430, \u0449\u0435 \u0441\u0435 \u0441\u0447\u0438\u0442\u0430, \u0447\u0435 \u043f\u0440\u0438\u0435\u043c\u0430\u0442\u0435 \u0442\u0435\u0437\u0438 \u0423\u0441\u043b\u043e\u0432\u0438\u044f \u0437\u0430 \u043f\u043e\u043b\u0437\u0432\u0430\u043d\u0435. \u041d\u0435\u0434\u0435\u0439\u0441\u0442\u0432\u0438\u0442\u0435\u043b\u043d\u043e\u0441\u0442\u0442\u0430 \u043d\u0430 \u043a\u043e\u044f\u0442\u043e \u0438 \u0434\u0430 \u0435 \u0440\u0430\u0437\u043f\u043e\u0440\u0435\u0434\u0431\u0430 \u0432 \u0423\u0441\u043b\u043e\u0432\u0438\u044f\u0442\u0430 \u0437\u0430 \u043f\u043e\u043b\u0437\u0432\u0430\u043d\u0435 \u043d\u0435 \u0437\u0430\u0441\u044f\u0433\u0430 \u0434\u0435\u0439\u0441\u0442\u0432\u0438\u0442\u0435\u043b\u043d\u043e\u0441\u0442\u0442\u0430 \u043d\u0430 \u043e\u0441\u0442\u0430\u043d\u0430\u043b\u0438\u0442\u0435 \u0440\u0430\u0437\u043f\u043e\u0440\u0435\u0434\u0431\u0438.<\/p>\t\t\t\t\t\t\t\t<\/div>\n\t\t\t\t\t<\/div>\n\t\t\t\t<\/div>\n\t\t\t\t<\/div>","protected":false},"excerpt":{"rendered":"<p>Bu Kullan\u0131m Ko\u015fullar\u0131, https:\/\/rustempasakervansaray.com.tr\/ adresindeki \u0130nternet sitesini kullan\u0131rken uyman\u0131z gereken kurallar\u0131 i\u00e7ermektedir. L\u00fctfen \u0130nternet sitesini kullanmaya devam etmeden \u00f6nce bu ko\u015fullar\u0131 dikkatli bir \u015fekilde okuyunuz. Kapsam ve De\u011fi\u015fiklikler https:\/\/rustempasakervansaray.com.tr\/ adresindeki \u0130nternet sitesi, DH GIDA RESTORAN OTELC\u0130L\u0130K L\u0130M\u0130TED \u015e\u0130RKET\u0130 taraf\u0131ndan i\u015fletilmektedir. Bu Kullan\u0131m Ko\u015fullar\u0131, \u0130nternet sitesi kullan\u0131m\u0131 s\u0131ras\u0131nda uygulanacak kurallar\u0131 ve taraflar\u0131n hak ve y\u00fck\u00fcml\u00fcl\u00fcklerini belirlemektedir. [&hellip;]<\/p>","protected":false},"author":2,"featured_media":0,"parent":0,"menu_order":0,"comment_status":"closed","ping_status":"closed","template":"","meta":{"footnotes":""},"class_list":["post-2692","page","type-page","status-publish","hentry"],"_links":{"self":[{"href":"https:\/\/rustempasakervansaray.com.tr\/bg\/wp-json\/wp\/v2\/pages\/2692","targetHints":{"allow":["GET"]}}],"collection":[{"href":"https:\/\/rustempasakervansaray.com.tr\/bg\/wp-json\/wp\/v2\/pages"}],"about":[{"href":"https:\/\/rustempasakervansaray.com.tr\/bg\/wp-json\/wp\/v2\/types\/page"}],"author":[{"embeddable":true,"href":"https:\/\/rustempasakervansaray.com.tr\/bg\/wp-json\/wp\/v2\/users\/2"}],"replies":[{"embeddable":true,"href":"https:\/\/rustempasakervansaray.com.tr\/bg\/wp-json\/wp\/v2\/comments?post=2692"}],"version-history":[{"count":7,"href":"https:\/\/rustempasakervansaray.com.tr\/bg\/wp-json\/wp\/v2\/pages\/2692\/revisions"}],"predecessor-version":[{"id":2762,"href":"https:\/\/rustempasakervansaray.com.tr\/bg\/wp-json\/wp\/v2\/pages\/2692\/revisions\/2762"}],"wp:attachment":[{"href":"https:\/\/rustempasakervansaray.com.tr\/bg\/wp-json\/wp\/v2\/media?parent=2692"}],"curies":[{"name":"wp","href":"https:\/\/api.w.org\/{rel}","templated":true}]}}