{"id":2657,"date":"2025-10-06T05:13:20","date_gmt":"2025-10-06T02:13:20","guid":{"rendered":"https:\/\/rustempasakervansaray.com.tr\/?page_id=2657"},"modified":"2025-10-06T08:02:59","modified_gmt":"2025-10-06T05:02:59","slug":"iletisim","status":"publish","type":"page","link":"https:\/\/rustempasakervansaray.com.tr\/bg\/iletisim\/","title":{"rendered":"\u0421\u0432\u044a\u0440\u0436\u0435\u0442\u0435 \u0441\u0435 \u0441"},"content":{"rendered":"<div data-elementor-type=\"wp-page\" data-elementor-id=\"2657\" class=\"elementor elementor-2657\" data-elementor-post-type=\"page\">\n\t\t\t\t<div class=\"elementor-element elementor-element-73a985e e-flex e-con-boxed e-con e-parent\" data-id=\"73a985e\" data-element_type=\"container\" data-settings=\"{&quot;background_background&quot;:&quot;classic&quot;}\">\n\t\t\t\t\t<div class=\"e-con-inner\">\n\t\t\t\t\t<\/div>\n\t\t\t\t<\/div>\n\t\t<div class=\"elementor-element elementor-element-5ad3e14 e-flex e-con-boxed e-con e-parent\" data-id=\"5ad3e14\" data-element_type=\"container\">\n\t\t\t\t\t<div class=\"e-con-inner\">\n\t\t<div class=\"elementor-element elementor-element-60ceaaa e-con-full e-flex e-con e-child\" data-id=\"60ceaaa\" data-element_type=\"container\">\n\t\t<div class=\"elementor-element elementor-element-c85987e e-con-full e-flex e-con e-child\" data-id=\"c85987e\" data-element_type=\"container\">\n\t\t\t\t<div class=\"elementor-element elementor-element-5adf71e elementor-widget elementor-widget-heading\" data-id=\"5adf71e\" data-element_type=\"widget\" data-widget_type=\"heading.default\">\n\t\t\t\t\t<p class=\"elementor-heading-title elementor-size-default\">\u0414\u0430\u043d\u043d\u0438 \u0437\u0430 \u043a\u043e\u043d\u0442\u0430\u043a\u0442<\/p>\t\t\t\t<\/div>\n\t\t<div class=\"elementor-element elementor-element-7aa75dd e-con-full e-flex e-con e-child\" data-id=\"7aa75dd\" data-element_type=\"container\">\n\t\t<a class=\"elementor-element elementor-element-1481786 e-con-full e-flex e-con e-child\" data-id=\"1481786\" data-element_type=\"container\" href=\"mailto:info@rustempasakervansaray.com.tr\">\n\t\t<div class=\"elementor-element elementor-element-316ff0b e-con-full e-flex e-con e-child\" data-id=\"316ff0b\" data-element_type=\"container\">\n\t\t\t\t<div class=\"elementor-element elementor-element-8186094 elementor-view-default elementor-widget elementor-widget-icon\" data-id=\"8186094\" data-element_type=\"widget\" data-widget_type=\"icon.default\">\n\t\t\t\t\t\t\t<div class=\"elementor-icon-wrapper\">\n\t\t\t<div class=\"elementor-icon\">\n\t\t\t<svg aria-hidden=\"true\" class=\"e-font-icon-svg e-far-envelope\" viewbox=\"0 0 512 512\" xmlns=\"http:\/\/www.w3.org\/2000\/svg\"><path d=\"M464 64H48C21.49 64 0 85.49 0 112v288c0 26.51 21.49 48 48 48h416c26.51 0 48-21.49 48-48V112c0-26.51-21.49-48-48-48zm0 48v40.805c-22.422 18.259-58.168 46.651-134.587 106.49-16.841 13.247-50.201 45.072-73.413 44.701-23.208.375-56.579-31.459-73.413-44.701C106.18 199.465 70.425 171.067 48 152.805V112h416zM48 400V214.398c22.914 18.251 55.409 43.862 104.938 82.646 21.857 17.205 60.134 55.186 103.062 54.955 42.717.231 80.509-37.199 103.053-54.947 49.528-38.783 82.032-64.401 104.947-82.653V400H48z\"><\/path><\/svg>\t\t\t<\/div>\n\t\t<\/div>\n\t\t\t\t\t\t<\/div>\n\t\t\t\t<\/div>\n\t\t<div class=\"elementor-element elementor-element-11bdf94 e-con-full e-flex e-con e-child\" data-id=\"11bdf94\" data-element_type=\"container\">\n\t\t\t\t<div class=\"elementor-element elementor-element-b6d6884 elementor-widget elementor-widget-heading\" data-id=\"b6d6884\" data-element_type=\"widget\" data-widget_type=\"heading.default\">\n\t\t\t\t\t<p class=\"elementor-heading-title elementor-size-default\">\u0418\u0437\u043f\u0440\u0430\u0449\u0430\u043d\u0435 \u043d\u0430 \u043f\u043e\u0449\u0430<\/p>\t\t\t\t<\/div>\n\t\t\t\t<\/div>\n\t\t\t\t<\/a>\n\t\t<a class=\"elementor-element elementor-element-ddff7ef e-con-full e-flex e-con e-child\" data-id=\"ddff7ef\" data-element_type=\"container\" href=\"tel:+90%20501%20066%2002%2000\" target=\"_blank\" rel=\"nofollow\">\n\t\t<div class=\"elementor-element elementor-element-7a6b462 e-con-full e-flex e-con e-child\" data-id=\"7a6b462\" data-element_type=\"container\">\n\t\t\t\t<div class=\"elementor-element elementor-element-89aa9a5 elementor-view-default elementor-widget elementor-widget-icon\" data-id=\"89aa9a5\" data-element_type=\"widget\" data-widget_type=\"icon.default\">\n\t\t\t\t\t\t\t<div class=\"elementor-icon-wrapper\">\n\t\t\t<div class=\"elementor-icon\">\n\t\t\t<i aria-hidden=\"true\" class=\"lnr lnr-phone-handset\"><\/i>\t\t\t<\/div>\n\t\t<\/div>\n\t\t\t\t\t\t<\/div>\n\t\t\t\t<\/div>\n\t\t<div class=\"elementor-element elementor-element-337f6d8 e-con-full e-flex e-con e-child\" data-id=\"337f6d8\" data-element_type=\"container\">\n\t\t\t\t<div class=\"elementor-element elementor-element-ef3890a elementor-widget elementor-widget-heading\" data-id=\"ef3890a\" data-element_type=\"widget\" data-widget_type=\"heading.default\">\n\t\t\t\t\t<p class=\"elementor-heading-title elementor-size-default\">+90 501 066 02 00<\/p>\t\t\t\t<\/div>\n\t\t\t\t<\/div>\n\t\t\t\t<\/a>\n\t\t<a class=\"elementor-element elementor-element-0d57ffa e-con-full e-flex e-con e-child\" data-id=\"0d57ffa\" data-element_type=\"container\" href=\"https:\/\/www.instagram.com\/rustempasakervansarayhotel\/\" target=\"_blank\" rel=\"nofollow\">\n\t\t<div class=\"elementor-element elementor-element-e2fcb80 e-con-full e-flex e-con e-child\" data-id=\"e2fcb80\" data-element_type=\"container\">\n\t\t\t\t<div class=\"elementor-element elementor-element-daf97e6 elementor-view-default elementor-widget elementor-widget-icon\" data-id=\"daf97e6\" data-element_type=\"widget\" data-widget_type=\"icon.default\">\n\t\t\t\t\t\t\t<div class=\"elementor-icon-wrapper\">\n\t\t\t<div class=\"elementor-icon\">\n\t\t\t<svg aria-hidden=\"true\" class=\"e-font-icon-svg e-fab-instagram\" viewbox=\"0 0 448 512\" xmlns=\"http:\/\/www.w3.org\/2000\/svg\"><path d=\"M224.1 141c-63.6 0-114.9 51.3-114.9 114.9s51.3 114.9 114.9 114.9S339 319.5 339 255.9 287.7 141 224.1 141zm0 189.6c-41.1 0-74.7-33.5-74.7-74.7s33.5-74.7 74.7-74.7 74.7 33.5 74.7 74.7-33.6 74.7-74.7 74.7zm146.4-194.3c0 14.9-12 26.8-26.8 26.8-14.9 0-26.8-12-26.8-26.8s12-26.8 26.8-26.8 26.8 12 26.8 26.8zm76.1 27.2c-1.7-35.9-9.9-67.7-36.2-93.9-26.2-26.2-58-34.4-93.9-36.2-37-2.1-147.9-2.1-184.9 0-35.8 1.7-67.6 9.9-93.9 36.1s-34.4 58-36.2 93.9c-2.1 37-2.1 147.9 0 184.9 1.7 35.9 9.9 67.7 36.2 93.9s58 34.4 93.9 36.2c37 2.1 147.9 2.1 184.9 0 35.9-1.7 67.7-9.9 93.9-36.2 26.2-26.2 34.4-58 36.2-93.9 2.1-37 2.1-147.8 0-184.8zM398.8 388c-7.8 19.6-22.9 34.7-42.6 42.6-29.5 11.7-99.5 9-132.1 9s-102.7 2.6-132.1-9c-19.6-7.8-34.7-22.9-42.6-42.6-11.7-29.5-9-99.5-9-132.1s-2.6-102.7 9-132.1c7.8-19.6 22.9-34.7 42.6-42.6 29.5-11.7 99.5-9 132.1-9s102.7-2.6 132.1 9c19.6 7.8 34.7 22.9 42.6 42.6 11.7 29.5 9 99.5 9 132.1s2.7 102.7-9 132.1z\"><\/path><\/svg>\t\t\t<\/div>\n\t\t<\/div>\n\t\t\t\t\t\t<\/div>\n\t\t\t\t<\/div>\n\t\t<div class=\"elementor-element elementor-element-07124a7 e-con-full e-flex e-con e-child\" data-id=\"07124a7\" data-element_type=\"container\">\n\t\t\t\t<div class=\"elementor-element elementor-element-148eb59 elementor-widget elementor-widget-heading\" data-id=\"148eb59\" data-element_type=\"widget\" data-widget_type=\"heading.default\">\n\t\t\t\t\t<p class=\"elementor-heading-title elementor-size-default\">\u0421\u0442\u0440\u0430\u043d\u0438\u0446\u0430 \u0432 Instagram<\/p>\t\t\t\t<\/div>\n\t\t\t\t<\/div>\n\t\t\t\t<\/a>\n\t\t<a class=\"elementor-element elementor-element-070d562 e-con-full e-flex e-con e-child\" data-id=\"070d562\" data-element_type=\"container\" href=\"https:\/\/www.facebook.com\/people\/R%C3%BCstem-Pa%C5%9Fa-Kervansaray-Hotel\/61559900040111\/\" target=\"_blank\" rel=\"nofollow\">\n\t\t<div class=\"elementor-element elementor-element-e6281bd e-con-full e-flex e-con e-child\" data-id=\"e6281bd\" data-element_type=\"container\">\n\t\t\t\t<div class=\"elementor-element elementor-element-0f951b9 elementor-view-default elementor-widget elementor-widget-icon\" data-id=\"0f951b9\" data-element_type=\"widget\" data-widget_type=\"icon.default\">\n\t\t\t\t\t\t\t<div class=\"elementor-icon-wrapper\">\n\t\t\t<div class=\"elementor-icon\">\n\t\t\t<svg aria-hidden=\"true\" class=\"e-font-icon-svg e-fab-facebook-f\" viewbox=\"0 0 320 512\" xmlns=\"http:\/\/www.w3.org\/2000\/svg\"><path d=\"M279.14 288l14.22-92.66h-88.91v-60.13c0-25.35 12.42-50.06 52.24-50.06h40.42V6.26S260.43 0 225.36 0c-73.22 0-121.08 44.38-121.08 124.72v70.62H22.89V288h81.39v224h100.17V288z\"><\/path><\/svg>\t\t\t<\/div>\n\t\t<\/div>\n\t\t\t\t\t\t<\/div>\n\t\t\t\t<\/div>\n\t\t<div class=\"elementor-element elementor-element-5149f77 e-con-full e-flex e-con e-child\" data-id=\"5149f77\" data-element_type=\"container\">\n\t\t\t\t<div class=\"elementor-element elementor-element-4b005e2 elementor-widget elementor-widget-heading\" data-id=\"4b005e2\" data-element_type=\"widget\" data-widget_type=\"heading.default\">\n\t\t\t\t\t<p class=\"elementor-heading-title elementor-size-default\">\u0421\u0442\u0440\u0430\u043d\u0438\u0446\u0430 \u0432\u044a\u0432 Facebook<\/p>\t\t\t\t<\/div>\n\t\t\t\t<\/div>\n\t\t\t\t<\/a>\n\t\t<div class=\"elementor-element elementor-element-38cc4df e-con-full e-flex e-con e-child\" data-id=\"38cc4df\" data-element_type=\"container\">\n\t\t<div class=\"elementor-element elementor-element-19bccad e-con-full e-flex e-con e-child\" data-id=\"19bccad\" data-element_type=\"container\">\n\t\t\t\t<div class=\"elementor-element elementor-element-126e526 elementor-view-default elementor-widget elementor-widget-icon\" data-id=\"126e526\" data-element_type=\"widget\" data-widget_type=\"icon.default\">\n\t\t\t\t\t\t\t<div class=\"elementor-icon-wrapper\">\n\t\t\t<div class=\"elementor-icon\">\n\t\t\t<svg aria-hidden=\"true\" class=\"e-font-icon-svg e-far-map\" viewbox=\"0 0 576 512\" xmlns=\"http:\/\/www.w3.org\/2000\/svg\"><path d=\"M560.02 32c-1.96 0-3.98.37-5.96 1.16L384.01 96H384L212 35.28A64.252 64.252 0 0 0 191.76 32c-6.69 0-13.37 1.05-19.81 3.14L20.12 87.95A32.006 32.006 0 0 0 0 117.66v346.32C0 473.17 7.53 480 15.99 480c1.96 0 3.97-.37 5.96-1.16L192 416l172 60.71a63.98 63.98 0 0 0 40.05.15l151.83-52.81A31.996 31.996 0 0 0 576 394.34V48.02c0-9.19-7.53-16.02-15.98-16.02zM224 90.42l128 45.19v285.97l-128-45.19V90.42zM48 418.05V129.07l128-44.53v286.2l-.64.23L48 418.05zm480-35.13l-128 44.53V141.26l.64-.24L528 93.95v288.97z\"><\/path><\/svg>\t\t\t<\/div>\n\t\t<\/div>\n\t\t\t\t\t\t<\/div>\n\t\t\t\t<\/div>\n\t\t<div class=\"elementor-element elementor-element-2c4e644 e-con-full e-flex e-con e-child\" data-id=\"2c4e644\" data-element_type=\"container\">\n\t\t\t\t<div class=\"elementor-element elementor-element-d0d995d elementor-widget elementor-widget-heading\" data-id=\"d0d995d\" data-element_type=\"widget\" data-widget_type=\"heading.default\">\n\t\t\t\t\t<p class=\"elementor-heading-title elementor-size-default\">Sabuni, 22100 Edirne Centre\/Edirne<\/p>\t\t\t\t<\/div>\n\t\t\t\t<\/div>\n\t\t\t\t<\/div>\n\t\t\t\t<\/div>\n\t\t\t\t<\/div>\n\t\t<div class=\"elementor-element elementor-element-0a5843e e-con-full e-flex e-con e-child\" data-id=\"0a5843e\" data-element_type=\"container\">\n\t\t\t\t<div class=\"elementor-element elementor-element-6e089f6 elementor-widget elementor-widget-heading\" data-id=\"6e089f6\" data-element_type=\"widget\" data-widget_type=\"heading.default\">\n\t\t\t\t\t<p class=\"elementor-heading-title elementor-size-default\">\u0424\u043e\u0440\u043c\u0443\u043b\u044f\u0440 \u0437\u0430 \u043a\u043e\u043d\u0442\u0430\u043a\u0442<\/p>\t\t\t\t<\/div>\n\t\t\t\t<div class=\"elementor-element elementor-element-2ba0f89 elementor-button-align-stretch elementor-widget elementor-widget-form\" data-id=\"2ba0f89\" data-element_type=\"widget\" data-settings=\"{&quot;step_next_label&quot;:&quot;Next&quot;,&quot;step_previous_label&quot;:&quot;Previous&quot;,&quot;button_width&quot;:&quot;100&quot;,&quot;step_type&quot;:&quot;number_text&quot;,&quot;step_icon_shape&quot;:&quot;circle&quot;}\" data-widget_type=\"form.default\">\n\t\t\t\t\t\t\t<form class=\"elementor-form\" method=\"post\" name=\"New Form\" aria-label=\"\u041d\u043e\u0432 \u0444\u043e\u0440\u043c\u0443\u043b\u044f\u0440\" novalidate=\"\" action=\"\">\n\t\t\t<input type=\"hidden\" name=\"post_id\" value=\"2657\"\/>\n\t\t\t<input type=\"hidden\" name=\"form_id\" value=\"2ba0f89\"\/>\n\t\t\t<input type=\"hidden\" name=\"referer_title\" value=\"\u0130leti\u015fim\" \/>\n\n\t\t\t\t\t\t\t<input type=\"hidden\" name=\"queried_id\" value=\"2657\"\/>\n\t\t\t\n\t\t\t<div class=\"elementor-form-fields-wrapper elementor-labels-\">\n\t\t\t\t\t\t\t\t<div class=\"elementor-field-type-text elementor-field-group elementor-column elementor-field-group-name elementor-col-50 elementor-field-required\">\n\t\t\t\t\t\t\t\t\t\t\t\t<label for=\"form-field-name\" class=\"elementor-field-label elementor-screen-only\">\n\t\t\t\t\t\t\t\t\u0412\u0430\u0448\u0435\u0442\u043e \u0438\u043c\u0435\t\t\t\t\t\t\t<\/label>\n\t\t\t\t\t\t\t\t\t\t\t\t\t\t<input size=\"1\" type=\"text\" name=\"form_fields[name]\" id=\"form-field-name\" class=\"elementor-field elementor-size-sm  elementor-field-textual\" placeholder=\"\u0412\u0430\u0448\u0435\u0442\u043e \u0438\u043c\u0435\" required=\"required\">\n\t\t\t\t\t\t\t\t\t\t\t<\/div>\n\t\t\t\t\t\t\t\t<div class=\"elementor-field-type-text elementor-field-group elementor-column elementor-field-group-field_9ef97c9 elementor-col-50 elementor-field-required\">\n\t\t\t\t\t\t\t\t\t\t\t\t<label for=\"form-field-field_9ef97c9\" class=\"elementor-field-label elementor-screen-only\">\n\t\t\t\t\t\t\t\t\u0424\u0430\u043c\u0438\u043b\u0438\u044f\t\t\t\t\t\t\t<\/label>\n\t\t\t\t\t\t\t\t\t\t\t\t\t\t<input size=\"1\" type=\"text\" name=\"form_fields[field_9ef97c9]\" id=\"form-field-field_9ef97c9\" class=\"elementor-field elementor-size-sm  elementor-field-textual\" placeholder=\"\u0424\u0430\u043c\u0438\u043b\u0438\u044f\" required=\"required\">\n\t\t\t\t\t\t\t\t\t\t\t<\/div>\n\t\t\t\t\t\t\t\t<div class=\"elementor-field-type-email elementor-field-group elementor-column elementor-field-group-email elementor-col-50 elementor-field-required\">\n\t\t\t\t\t\t\t\t\t\t\t\t<label for=\"form-field-email\" class=\"elementor-field-label elementor-screen-only\">\n\t\t\t\t\t\t\t\t\u0412\u0430\u0448\u0438\u044f\u0442 \u0438\u043c\u0435\u0439\u043b \u0430\u0434\u0440\u0435\u0441\t\t\t\t\t\t\t<\/label>\n\t\t\t\t\t\t\t\t\t\t\t\t\t\t<input size=\"1\" type=\"email\" name=\"form_fields[email]\" id=\"form-field-email\" class=\"elementor-field elementor-size-sm  elementor-field-textual\" placeholder=\"\u0412\u0430\u0448\u0438\u044f\u0442 \u0438\u043c\u0435\u0439\u043b \u0430\u0434\u0440\u0435\u0441\" required=\"required\">\n\t\t\t\t\t\t\t\t\t\t\t<\/div>\n\t\t\t\t\t\t\t\t<div class=\"elementor-field-type-tel elementor-field-group elementor-column elementor-field-group-field_717f563 elementor-col-50 elementor-field-required\">\n\t\t\t\t\t\t\t\t\t\t\t\t<label for=\"form-field-field_717f563\" class=\"elementor-field-label elementor-screen-only\">\n\t\t\t\t\t\t\t\t\u0412\u0430\u0448\u0438\u044f\u0442 \u0442\u0435\u043b\u0435\u0444\u043e\u043d\u0435\u043d \u043d\u043e\u043c\u0435\u0440\t\t\t\t\t\t\t<\/label>\n\t\t\t\t\t\t\t\t<input size=\"1\" type=\"tel\" name=\"form_fields[field_717f563]\" id=\"form-field-field_717f563\" class=\"elementor-field elementor-size-sm  elementor-field-textual\" placeholder=\"\u0412\u0430\u0448\u0438\u044f\u0442 \u0442\u0435\u043b\u0435\u0444\u043e\u043d\u0435\u043d \u043d\u043e\u043c\u0435\u0440\" required=\"required\" pattern=\"[0-9()#&amp;+*-=.]+\" title=\"\u041f\u0440\u0438\u0435\u043c\u0430\u0442 \u0441\u0435 \u0441\u0430\u043c\u043e \u0446\u0438\u0444\u0440\u0438 \u0438 \u0442\u0435\u043b\u0435\u0444\u043e\u043d\u043d\u0438 \u0441\u0438\u043c\u0432\u043e\u043b\u0438 (#, -, * \u0438 \u0434\u0440.).\" data-no-translation-title=\"\">\n\n\t\t\t\t\t\t<\/div>\n\t\t\t\t\t\t\t\t<div class=\"elementor-field-type-textarea elementor-field-group elementor-column elementor-field-group-message elementor-col-100 elementor-field-required\">\n\t\t\t\t\t\t\t\t\t\t\t\t<label for=\"form-field-message\" class=\"elementor-field-label elementor-screen-only\">\n\t\t\t\t\t\t\t\t\u0412\u0430\u0448\u0435\u0442\u043e \u0441\u044a\u043e\u0431\u0449\u0435\u043d\u0438\u0435\t\t\t\t\t\t\t<\/label>\n\t\t\t\t\t\t<textarea class=\"elementor-field-textual elementor-field  elementor-size-sm\" name=\"form_fields[message]\" id=\"form-field-message\" rows=\"4\" placeholder=\"\u0412\u0430\u0448\u0435\u0442\u043e \u0441\u044a\u043e\u0431\u0449\u0435\u043d\u0438\u0435\" required=\"required\"><\/textarea>\t\t\t\t<\/div>\n\t\t\t\t\t\t\t\t<div class=\"elementor-field-group elementor-column elementor-field-type-submit elementor-col-100 e-form__buttons\">\n\t\t\t\t\t<button class=\"elementor-button elementor-size-sm\" type=\"submit\">\n\t\t\t\t\t\t<span class=\"elementor-button-content-wrapper\">\n\t\t\t\t\t\t\t\t\t\t\t\t\t\t\t\t\t\t\t\t\t\t<span class=\"elementor-button-text\">\u0418\u0417\u041f\u0420\u0410\u0422\u0418<\/span>\n\t\t\t\t\t\t\t\t\t\t\t\t\t<\/span>\n\t\t\t\t\t<\/button>\n\t\t\t\t<\/div>\n\t\t\t<\/div>\n\t\t<input type=\"hidden\" name=\"trp-form-language\" value=\"bg\"\/><\/form>\n\t\t\t\t\t\t<\/div>\n\t\t\t\t<\/div>\n\t\t\t\t<\/div>\n\t\t\t\t\t<\/div>\n\t\t\t\t<\/div>\n\t\t\t\t<\/div>","protected":false},"excerpt":{"rendered":"<p>\u0130leti\u015fim Bilgileri Mail G\u00f6nder +90 501 066 02 00 Instagram Sayfam\u0131z Facebook Sayfam\u0131z Sabuni, 22100 Edirne Merkez\/Edirne \u0130leti\u015fim Formu<\/p>","protected":false},"author":2,"featured_media":0,"parent":0,"menu_order":0,"comment_status":"closed","ping_status":"closed","template":"","meta":{"footnotes":""},"class_list":["post-2657","page","type-page","status-publish","hentry"],"_links":{"self":[{"href":"https:\/\/rustempasakervansaray.com.tr\/bg\/wp-json\/wp\/v2\/pages\/2657","targetHints":{"allow":["GET"]}}],"collection":[{"href":"https:\/\/rustempasakervansaray.com.tr\/bg\/wp-json\/wp\/v2\/pages"}],"about":[{"href":"https:\/\/rustempasakervansaray.com.tr\/bg\/wp-json\/wp\/v2\/types\/page"}],"author":[{"embeddable":true,"href":"https:\/\/rustempasakervansaray.com.tr\/bg\/wp-json\/wp\/v2\/users\/2"}],"replies":[{"embeddable":true,"href":"https:\/\/rustempasakervansaray.com.tr\/bg\/wp-json\/wp\/v2\/comments?post=2657"}],"version-history":[{"count":46,"href":"https:\/\/rustempasakervansaray.com.tr\/bg\/wp-json\/wp\/v2\/pages\/2657\/revisions"}],"predecessor-version":[{"id":2824,"href":"https:\/\/rustempasakervansaray.com.tr\/bg\/wp-json\/wp\/v2\/pages\/2657\/revisions\/2824"}],"wp:attachment":[{"href":"https:\/\/rustempasakervansaray.com.tr\/bg\/wp-json\/wp\/v2\/media?parent=2657"}],"curies":[{"name":"wp","href":"https:\/\/api.w.org\/{rel}","templated":true}]}}